{"id":6293,"date":"2025-07-29T11:55:17","date_gmt":"2025-07-29T11:55:17","guid":{"rendered":"https:\/\/happyrentalbike.com\/product\/visite-privee\/"},"modified":"2026-03-20T10:38:30","modified_gmt":"2026-03-20T10:38:30","slug":"visite-privee","status":"publish","type":"product","link":"https:\/\/happyrentalbike.com\/fr\/produit\/visite-privee\/","title":{"rendered":"Visite priv\u00e9e"},"content":{"rendered":"<p><span class=\"elementor-drop-cap\"><span class=\"elementor-drop-cap-letter\">E<\/span><\/span>xp\u00e9rimentez la visite priv\u00e9e de Barcelone en fonction de vos int\u00e9r\u00eats, de votre rythme et de vos pr\u00e9f\u00e9rences. Qu&#8217;il s&#8217;agisse de votre premi\u00e8re visite ou que vous souhaitiez d\u00e9couvrir des joyaux cach\u00e9s au-del\u00e0 des sentiers touristiques habituels, nos visites personnalis\u00e9es vous offrent la libert\u00e9 d&#8217;explorer la ville \u00e0 votre mani\u00e8re et avec des guides locaux. <\/p>\n","protected":false},"excerpt":{"rendered":"<p><span class=\"elementor-drop-cap\"><span class=\"elementor-drop-cap-letter\">E<\/span><\/span>xp\u00e9rimentez Barcelone gr\u00e2ce \u00e0 une visite priv\u00e9e adapt\u00e9e \u00e0 vos int\u00e9r\u00eats, \u00e0 votre rythme et \u00e0 vos pr\u00e9f\u00e9rences. Qu&#8217;il s&#8217;agisse de votre premi\u00e8re visite ou que vous souhaitiez d\u00e9couvrir des joyaux cach\u00e9s au-del\u00e0 des sentiers touristiques habituels, nos visites personnalis\u00e9es vous offrent la libert\u00e9 d&#8217;explorer la ville \u00e0 votre mani\u00e8re. <\/p>\n<hr>\n<p><strong><span style=\"color: #ffcc00;\">IMPORTANT :  <\/span><\/strong><\/p>\n<p><strong><span style=\"color: #ffcc00;\">L&#8217;\u00e2ge minimum pour les v\u00e9hicules \u00e9lectriques est de 16 ans.<\/span><\/strong><\/p>\n<p>&nbsp;<\/p>\n","protected":false},"featured_media":4749,"template":"","meta":{"_joinchat":[]},"product_brand":[],"product_cat":[169],"product_tag":[],"class_list":{"0":"post-6293","1":"product","2":"type-product","3":"status-publish","4":"has-post-thumbnail","6":"product_cat-les-visites-guidees","7":"description-off","9":"first","10":"instock","11":"shipping-taxable","12":"purchasable","13":"product-type-variable"},"_links":{"self":[{"href":"https:\/\/happyrentalbike.com\/fr\/wp-json\/wp\/v2\/product\/6293","targetHints":{"allow":["GET"]}}],"collection":[{"href":"https:\/\/happyrentalbike.com\/fr\/wp-json\/wp\/v2\/product"}],"about":[{"href":"https:\/\/happyrentalbike.com\/fr\/wp-json\/wp\/v2\/types\/product"}],"wp:featuredmedia":[{"embeddable":true,"href":"https:\/\/happyrentalbike.com\/fr\/wp-json\/wp\/v2\/media\/4749"}],"wp:attachment":[{"href":"https:\/\/happyrentalbike.com\/fr\/wp-json\/wp\/v2\/media?parent=6293"}],"wp:term":[{"taxonomy":"product_brand","embeddable":true,"href":"https:\/\/happyrentalbike.com\/fr\/wp-json\/wp\/v2\/product_brand?post=6293"},{"taxonomy":"product_cat","embeddable":true,"href":"https:\/\/happyrentalbike.com\/fr\/wp-json\/wp\/v2\/product_cat?post=6293"},{"taxonomy":"product_tag","embeddable":true,"href":"https:\/\/happyrentalbike.com\/fr\/wp-json\/wp\/v2\/product_tag?post=6293"}],"curies":[{"name":"wp","href":"https:\/\/api.w.org\/{rel}","templated":true}]}}