{"id":4906,"date":"2025-05-24T16:51:28","date_gmt":"2025-05-24T16:51:28","guid":{"rendered":"https:\/\/happyrentalbike.com\/product\/velos-tandem-location-a-la-journee\/"},"modified":"2026-03-19T08:18:37","modified_gmt":"2026-03-19T08:18:37","slug":"velos-tandem-location-a-la-journee","status":"publish","type":"product","link":"https:\/\/happyrentalbike.com\/fr\/produit\/velos-tandem-location-a-la-journee\/","title":{"rendered":"Location de v\u00e9los tandem"},"content":{"rendered":"<p class=\"my-0\" data-rm-block-id=\"block-1\"><strong>Partagez la balade avec notre location de v\u00e9los tandem !<\/strong><\/p>\n<p class=\"my-0\" data-rm-block-id=\"block-2\">Doublez le plaisir en explorant Barcelone ensemble ! Nos v\u00e9los tandem sont parfaits pour deux adultes ou un adulte et un enfant. Ils sont \u00e9quip\u00e9s de 4 vitesses faciles \u00e0 utiliser et de si\u00e8ges tr\u00e8s confortables pour une conduite douce et agr\u00e9able. <\/p>\n<p class=\"my-0\" data-rm-block-id=\"block-3\"><strong>Chaque location de tandem comprend<\/strong><\/p>\n<ul class=\"marker:text-textOff list-disc\">\n<li>\n<p class=\"my-0\" data-rm-block-id=\"block-4\">Cadenas en anneau sur roue ou \u00e0 cha\u00eene.<\/p>\n<\/li>\n<li>\n<p class=\"my-0\" data-rm-block-id=\"block-5\">Casque \u00e0 v\u00e9lo<\/p>\n<\/li>\n<li>\n<p class=\"my-0\" data-rm-block-id=\"block-6\">Plan d\u00e9taill\u00e9 de Barcelone<\/p>\n<\/li>\n<\/ul>\n<p class=\"my-0\" data-rm-block-id=\"block-7\"><strong>Exigences en mati\u00e8re de location :<\/strong><\/p>\n<ul class=\"marker:text-textOff list-disc\">\n<li>\n<p class=\"my-0\" data-rm-block-id=\"block-8\">Pi\u00e8ce d&#8217;identit\u00e9 ou permis de conduire en cours de validit\u00e9 (une copie sera conserv\u00e9e)<\/p>\n<\/li>\n<li>\n<p class=\"my-0\" data-rm-block-id=\"block-9\">D\u00e9p\u00f4t minimum de 150 \u20ac par tandem (carte de cr\u00e9dit ou esp\u00e8ces ; les esp\u00e8ces sont recommand\u00e9es pour \u00e9viter les retards dans les remboursements bancaires).<\/p>\n<\/li>\n<li>\n<p class=\"my-0\" data-rm-block-id=\"block-10\">Conditions g\u00e9n\u00e9rales sign\u00e9es<\/p>\n<\/li>\n<\/ul>\n","protected":false},"excerpt":{"rendered":"<p class=\"my-0\"><strong>Partagez la balade avec notre location de v\u00e9los tandem !<\/strong><\/p>\n<p class=\"my-0\">Doublez le plaisir en explorant Barcelone ensemble ! Nos v\u00e9los tandem sont parfaits pour deux adultes ou un adulte et un enfant. Ils sont \u00e9quip\u00e9s de 4 vitesses faciles \u00e0 utiliser et de si\u00e8ges tr\u00e8s confortables pour une conduite douce et agr\u00e9able. <\/p>\n<p class=\"my-0\"><strong>Chaque location de tandem comprend<\/strong><\/p>\n<ul class=\"marker:text-textOff list-disc\">\n<li>\n<p class=\"my-0\">Cadenas en anneau sur roue ou \u00e0 cha\u00eene.<\/p>\n<\/li>\n<li>\n<p class=\"my-0\">Casque \u00e0 v\u00e9lo<\/p>\n<\/li>\n<li>\n<p class=\"my-0\">Plan d\u00e9taill\u00e9 de Barcelone<\/p>\n<\/li>\n<\/ul>\n<p>&nbsp;<\/p>\n<h4 style=\"text-align: center;\"><span style=\"color: #ff0000;\"><strong>IMPORTANT :<\/strong><\/span><br \/>\n<span style=\"color: #ff0000;\"><strong>Une caution doit \u00eatre pay\u00e9e au magasin (carte de cr\u00e9dit ou esp\u00e8ces). Il est recommand\u00e9 de payer en esp\u00e8ces afin d&#8217;\u00e9viter les retards dans les remboursements bancaires. <\/strong><\/span><br \/>\n<span style=\"color: #ff0000;\"><strong>Frais : minimum 150 \u20ac par tandem.<\/strong><\/span><\/h4>\n","protected":false},"featured_media":4715,"template":"","meta":{"_joinchat":[]},"product_brand":[],"product_cat":[71,68],"product_tag":[],"class_list":{"0":"post-4906","1":"product","2":"type-product","3":"status-publish","4":"has-post-thumbnail","6":"product_cat-location","7":"product_cat-velos-tandem","8":"description-off","10":"first","11":"instock","12":"shipping-taxable","13":"purchasable","14":"product-type-redq_rental"},"_links":{"self":[{"href":"https:\/\/happyrentalbike.com\/fr\/wp-json\/wp\/v2\/product\/4906","targetHints":{"allow":["GET"]}}],"collection":[{"href":"https:\/\/happyrentalbike.com\/fr\/wp-json\/wp\/v2\/product"}],"about":[{"href":"https:\/\/happyrentalbike.com\/fr\/wp-json\/wp\/v2\/types\/product"}],"wp:featuredmedia":[{"embeddable":true,"href":"https:\/\/happyrentalbike.com\/fr\/wp-json\/wp\/v2\/media\/4715"}],"wp:attachment":[{"href":"https:\/\/happyrentalbike.com\/fr\/wp-json\/wp\/v2\/media?parent=4906"}],"wp:term":[{"taxonomy":"product_brand","embeddable":true,"href":"https:\/\/happyrentalbike.com\/fr\/wp-json\/wp\/v2\/product_brand?post=4906"},{"taxonomy":"product_cat","embeddable":true,"href":"https:\/\/happyrentalbike.com\/fr\/wp-json\/wp\/v2\/product_cat?post=4906"},{"taxonomy":"product_tag","embeddable":true,"href":"https:\/\/happyrentalbike.com\/fr\/wp-json\/wp\/v2\/product_tag?post=4906"}],"curies":[{"name":"wp","href":"https:\/\/api.w.org\/{rel}","templated":true}]}}