{"id":4905,"date":"2025-05-27T16:09:29","date_gmt":"2025-05-27T16:09:29","guid":{"rendered":"https:\/\/happyrentalbike.com\/product\/velo-ecargo-location-journaliere\/"},"modified":"2025-09-27T11:17:59","modified_gmt":"2025-09-27T11:17:59","slug":"velo-ecargo-location-journaliere","status":"publish","type":"product","link":"https:\/\/happyrentalbike.com\/fr\/produit\/velo-ecargo-location-journaliere\/","title":{"rendered":"V\u00e9lo eCargo &#8211; Location journali\u00e8re"},"content":{"rendered":"<p>Avec 7 vitesses, un si\u00e8ge confortable et un produit robuste, id\u00e9al pour transporter des enfants, id\u00e9al pour se promener avec des enfants dans la ville. Capacit\u00e9 de 256 litres. La charge maximale pour l&#8217;ensemble est de 100 kg. <\/p>\n","protected":false},"excerpt":{"rendered":"<h4>Avec 7 vitesses, un si\u00e8ge confortable et un produit robuste, id\u00e9al pour transporter des enfants, id\u00e9al pour se promener avec des enfants dans la ville. Capacit\u00e9 de 256 litres. La charge maximale pour l&#8217;ensemble est de 100 kg. <\/h4>\n<p>&nbsp;<\/p>\n<h4 style=\"text-align: center;\"><span style=\"color: #ff0000;\"><strong>IMPORTANT :<\/strong><\/span><br \/>\n<span style=\"color: #ff0000;\"><strong>Une caution doit \u00eatre pay\u00e9e au magasin (carte de cr\u00e9dit ou esp\u00e8ces). Il est recommand\u00e9 de payer en esp\u00e8ces afin d&#8217;\u00e9viter les retards dans les remboursements bancaires. <\/strong><\/span><br \/>\n<span style=\"color: #ff0000;\"><strong>Frais : entre 150\u20ac et 300\u20ac par v\u00e9lo eCargo.<\/strong><\/span><\/h4>\n<p><img fetchpriority=\"high\" decoding=\"async\" class=\"alignnone size-medium wp-image-5306 aligncenter\" src=\"https:\/\/happyrentalbike.com\/hrb\/wp-content\/uploads\/2025\/09\/soldout-300x202.png\" alt=\"\" width=\"300\" height=\"202\" srcset=\"https:\/\/happyrentalbike.com\/hrb\/wp-content\/uploads\/2025\/09\/soldout-300x202.png 300w, https:\/\/happyrentalbike.com\/hrb\/wp-content\/uploads\/2025\/09\/soldout.png 311w\" sizes=\"(max-width: 300px) 100vw, 300px\" \/><\/p>\n","protected":false},"featured_media":4745,"template":"","meta":{"_joinchat":[]},"product_brand":[],"product_cat":[71,76],"product_tag":[],"class_list":{"0":"post-4905","1":"product","2":"type-product","3":"status-publish","4":"has-post-thumbnail","6":"product_cat-location","7":"product_cat-velos-cargo","8":"description-off","10":"first","11":"instock","12":"shipping-taxable","13":"product-type-redq_rental"},"_links":{"self":[{"href":"https:\/\/happyrentalbike.com\/fr\/wp-json\/wp\/v2\/product\/4905","targetHints":{"allow":["GET"]}}],"collection":[{"href":"https:\/\/happyrentalbike.com\/fr\/wp-json\/wp\/v2\/product"}],"about":[{"href":"https:\/\/happyrentalbike.com\/fr\/wp-json\/wp\/v2\/types\/product"}],"wp:featuredmedia":[{"embeddable":true,"href":"https:\/\/happyrentalbike.com\/fr\/wp-json\/wp\/v2\/media\/4745"}],"wp:attachment":[{"href":"https:\/\/happyrentalbike.com\/fr\/wp-json\/wp\/v2\/media?parent=4905"}],"wp:term":[{"taxonomy":"product_brand","embeddable":true,"href":"https:\/\/happyrentalbike.com\/fr\/wp-json\/wp\/v2\/product_brand?post=4905"},{"taxonomy":"product_cat","embeddable":true,"href":"https:\/\/happyrentalbike.com\/fr\/wp-json\/wp\/v2\/product_cat?post=4905"},{"taxonomy":"product_tag","embeddable":true,"href":"https:\/\/happyrentalbike.com\/fr\/wp-json\/wp\/v2\/product_tag?post=4905"}],"curies":[{"name":"wp","href":"https:\/\/api.w.org\/{rel}","templated":true}]}}