{"id":4903,"date":"2025-05-27T19:46:03","date_gmt":"2025-05-27T19:46:03","guid":{"rendered":"https:\/\/happyrentalbike.com\/product\/scooter-electrique-location-a-lheure\/"},"modified":"2025-09-16T11:25:44","modified_gmt":"2025-09-16T11:25:44","slug":"scooter-electrique-location-a-lheure","status":"publish","type":"product","link":"https:\/\/happyrentalbike.com\/fr\/produit\/scooter-electrique-location-a-lheure\/","title":{"rendered":"Scooter \u00e9lectrique &#8211; Location \u00e0 l&#8217;heure"},"content":{"rendered":"<p><strong>Exigences :<\/strong><\/p>\n<ul class=\"marker:text-textOff list-disc\">\n<li>\n<p class=\"my-0\">Pi\u00e8ce d&#8217;identit\u00e9 ou permis de conduire en cours de validit\u00e9 (copie conserv\u00e9e)<\/p>\n<\/li>\n<li>\n<p class=\"my-0\">\u00e0 partir de 50 \u20ac de caution par v\u00e9lo (carte de cr\u00e9dit ou esp\u00e8ces ; les esp\u00e8ces sont recommand\u00e9es pour un remboursement plus rapide)<\/p>\n<\/li>\n<li>\n<p class=\"my-0\"><a href=\"https:\/\/happyrentalbike.com\/hrb\/?page_id=3491\" target=\"_blank\" rel=\"noopener\">Conditions<\/a> g\u00e9n\u00e9rales sign\u00e9es<\/p>\n<\/li>\n<li><strong>L&#8217;\u00e2ge minimum requis est de 16 ans !<\/strong><\/li>\n<\/ul>\n","protected":false},"excerpt":{"rendered":"<p><strong>Exigences :<\/strong><\/p>\n<ul class=\"marker:text-textOff list-disc\">\n<li>\n<p class=\"my-0\">Pi\u00e8ce d&#8217;identit\u00e9 ou permis de conduire en cours de validit\u00e9 (copie conserv\u00e9e)<\/p>\n<\/li>\n<li>\n<p class=\"my-0\">\u00e0 partir de 50 \u20ac de caution par v\u00e9lo (carte de cr\u00e9dit ou esp\u00e8ces ; les esp\u00e8ces sont recommand\u00e9es pour un remboursement plus rapide)<\/p>\n<\/li>\n<li>\n<p class=\"my-0\"><a href=\"https:\/\/happyrentalbike.com\/hrb\/?page_id=3491\" target=\"_blank\" rel=\"noopener\">Conditions<\/a> g\u00e9n\u00e9rales sign\u00e9es<\/p>\n<\/li>\n<li><strong>L&#8217;\u00e2ge minimum requis est de 16 ans !<\/strong><\/li>\n<\/ul>\n<h4 style=\"text-align: center;\"><strong><span style=\"color: #ff0000;\">IMPORTANT :<\/span><\/strong><\/h4>\n<p style=\"text-align: center;\"><strong>Une caution doit \u00eatre pay\u00e9e au magasin (carte de cr\u00e9dit ou esp\u00e8ces).<\/strong><br \/>\nIl <strong>est recommand\u00e9 de<\/strong> payer en <strong>esp\u00e8ces<\/strong> afin d&#8217;\u00e9viter les retards dans les remboursements bancaires.<\/p>\n<p style=\"text-align: center;\"><strong>Frais :<\/strong> Une caution \u00e0 partir de <strong>50 \u20ac par scooter<\/strong>, en fonction de la dur\u00e9e de la location.<br \/>\nModes de paiement accept\u00e9s : <strong>carte de cr\u00e9dit ou esp\u00e8ces<\/strong> (les esp\u00e8ces sont recommand\u00e9es pour un remboursement plus rapide).<\/p>\n","protected":false},"featured_media":4723,"template":"","meta":{"_joinchat":[]},"product_brand":[],"product_cat":[78,71],"product_tag":[],"class_list":{"0":"post-4903","1":"product","2":"type-product","3":"status-publish","4":"has-post-thumbnail","6":"product_cat-escooters-fr","7":"product_cat-location","8":"description-off","10":"first","11":"instock","12":"shipping-taxable","13":"purchasable","14":"product-type-redq_rental"},"_links":{"self":[{"href":"https:\/\/happyrentalbike.com\/fr\/wp-json\/wp\/v2\/product\/4903","targetHints":{"allow":["GET"]}}],"collection":[{"href":"https:\/\/happyrentalbike.com\/fr\/wp-json\/wp\/v2\/product"}],"about":[{"href":"https:\/\/happyrentalbike.com\/fr\/wp-json\/wp\/v2\/types\/product"}],"wp:featuredmedia":[{"embeddable":true,"href":"https:\/\/happyrentalbike.com\/fr\/wp-json\/wp\/v2\/media\/4723"}],"wp:attachment":[{"href":"https:\/\/happyrentalbike.com\/fr\/wp-json\/wp\/v2\/media?parent=4903"}],"wp:term":[{"taxonomy":"product_brand","embeddable":true,"href":"https:\/\/happyrentalbike.com\/fr\/wp-json\/wp\/v2\/product_brand?post=4903"},{"taxonomy":"product_cat","embeddable":true,"href":"https:\/\/happyrentalbike.com\/fr\/wp-json\/wp\/v2\/product_cat?post=4903"},{"taxonomy":"product_tag","embeddable":true,"href":"https:\/\/happyrentalbike.com\/fr\/wp-json\/wp\/v2\/product_tag?post=4903"}],"curies":[{"name":"wp","href":"https:\/\/api.w.org\/{rel}","templated":true}]}}