{"id":4900,"date":"2025-05-28T10:41:37","date_gmt":"2025-05-28T10:41:37","guid":{"rendered":"https:\/\/happyrentalbike.com\/product\/velo-electrique\/"},"modified":"2026-03-19T08:20:15","modified_gmt":"2026-03-19T08:20:15","slug":"velo-electrique","status":"publish","type":"product","link":"https:\/\/happyrentalbike.com\/fr\/produit\/velo-electrique\/","title":{"rendered":"V\u00e9lo \u00e9lectrique"},"content":{"rendered":"<p class=\"gmail-p1\" data-rm-block-id=\"block-1\"><strong>Location de v\u00e9los \u00e9lectriques<\/strong><\/p>\n<p class=\"gmail-p1\" data-rm-block-id=\"block-2\">Profitez de votre s\u00e9jour en v\u00e9lo \u00e9lectrique<\/p>\n<p class=\"gmail-p1\" data-rm-block-id=\"block-3\">Roulez sans effort et explorez la r\u00e9gion et les attractions environnantes sur un v\u00e9lo \u00e9lectrique haut de gamme de Bicelo. T\u00e9l\u00e9chargez simplement l&#8217;application Bicelo et vivez une exp\u00e9rience de conduite inoubliable.  Le v\u00e9lo \u00e9lectrique est dot\u00e9 de 5 niveaux d&#8217;assistance, de freins \u00e0 disques hydrauliques, de roues de 22 pouces et d&#8217;une position de conduite droite et confortable.<\/p>\n<p data-rm-block-id=\"block-4\"><strong>Exigences :<\/strong><\/p>\n<ul class=\"rental\">\n<li data-rm-block-id=\"block-5\">L&#8217;\u00e2ge minimum requis est de 16 ans<\/li>\n<li data-rm-block-id=\"block-6\">Pi\u00e8ce d&#8217;identit\u00e9 ou permis de conduire (copie conserv\u00e9e)<\/li>\n<li data-rm-block-id=\"block-7\">Un d\u00e9p\u00f4t minimum est exig\u00e9 pour la location via l&#8217;APP (application).<\/li>\n<li data-rm-block-id=\"block-8\">Signature des conditions g\u00e9n\u00e9rales<\/li>\n<\/ul>\n","protected":false},"excerpt":{"rendered":"<p class=\"gmail-p1\"><strong>Location de v\u00e9los \u00e9lectriques<\/strong><\/p>\n<p class=\"gmail-p1\">Profitez de votre s\u00e9jour en v\u00e9lo \u00e9lectrique<\/p>\n<p class=\"gmail-p1\">Roulez sans effort et explorez la r\u00e9gion et les attractions environnantes sur un v\u00e9lo \u00e9lectrique haut de gamme de Bicelo. T\u00e9l\u00e9chargez simplement l&#8217;application Bicelo et vivez une exp\u00e9rience de conduite inoubliable.  Le v\u00e9lo \u00e9lectrique est dot\u00e9 de 5 niveaux d&#8217;assistance, de freins \u00e0 disques hydrauliques, de roues de 22 pouces et d&#8217;une position de conduite droite et confortable.<\/p>\n<p><strong>Exigences :<\/strong><\/p>\n<ul class=\"rental\">\n<li>Conditions sur l&#8217;application BICELO<\/li>\n<li>Un d\u00e9p\u00f4t minimum est exig\u00e9 pour la location via l&#8217;APP (application).<\/li>\n<li>Signature des conditions g\u00e9n\u00e9rales<\/li>\n<\/ul>\n<p>&nbsp;<\/p>\n<h4 style=\"text-align: center;\"><strong><span style=\"color: #ff0000;\">IMPORTANT :<\/span><\/strong><br \/>\n<strong><span style=\"color: #ff0000;\">Une caution doit \u00eatre pay\u00e9e au magasin (carte de cr\u00e9dit ou esp\u00e8ces). Il est recommand\u00e9 de payer en esp\u00e8ces afin d&#8217;\u00e9viter les retards dans les remboursements bancaires. <\/span><\/strong><br \/>\n<strong><span style=\"color: #ff0000;\">Honoraires : Conditions sur l&#8217;application BICELO.<\/span><\/strong><\/h4>\n<p>&nbsp;<\/p>\n","protected":false},"featured_media":4753,"template":"","meta":{"_joinchat":[]},"product_brand":[],"product_cat":[71,77],"product_tag":[],"class_list":{"0":"post-4900","1":"product","2":"type-product","3":"status-publish","4":"has-post-thumbnail","6":"product_cat-location","7":"product_cat-velos-electriques","8":"description-off","10":"first","11":"instock","12":"shipping-taxable","13":"purchasable","14":"product-type-redq_rental"},"_links":{"self":[{"href":"https:\/\/happyrentalbike.com\/fr\/wp-json\/wp\/v2\/product\/4900","targetHints":{"allow":["GET"]}}],"collection":[{"href":"https:\/\/happyrentalbike.com\/fr\/wp-json\/wp\/v2\/product"}],"about":[{"href":"https:\/\/happyrentalbike.com\/fr\/wp-json\/wp\/v2\/types\/product"}],"wp:featuredmedia":[{"embeddable":true,"href":"https:\/\/happyrentalbike.com\/fr\/wp-json\/wp\/v2\/media\/4753"}],"wp:attachment":[{"href":"https:\/\/happyrentalbike.com\/fr\/wp-json\/wp\/v2\/media?parent=4900"}],"wp:term":[{"taxonomy":"product_brand","embeddable":true,"href":"https:\/\/happyrentalbike.com\/fr\/wp-json\/wp\/v2\/product_brand?post=4900"},{"taxonomy":"product_cat","embeddable":true,"href":"https:\/\/happyrentalbike.com\/fr\/wp-json\/wp\/v2\/product_cat?post=4900"},{"taxonomy":"product_tag","embeddable":true,"href":"https:\/\/happyrentalbike.com\/fr\/wp-json\/wp\/v2\/product_tag?post=4900"}],"curies":[{"name":"wp","href":"https:\/\/api.w.org\/{rel}","templated":true}]}}