{"id":4899,"date":"2025-05-28T10:57:54","date_gmt":"2025-05-28T10:57:54","guid":{"rendered":"https:\/\/happyrentalbike.com\/product\/velo-ecargo-location-a-lheure\/"},"modified":"2026-03-19T08:19:52","modified_gmt":"2026-03-19T08:19:52","slug":"velo-ecargo-location-a-lheure","status":"publish","type":"product","link":"https:\/\/happyrentalbike.com\/fr\/produit\/velo-ecargo-location-a-lheure\/","title":{"rendered":"V\u00e9lo eCargo"},"content":{"rendered":"<p data-rm-block-id=\"block-1\">Barcelona eCargo Bike Rental avec 7 vitesses, un si\u00e8ge confortable et un produit robuste, id\u00e9al pour transporter des enfants, id\u00e9al pour se promener avec des enfants dans la ville. Capacit\u00e9 de 256 l. La charge maximale pour tous les v\u00e9los est de 100 kg. <\/p>\n","protected":false},"excerpt":{"rendered":"<p>Barcelona eCargo Bike Rental avec 7 vitesses, un si\u00e8ge confortable et un produit robuste, id\u00e9al pour transporter des enfants, id\u00e9al pour se promener avec des enfants dans la ville. Capacit\u00e9 de 256 l. La charge maximale pour tous les v\u00e9los est de 100 kg. <\/p>\n<p>&nbsp;<\/p>\n<h4 style=\"text-align: center;\"><strong><span style=\"color: #ff0000;\">IMPORTANT :<\/span><\/strong><br \/>\n<strong><span style=\"color: #ff0000;\">Une caution doit \u00eatre pay\u00e9e au magasin (carte de cr\u00e9dit ou esp\u00e8ces). Il est recommand\u00e9 de payer en esp\u00e8ces afin d&#8217;\u00e9viter les retards dans les remboursements bancaires. <\/span><\/strong><br \/>\n<strong><span style=\"color: #ff0000;\">Frais : entre 150\u20ac et 300\u20ac par v\u00e9lo eCargo.<\/span><\/strong><\/h4>\n<p>&nbsp;<\/p>\n","protected":false},"featured_media":4745,"template":"","meta":{"_joinchat":[]},"product_brand":[],"product_cat":[71,76],"product_tag":[],"class_list":{"0":"post-4899","1":"product","2":"type-product","3":"status-publish","4":"has-post-thumbnail","6":"product_cat-location","7":"product_cat-velos-cargo","8":"description-off","10":"first","11":"instock","12":"shipping-taxable","13":"purchasable","14":"product-type-redq_rental"},"_links":{"self":[{"href":"https:\/\/happyrentalbike.com\/fr\/wp-json\/wp\/v2\/product\/4899","targetHints":{"allow":["GET"]}}],"collection":[{"href":"https:\/\/happyrentalbike.com\/fr\/wp-json\/wp\/v2\/product"}],"about":[{"href":"https:\/\/happyrentalbike.com\/fr\/wp-json\/wp\/v2\/types\/product"}],"wp:featuredmedia":[{"embeddable":true,"href":"https:\/\/happyrentalbike.com\/fr\/wp-json\/wp\/v2\/media\/4745"}],"wp:attachment":[{"href":"https:\/\/happyrentalbike.com\/fr\/wp-json\/wp\/v2\/media?parent=4899"}],"wp:term":[{"taxonomy":"product_brand","embeddable":true,"href":"https:\/\/happyrentalbike.com\/fr\/wp-json\/wp\/v2\/product_brand?post=4899"},{"taxonomy":"product_cat","embeddable":true,"href":"https:\/\/happyrentalbike.com\/fr\/wp-json\/wp\/v2\/product_cat?post=4899"},{"taxonomy":"product_tag","embeddable":true,"href":"https:\/\/happyrentalbike.com\/fr\/wp-json\/wp\/v2\/product_tag?post=4899"}],"curies":[{"name":"wp","href":"https:\/\/api.w.org\/{rel}","templated":true}]}}