{"id":4891,"date":"2025-05-22T15:46:42","date_gmt":"2025-05-22T15:46:42","guid":{"rendered":"https:\/\/happyrentalbike.com\/product\/urban-bikes-location-a-la-journee\/"},"modified":"2026-02-18T09:23:36","modified_gmt":"2026-02-18T09:23:36","slug":"urban-bikes-location-a-la-journee","status":"publish","type":"product","link":"https:\/\/happyrentalbike.com\/fr\/produit\/urban-bikes-location-a-la-journee\/","title":{"rendered":"Location de v\u00e9los urbains"},"content":{"rendered":"<p>Location de v\u00e9los urbains \u00e0 Barcelone<\/p>\n<p><em>N&#8217;oubliez pas que nous vous proposons diff\u00e9rentes tailles (small 50, medium 55 et higher 60 pour les adultes et <\/em>small, medium et large pour les enfants)<em> et couleurs (noir ou jaune)<\/em>.<\/p>\n<p><strong>Comprend :<\/strong> cadenas, casques et carte du guide de Barcelone.<\/p>\n<p><strong>Exigences :<\/strong><\/p>\n<ul class=\"rental\">\n<li>Pi\u00e8ce d&#8217;identit\u00e9 ou permis de conduire (copie conserv\u00e9e).<\/li>\n<li>D\u00e9p\u00f4t minimum de 50\u20ac par v\u00e9lo (carte de cr\u00e9dit ou esp\u00e8ces), de pr\u00e9f\u00e9rence en esp\u00e8ces pour \u00e9viter les d\u00e9lais de remboursement par la banque.<\/li>\n<li>Signature des conditions g\u00e9n\u00e9rales.<\/li>\n<\/ul>\n","protected":false},"excerpt":{"rendered":"<p>Location de v\u00e9los urbains<\/p>\n<p><em>N&#8217;oubliez pas que nous vous proposons diff\u00e9rentes tailles (small 50, medium 55 et higher 60 pour les adultes et <\/em>small, medium et large pour les enfants)<em> et couleurs (noir ou jaune)<\/em>.<\/p>\n<p><strong>Comprend :<\/strong> cadenas, casques et carte du guide de Barcelone.<\/p>\n<p><strong>Exigences :<\/strong><\/p>\n<ul class=\"rental\">\n<li>Pi\u00e8ce d&#8217;identit\u00e9 ou permis de conduire (copie conserv\u00e9e).<\/li>\n<li>D\u00e9p\u00f4t minimum de 50\u20ac par v\u00e9lo (carte de cr\u00e9dit ou esp\u00e8ces), de pr\u00e9f\u00e9rence en esp\u00e8ces pour \u00e9viter les d\u00e9lais de remboursement par la banque.<\/li>\n<li>Signature des conditions g\u00e9n\u00e9rales.<\/li>\n<\/ul>\n<h4 style=\"text-align: center;\"><span style=\"color: #ffff00;\"><strong>IMPORTANT :<\/strong><\/span><br \/>\n<span style=\"color: #ffff00;\"><strong>Une caution doit \u00eatre pay\u00e9e au magasin (carte de cr\u00e9dit ou esp\u00e8ces). Il est recommand\u00e9 de payer en esp\u00e8ces afin d&#8217;\u00e9viter les retards dans les remboursements bancaires. <\/strong><\/span><br \/>\n<span style=\"color: #ffff00;\"><strong>Frais : 50 \u20ac par v\u00e9lo ou scooter.<\/strong><\/span><\/h4>\n","protected":false},"featured_media":4799,"template":"","meta":{"_joinchat":[]},"product_brand":[],"product_cat":[71,67],"product_tag":[],"class_list":{"0":"post-4891","1":"product","2":"type-product","3":"status-publish","4":"has-post-thumbnail","6":"product_cat-location","7":"product_cat-velos-urbains","8":"description-off","10":"first","11":"instock","12":"shipping-taxable","13":"purchasable","14":"product-type-redq_rental"},"_links":{"self":[{"href":"https:\/\/happyrentalbike.com\/fr\/wp-json\/wp\/v2\/product\/4891","targetHints":{"allow":["GET"]}}],"collection":[{"href":"https:\/\/happyrentalbike.com\/fr\/wp-json\/wp\/v2\/product"}],"about":[{"href":"https:\/\/happyrentalbike.com\/fr\/wp-json\/wp\/v2\/types\/product"}],"wp:featuredmedia":[{"embeddable":true,"href":"https:\/\/happyrentalbike.com\/fr\/wp-json\/wp\/v2\/media\/4799"}],"wp:attachment":[{"href":"https:\/\/happyrentalbike.com\/fr\/wp-json\/wp\/v2\/media?parent=4891"}],"wp:term":[{"taxonomy":"product_brand","embeddable":true,"href":"https:\/\/happyrentalbike.com\/fr\/wp-json\/wp\/v2\/product_brand?post=4891"},{"taxonomy":"product_cat","embeddable":true,"href":"https:\/\/happyrentalbike.com\/fr\/wp-json\/wp\/v2\/product_cat?post=4891"},{"taxonomy":"product_tag","embeddable":true,"href":"https:\/\/happyrentalbike.com\/fr\/wp-json\/wp\/v2\/product_tag?post=4891"}],"curies":[{"name":"wp","href":"https:\/\/api.w.org\/{rel}","templated":true}]}}