{"id":4842,"date":"2025-05-26T07:38:37","date_gmt":"2025-05-26T07:38:37","guid":{"rendered":"https:\/\/happyrentalbike.com\/product\/sieges-bebe\/"},"modified":"2026-03-19T08:20:10","modified_gmt":"2026-03-19T08:20:10","slug":"sieges-bebe","status":"publish","type":"product","link":"https:\/\/happyrentalbike.com\/fr\/produit\/sieges-bebe\/","title":{"rendered":"Location de si\u00e8ges b\u00e9b\u00e9 pour v\u00e9los"},"content":{"rendered":"<p data-start=\"49\" data-end=\"105\">2 types de si\u00e8ges b\u00e9b\u00e9 \u00e0 louer pour les v\u00e9los (style hollandais et belge)<\/p>\n<ul data-start=\"107\" data-end=\"296\">\n<li data-start=\"107\" data-end=\"179\">\n<p data-start=\"109\" data-end=\"179\"><strong data-start=\"109\" data-end=\"131\">Si\u00e8ge avant (MINI) :<\/strong> Pour les enfants de 9 mois \u00e0 3 ans, jusqu&#8217;\u00e0 15 kg<\/p>\n<\/li>\n<li data-start=\"180\" data-end=\"251\">\n<p data-start=\"182\" data-end=\"251\"><strong data-start=\"182\" data-end=\"203\">Si\u00e8ge arri\u00e8re (MAXI) :<\/strong> Pour les enfants de 9 mois \u00e0 6 ans, jusqu&#8217;\u00e0 22 kg<\/p>\n<\/li>\n<li data-start=\"252\" data-end=\"296\">\n<p data-start=\"254\" data-end=\"296\"><strong data-start=\"254\" data-end=\"296\">Choisissez la configuration qui correspond \u00e0 vos besoins.<\/strong><\/p>\n<\/li>\n<\/ul>\n<p data-start=\"298\" data-end=\"392\">S\u00e9curis\u00e9, confortable et parfaitement positionn\u00e9 pour que votre enfant puisse profiter de chaque vue et de chaque son.<\/p>\n<p data-start=\"394\" data-end=\"537\" data-is-last-node=\"\" data-is-only-node=\"\">Qu&#8217;il soit install\u00e9 devant ou derri\u00e8re vous, votre enfant roule en toute s\u00e9curit\u00e9 et voit le monde d\u00e9filer. Il n&#8217;y a pas de meilleure fa\u00e7on d&#8217;explorer Barcelone ensemble. <\/p>\n","protected":false},"excerpt":{"rendered":"<p data-start=\"49\" data-end=\"105\">2 types de si\u00e8ges b\u00e9b\u00e9 \u00e0 louer pour les v\u00e9los (style hollandais et belge)<\/p>\n<ul data-start=\"107\" data-end=\"296\">\n<li data-start=\"107\" data-end=\"179\">\n<p data-start=\"109\" data-end=\"179\"><strong data-start=\"109\" data-end=\"131\">Si\u00e8ge avant (MINI) :<\/strong> Pour les enfants de 9 mois \u00e0 3 ans, jusqu&#8217;\u00e0 15 kg<\/p>\n<\/li>\n<li data-start=\"180\" data-end=\"251\">\n<p data-start=\"182\" data-end=\"251\"><strong data-start=\"182\" data-end=\"203\">Si\u00e8ge arri\u00e8re (MAXI) :<\/strong> Pour les enfants de 9 mois \u00e0 6 ans, jusqu&#8217;\u00e0 22 kg<\/p>\n<\/li>\n<li data-start=\"252\" data-end=\"296\">\n<p data-start=\"254\" data-end=\"296\"><strong data-start=\"254\" data-end=\"296\">Choisissez la configuration qui correspond \u00e0 vos besoins.<\/strong><\/p>\n<\/li>\n<\/ul>\n<p data-start=\"298\" data-end=\"392\">S\u00e9curis\u00e9, confortable et parfaitement positionn\u00e9 pour que votre enfant puisse profiter de chaque vue et de chaque son.<\/p>\n<p data-start=\"394\" data-end=\"537\" data-is-last-node=\"\" data-is-only-node=\"\">Qu&#8217;il soit install\u00e9 devant ou derri\u00e8re vous, votre enfant roule en toute s\u00e9curit\u00e9 et voit le monde d\u00e9filer. Il n&#8217;y a pas de meilleure fa\u00e7on d&#8217;explorer Barcelone ensemble. <\/p>\n","protected":false},"featured_media":4713,"template":"","meta":{"_joinchat":[]},"product_brand":[],"product_cat":[71,69,76,68,67],"product_tag":[],"class_list":{"0":"post-4842","1":"product","2":"type-product","3":"status-publish","4":"has-post-thumbnail","6":"product_cat-location","7":"product_cat-options-supplementaires","8":"product_cat-velos-cargo","9":"product_cat-velos-tandem","10":"product_cat-velos-urbains","11":"description-off","13":"first","14":"instock","15":"shipping-taxable","16":"purchasable","17":"product-type-redq_rental"},"_links":{"self":[{"href":"https:\/\/happyrentalbike.com\/fr\/wp-json\/wp\/v2\/product\/4842","targetHints":{"allow":["GET"]}}],"collection":[{"href":"https:\/\/happyrentalbike.com\/fr\/wp-json\/wp\/v2\/product"}],"about":[{"href":"https:\/\/happyrentalbike.com\/fr\/wp-json\/wp\/v2\/types\/product"}],"wp:featuredmedia":[{"embeddable":true,"href":"https:\/\/happyrentalbike.com\/fr\/wp-json\/wp\/v2\/media\/4713"}],"wp:attachment":[{"href":"https:\/\/happyrentalbike.com\/fr\/wp-json\/wp\/v2\/media?parent=4842"}],"wp:term":[{"taxonomy":"product_brand","embeddable":true,"href":"https:\/\/happyrentalbike.com\/fr\/wp-json\/wp\/v2\/product_brand?post=4842"},{"taxonomy":"product_cat","embeddable":true,"href":"https:\/\/happyrentalbike.com\/fr\/wp-json\/wp\/v2\/product_cat?post=4842"},{"taxonomy":"product_tag","embeddable":true,"href":"https:\/\/happyrentalbike.com\/fr\/wp-json\/wp\/v2\/product_tag?post=4842"}],"curies":[{"name":"wp","href":"https:\/\/api.w.org\/{rel}","templated":true}]}}