{"id":5736,"date":"2025-12-16T10:52:09","date_gmt":"2025-12-16T10:52:09","guid":{"rendered":"https:\/\/happyrentalbike.com\/?page_id=5736"},"modified":"2026-03-13T09:43:41","modified_gmt":"2026-03-13T09:43:41","slug":"visites-privees-5","status":"publish","type":"page","link":"https:\/\/happyrentalbike.com\/fr\/visites-privees-5\/","title":{"rendered":"Private Tours &#8211; Visite personnalis\u00e9e de Barcelone"},"content":{"rendered":"\t\t<div data-elementor-type=\"wp-page\" data-elementor-id=\"5736\" class=\"elementor elementor-5736 elementor-5734\" data-elementor-post-type=\"page\">\n\t\t\t\t<div class=\"elementor-element elementor-element-bb2d89f e-con-full e-flex e-con e-parent\" data-id=\"bb2d89f\" data-element_type=\"container\" data-e-type=\"container\">\n\t\t\t\t<div class=\"elementor-element elementor-element-608d05d elementor-widget elementor-widget-spacer\" data-id=\"608d05d\" data-element_type=\"widget\" data-e-type=\"widget\" data-widget_type=\"spacer.default\">\n\t\t\t\t<div class=\"elementor-widget-container\">\n\t\t\t\t\t\t\t<div class=\"elementor-spacer\">\n\t\t\t<div class=\"elementor-spacer-inner\"><\/div>\n\t\t<\/div>\n\t\t\t\t\t\t<\/div>\n\t\t\t\t<\/div>\n\t\t\t\t<div class=\"elementor-element elementor-element-cbe4adb elementor-widget elementor-widget-spacer\" data-id=\"cbe4adb\" data-element_type=\"widget\" data-e-type=\"widget\" data-widget_type=\"spacer.default\">\n\t\t\t\t<div class=\"elementor-widget-container\">\n\t\t\t\t\t\t\t<div class=\"elementor-spacer\">\n\t\t\t<div class=\"elementor-spacer-inner\"><\/div>\n\t\t<\/div>\n\t\t\t\t\t\t<\/div>\n\t\t\t\t<\/div>\n\t\t\t\t<div class=\"elementor-element elementor-element-30893fb elementor-hidden-mobile elementor-widget elementor-widget-image\" data-id=\"30893fb\" data-element_type=\"widget\" data-e-type=\"widget\" data-widget_type=\"image.default\">\n\t\t\t\t<div class=\"elementor-widget-container\">\n\t\t\t\t\t\t\t\t\t\t\t\t\t\t\t<img fetchpriority=\"high\" decoding=\"async\" width=\"1024\" height=\"359\" src=\"https:\/\/happyrentalbike.com\/hrb\/wp-content\/uploads\/2025\/12\/beach-barcelona-1024x359.png\" class=\"attachment-large size-large wp-image-5667\" alt=\"\" srcset=\"https:\/\/happyrentalbike.com\/hrb\/wp-content\/uploads\/2025\/12\/beach-barcelona-1024x359.png 1024w, https:\/\/happyrentalbike.com\/hrb\/wp-content\/uploads\/2025\/12\/beach-barcelona-300x105.png 300w, https:\/\/happyrentalbike.com\/hrb\/wp-content\/uploads\/2025\/12\/beach-barcelona-768x270.png 768w, https:\/\/happyrentalbike.com\/hrb\/wp-content\/uploads\/2025\/12\/beach-barcelona.png 1117w\" sizes=\"(max-width: 1024px) 100vw, 1024px\" \/>\t\t\t\t\t\t\t\t\t\t\t\t\t\t\t<\/div>\n\t\t\t\t<\/div>\n\t\t\t\t<div class=\"elementor-element elementor-element-581de49 elementor-widget elementor-widget-heading\" data-id=\"581de49\" data-element_type=\"widget\" data-e-type=\"widget\" data-widget_type=\"heading.default\">\n\t\t\t\t<div class=\"elementor-widget-container\">\n\t\t\t\t\t<h1 class=\"elementor-heading-title elementor-size-default\">D\u00e9couvrez Barcelone \u00e0 votre fa\u00e7on : Explorez la magie de la ville<br>\n<\/h1>\t\t\t\t<\/div>\n\t\t\t\t<\/div>\n\t\t<div class=\"elementor-element elementor-element-593570d e-con-full e-flex e-con e-child\" data-id=\"593570d\" data-element_type=\"container\" data-e-type=\"container\">\n\t\t\t\t<div class=\"elementor-element elementor-element-cbe2519 elementor-widget elementor-widget-spacer\" data-id=\"cbe2519\" data-element_type=\"widget\" data-e-type=\"widget\" data-widget_type=\"spacer.default\">\n\t\t\t\t<div class=\"elementor-widget-container\">\n\t\t\t\t\t\t\t<div class=\"elementor-spacer\">\n\t\t\t<div class=\"elementor-spacer-inner\"><\/div>\n\t\t<\/div>\n\t\t\t\t\t\t<\/div>\n\t\t\t\t<\/div>\n\t\t\t\t<\/div>\n\t\t\t\t<\/div>\n\t\t<div class=\"elementor-element elementor-element-5642ec2 e-flex e-con-boxed e-con e-parent\" data-id=\"5642ec2\" data-element_type=\"container\" data-e-type=\"container\">\n\t\t\t\t\t<div class=\"e-con-inner\">\n\t\t<div class=\"elementor-element elementor-element-5f1cc8a e-con-full e-flex e-con e-child\" data-id=\"5f1cc8a\" data-element_type=\"container\" data-e-type=\"container\">\n\t\t<div class=\"elementor-element elementor-element-0448ce0 e-con-full e-flex e-con e-child\" data-id=\"0448ce0\" data-element_type=\"container\" data-e-type=\"container\">\n\t\t\t\t<div class=\"elementor-element elementor-element-8769fc4 elementor-widget elementor-widget-heading\" data-id=\"8769fc4\" data-element_type=\"widget\" data-e-type=\"widget\" data-widget_type=\"heading.default\">\n\t\t\t\t<div class=\"elementor-widget-container\">\n\t\t\t\t\t<h2 class=\"elementor-heading-title elementor-size-default\">Happy Rental Bike Barcelona Visite personnalis\u00e9e : Votre voyage unique vous attend<\/h2>\t\t\t\t<\/div>\n\t\t\t\t<\/div>\n\t\t\t\t<\/div>\n\t\t<div class=\"elementor-element elementor-element-55cd9a1 e-con-full e-flex e-con e-child\" data-id=\"55cd9a1\" data-element_type=\"container\" data-e-type=\"container\">\n\t\t\t\t<div class=\"elementor-element elementor-element-78d4655 elementor-widget elementor-widget-text-editor\" data-id=\"78d4655\" data-element_type=\"widget\" data-e-type=\"widget\" data-widget_type=\"text-editor.default\">\n\t\t\t\t<div class=\"elementor-widget-container\">\n\t\t\t\t\t\t\t\t\t<p>D\u00e9couvrez Barcelone \u00e0 travers nos &#8221;Tours&#8221; \u00e0 v\u00e9lo : ils sont m\u00e9ticuleusement planifi\u00e9s pour r\u00e9pondre \u00e0 vos pr\u00e9f\u00e9rences. Nous proposons un large \u00e9ventail d&#8217;itin\u00e9raires et de points d&#8217;int\u00e9r\u00eat pour que votre exp\u00e9rience soit la plus agr\u00e9able possible. <\/p>\t\t\t\t\t\t\t\t<\/div>\n\t\t\t\t<\/div>\n\t\t\t\t<div class=\"elementor-element elementor-element-a77ae3e elementor-widget elementor-widget-text-editor\" data-id=\"a77ae3e\" data-element_type=\"widget\" data-e-type=\"widget\" data-widget_type=\"text-editor.default\">\n\t\t\t\t<div class=\"elementor-widget-container\">\n\t\t\t\t\t\t\t\t\t<p>Barcelone fait de plus en plus appel au v\u00e9lo comme moyen d&#8217;exploration, et nous sommes l\u00e0 pour vous aider \u00e0 naviguer dans ses merveilles. Composez votre itin\u00e9raire \u00e0 partir des diff\u00e9rents points d&#8217;int\u00e9r\u00eat que nous vous proposons, en tenant compte de votre humeur, de votre disponibilit\u00e9 ou de vos envies spontan\u00e9es. <\/p><p>Vous venez seul, en famille ou avec des amis ? Est-ce votre premi\u00e8re aventure \u00e0 Barcelone ? Comment d\u00e9cririez-vous votre style : &#8211; Cool et d\u00e9contract\u00e9 ? &#8211; Athl\u00e9tique et aventureux ? &#8211; Vous appr\u00e9ciez la bonne vie ? &#8211; Vous aimez les bars et les tapas ?     <\/p><p>Consid\u00e9rez ces aspects et partagez votre vision du type de randonn\u00e9e que vous souhaitez entreprendre. (Oui, nous sommes curieux, mais ce point de vue nous aide \u00e0 mieux adapter votre circuit) ! Nous sommes fiers d&#8217;offrir une vari\u00e9t\u00e9 d&#8217;itin\u00e9raires et de points d&#8217;int\u00e9r\u00eat captivants pour enrichir votre circuit.  <\/p><p>Comme vous pouvez l&#8217;imaginer, toutes nos visites sont organis\u00e9es dans le but de cr\u00e9er des souvenirs inoubliables de votre visite \u00e0 Barcelone. C&#8217;est pourquoi nous limitons nos groupes \u00e0 dix personnes au maximum, afin de vous garantir une exp\u00e9rience personnalis\u00e9e. Choisissez votre heure de d\u00e9part en fonction de nos horaires d&#8217;hiver et d&#8217;\u00e9t\u00e9.  <\/p>\t\t\t\t\t\t\t\t<\/div>\n\t\t\t\t<\/div>\n\t\t\t\t<div class=\"elementor-element elementor-element-69ed8a6 elementor-widget elementor-widget-text-editor\" data-id=\"69ed8a6\" data-element_type=\"widget\" data-e-type=\"widget\" data-widget_type=\"text-editor.default\">\n\t\t\t\t<div class=\"elementor-widget-container\">\n\t\t\t\t\t\t\t\t\t<p>Notre visite personnalis\u00e9e de Barcelone est un moyen unique de d\u00e9couvrir la ville \u00e0 votre rythme.<\/p>\t\t\t\t\t\t\t\t<\/div>\n\t\t\t\t<\/div>\n\t\t\t\t<div class=\"elementor-element elementor-element-72d62c8 elementor-widget elementor-widget-text-editor\" data-id=\"72d62c8\" data-element_type=\"widget\" data-e-type=\"widget\" data-widget_type=\"text-editor.default\">\n\t\t\t\t<div class=\"elementor-widget-container\">\n\t\t\t\t\t\t\t\t\t<p>&#8211; La taille maximale du groupe est de dix personnes afin de permettre une attention individuelle et une exp\u00e9rience m\u00e9morable.<br>&#8211; Chaque tour commence et se termine \u00e0 notre point de location et de vente, id\u00e9alement situ\u00e9 \u00e0 quelques pas du parc de la Ciutadella (calle Roger de Flor, 3).<br>&#8211; Choisissez le jour et l&#8217;heure que vous pr\u00e9f\u00e9rez en fonction de nos horaires : en hiver de 10h00 \u00e0 20h00, en \u00e9t\u00e9 de 9h00 \u00e0 21h00.<br>Nous attendons avec impatience l&#8217;occasion de partager ce voyage avec vous.<\/p>\t\t\t\t\t\t\t\t<\/div>\n\t\t\t\t<\/div>\n\t\t\t\t<div class=\"elementor-element elementor-element-ecf34ad elementor-widget elementor-widget-image\" data-id=\"ecf34ad\" data-element_type=\"widget\" data-e-type=\"widget\" data-widget_type=\"image.default\">\n\t\t\t\t<div class=\"elementor-widget-container\">\n\t\t\t\t\t\t\t\t\t\t\t\t\t\t\t<img decoding=\"async\" width=\"800\" height=\"800\" src=\"https:\/\/happyrentalbike.com\/hrb\/wp-content\/uploads\/2025\/05\/scooters-home.webp\" class=\"attachment-large size-large wp-image-4749\" alt=\"Faites l&#039;exp\u00e9rience de la visite priv\u00e9e de Barcelone avec Happy Rental Bikes\" srcset=\"https:\/\/happyrentalbike.com\/hrb\/wp-content\/uploads\/2025\/05\/scooters-home.webp 800w, https:\/\/happyrentalbike.com\/hrb\/wp-content\/uploads\/2025\/05\/scooters-home-300x300.webp 300w, https:\/\/happyrentalbike.com\/hrb\/wp-content\/uploads\/2025\/05\/scooters-home-150x150.webp 150w, https:\/\/happyrentalbike.com\/hrb\/wp-content\/uploads\/2025\/05\/scooters-home-768x768.webp 768w, https:\/\/happyrentalbike.com\/hrb\/wp-content\/uploads\/2025\/05\/scooters-home-400x400.webp 400w, https:\/\/happyrentalbike.com\/hrb\/wp-content\/uploads\/2025\/05\/scooters-home-200x200.webp 200w\" sizes=\"(max-width: 800px) 100vw, 800px\" \/>\t\t\t\t\t\t\t\t\t\t\t\t\t\t\t<\/div>\n\t\t\t\t<\/div>\n\t\t\t\t<div class=\"elementor-element elementor-element-7dd6f23 elementor-widget elementor-widget-text-editor\" data-id=\"7dd6f23\" data-element_type=\"widget\" data-e-type=\"widget\" data-widget_type=\"text-editor.default\">\n\t\t\t\t<div class=\"elementor-widget-container\">\n\t\t\t\t\t\t\t\t\t<p>En choisissant notre visite personnalis\u00e9e de Barcelone, vous n&#8217;aurez pas seulement acc\u00e8s aux rues anim\u00e9es et \u00e0 l&#8217;<a href=\"https:\/\/es.wikipedia.org\/wiki\/Arquitectura_de_Barcelona\" target=\"_blank\" rel=\"noopener\"> architecture \u00e9poustouflante<\/a>, mais aussi aux connaissances locales qui rendront votre visite vraiment sp\u00e9ciale.<\/p>\t\t\t\t\t\t\t\t<\/div>\n\t\t\t\t<\/div>\n\t\t\t\t<div class=\"elementor-element elementor-element-f999e18 elementor-align-center elementor-widget__width-inherit elementor-widget elementor-widget-button\" data-id=\"f999e18\" data-element_type=\"widget\" data-e-type=\"widget\" data-widget_type=\"button.default\">\n\t\t\t\t<div class=\"elementor-widget-container\">\n\t\t\t\t\t\t\t\t\t<div class=\"elementor-button-wrapper\">\n\t\t\t\t\t<a class=\"elementor-button elementor-button-link elementor-size-sm\" href=\"https:\/\/happyrentalbike.com\/fr\/produit\/visite-privee\/?wc_tour_name=customized&#038;\">\n\t\t\t\t\t\t<span class=\"elementor-button-content-wrapper\">\n\t\t\t\t\t\t\t\t\t<span class=\"elementor-button-text\">R\u00e9servez ici<\/span>\n\t\t\t\t\t<\/span>\n\t\t\t\t\t<\/a>\n\t\t\t\t<\/div>\n\t\t\t\t\t\t\t\t<\/div>\n\t\t\t\t<\/div>\n\t\t\t\t<div class=\"elementor-element elementor-element-bfe6a9b elementor-widget elementor-widget-text-editor\" data-id=\"bfe6a9b\" data-element_type=\"widget\" data-e-type=\"widget\" data-widget_type=\"text-editor.default\">\n\t\t\t\t<div class=\"elementor-widget-container\">\n\t\t\t\t\t\t\t\t\t<p>Imaginez que vous p\u00e9daliez dans le <a href=\"https:\/\/en.wikipedia.org\/wiki\/Gothic_Quarter,_Barcelona\" target=\"_blank\" rel=\"noopener\">quartier gothique<\/a>, o\u00f9 chaque coin de rue raconte une histoire et une culture, ou que vous p\u00e9daliez le long de la plage pittoresque de la Barceloneta, en sentant la brise de l&#8217;oc\u00e9an et en profitant de la vue imprenable sur la M\u00e9diterran\u00e9e.<\/p>\t\t\t\t\t\t\t\t<\/div>\n\t\t\t\t<\/div>\n\t\t\t\t<div class=\"elementor-element elementor-element-bc3ce16 elementor-widget elementor-widget-text-editor\" data-id=\"bc3ce16\" data-element_type=\"widget\" data-e-type=\"widget\" data-widget_type=\"text-editor.default\">\n\t\t\t\t<div class=\"elementor-widget-container\">\n\t\t\t\t\t\t\t\t\t<p>Avec notre visite personnalis\u00e9e de Barcelone, vous pourrez d\u00e9couvrir la ville comme un habitant.<\/p>\t\t\t\t\t\t\t\t<\/div>\n\t\t\t\t<\/div>\n\t\t\t\t<div class=\"elementor-element elementor-element-4450c52 elementor-widget elementor-widget-text-editor\" data-id=\"4450c52\" data-element_type=\"widget\" data-e-type=\"widget\" data-widget_type=\"text-editor.default\">\n\t\t\t\t<div class=\"elementor-widget-container\">\n\t\t\t\t\t\t\t\t\t<p>D\u00e9couvrez des joyaux cach\u00e9s que seule une visite personnalis\u00e9e de Barcelone peut vous r\u00e9v\u00e9ler.<\/p>\t\t\t\t\t\t\t\t<\/div>\n\t\t\t\t<\/div>\n\t\t\t\t<div class=\"elementor-element elementor-element-425dcdc elementor-widget elementor-widget-text-editor\" data-id=\"425dcdc\" data-element_type=\"widget\" data-e-type=\"widget\" data-widget_type=\"text-editor.default\">\n\t\t\t\t<div class=\"elementor-widget-container\">\n\t\t\t\t\t\t\t\t\t<p>Pour profiter au maximum de votre visite personnalis\u00e9e de Barcelone, nous vous recommandons de planifier \u00e0 l&#8217;avance. Le printemps et l&#8217;automne offrent des temp\u00e9ratures douces et moins de monde, ce qui en fait le moment id\u00e9al pour explorer. De plus, nous vous sugg\u00e9rons de vous renseigner sur les \u00e9v\u00e9nements locaux, les festivals et les expositions qui pourraient co\u00efncider avec votre visite. Barcelone est connue pour sa sc\u00e8ne culturelle vibrante, et participer \u00e0 ces \u00e9v\u00e9nements peut am\u00e9liorer votre exp\u00e9rience. Par exemple, les Festes de la Merc\u00e8 \u00e0 la fin du mois de septembre offrent un aper\u00e7u unique de la <a href=\"https:\/\/www.barcelona.cat\/internationalwelcome\/en\/need\/lifestyle\/local-festivals-and-popular-culture\" target=\"_blank\" rel=\"noopener\">culture catalane avec des parades<\/a>, de la musique et des feux d&#8217;artifice. Nos circuits peuvent \u00eatre adapt\u00e9s pour inclure ces exp\u00e9riences, ce qui vous permettra de mieux comprendre les traditions et les c\u00e9l\u00e9brations de la ville.     <\/p>\t\t\t\t\t\t\t\t<\/div>\n\t\t\t\t<\/div>\n\t\t\t\t<div class=\"elementor-element elementor-element-0fc041e elementor-widget elementor-widget-text-editor\" data-id=\"0fc041e\" data-element_type=\"widget\" data-e-type=\"widget\" data-widget_type=\"text-editor.default\">\n\t\t\t\t<div class=\"elementor-widget-container\">\n\t\t\t\t\t\t\t\t\t<p>Assurez-vous de maximiser votre visite personnalis\u00e9e de Barcelone en consultant nos suggestions d&#8217;itin\u00e9raires.<\/p>\t\t\t\t\t\t\t\t<\/div>\n\t\t\t\t<\/div>\n\t\t\t\t<div class=\"elementor-element elementor-element-209a703 elementor-widget elementor-widget-text-editor\" data-id=\"209a703\" data-element_type=\"widget\" data-e-type=\"widget\" data-widget_type=\"text-editor.default\">\n\t\t\t\t<div class=\"elementor-widget-container\">\n\t\t\t\t\t\t\t\t\t<p>Nous accordons \u00e9galement de l&#8217;importance au d\u00e9veloppement durable et encourageons les pratiques \u00e9cologiques au cours de nos visites. En optant pour une promenade \u00e0 v\u00e9lo, vous choisissez un moyen plus \u00e9cologique d&#8217;explorer la ville, en minimisant votre empreinte carbone tout en profitant du grand air. Notre \u00e9quipe se consacre au tourisme responsable et encourage les visiteurs \u00e0 appr\u00e9cier la beaut\u00e9 de Barcelone sans compromettre l&#8217;environnement. Nous fournissons des bouteilles d&#8217;eau r\u00e9utilisables et nous vous sugg\u00e9rons des endroits o\u00f9 vous pouvez d\u00e9guster des aliments biologiques et d&#8217;origine locale, ce qui contribue \u00e0 soutenir la communaut\u00e9 et les pratiques durables.   <\/p>\t\t\t\t\t\t\t\t<\/div>\n\t\t\t\t<\/div>\n\t\t\t\t<div class=\"elementor-element elementor-element-9a2135a elementor-widget elementor-widget-text-editor\" data-id=\"9a2135a\" data-element_type=\"widget\" data-e-type=\"widget\" data-widget_type=\"text-editor.default\">\n\t\t\t\t<div class=\"elementor-widget-container\">\n\t\t\t\t\t\t\t\t\t<p>Choisir une visite personnalis\u00e9e de Barcelone est une fa\u00e7on \u00e9cologique de profiter de la ville.<\/p>\t\t\t\t\t\t\t\t<\/div>\n\t\t\t\t<\/div>\n\t\t\t\t<div class=\"elementor-element elementor-element-5ddab9d elementor-widget elementor-widget-image\" data-id=\"5ddab9d\" data-element_type=\"widget\" data-e-type=\"widget\" data-widget_type=\"image.default\">\n\t\t\t\t<div class=\"elementor-widget-container\">\n\t\t\t\t\t\t\t\t\t\t\t\t\t\t\t<img decoding=\"async\" width=\"800\" height=\"800\" src=\"https:\/\/happyrentalbike.com\/hrb\/wp-content\/uploads\/2025\/05\/happy_urban.webp\" class=\"attachment-large size-large wp-image-4729\" alt=\"Les filles sont pr\u00eates \u00e0 vivre une exp\u00e9rience inoubliable gr\u00e2ce au v\u00e9lo \u00e9lectrique de Happy Rental Bike\" srcset=\"https:\/\/happyrentalbike.com\/hrb\/wp-content\/uploads\/2025\/05\/happy_urban.webp 800w, https:\/\/happyrentalbike.com\/hrb\/wp-content\/uploads\/2025\/05\/happy_urban-300x300.webp 300w, https:\/\/happyrentalbike.com\/hrb\/wp-content\/uploads\/2025\/05\/happy_urban-150x150.webp 150w, https:\/\/happyrentalbike.com\/hrb\/wp-content\/uploads\/2025\/05\/happy_urban-768x768.webp 768w, https:\/\/happyrentalbike.com\/hrb\/wp-content\/uploads\/2025\/05\/happy_urban-400x400.webp 400w, https:\/\/happyrentalbike.com\/hrb\/wp-content\/uploads\/2025\/05\/happy_urban-200x200.webp 200w\" sizes=\"(max-width: 800px) 100vw, 800px\" \/>\t\t\t\t\t\t\t\t\t\t\t\t\t\t\t<\/div>\n\t\t\t\t<\/div>\n\t\t\t\t<div class=\"elementor-element elementor-element-9d2a5df elementor-widget elementor-widget-text-editor\" data-id=\"9d2a5df\" data-element_type=\"widget\" data-e-type=\"widget\" data-widget_type=\"text-editor.default\">\n\t\t\t\t<div class=\"elementor-widget-container\">\n\t\t\t\t\t\t\t\t\t<p>Lorsque vous vous pr\u00e9parez pour votre aventure, n&#8217;oubliez pas de vous habiller confortablement et de mettre de la cr\u00e8me solaire, surtout pendant les mois les plus chauds. Munissez-vous d&#8217;un appareil photo pour immortaliser les vues et les moments envo\u00fbtants que vous vivrez tout au long de votre voyage. Qu&#8217;il s&#8217;agisse des d\u00e9tails complexes d&#8217;un b\u00e2timent de Gaud\u00ed ou de l&#8217;atmosph\u00e8re anim\u00e9e d&#8217;un march\u00e9, les occasions de prendre des photos ne manqueront pas. N&#8217;oubliez pas de discuter avec les habitants et les autres voyageurs pendant votre visite, car ils peuvent vous donner des conseils et des anecdotes qui rendront votre visite encore plus m\u00e9morable.   <\/p>\t\t\t\t\t\t\t\t<\/div>\n\t\t\t\t<\/div>\n\t\t\t\t<div class=\"elementor-element elementor-element-c03265c elementor-align-center elementor-widget__width-inherit elementor-widget elementor-widget-button\" data-id=\"c03265c\" data-element_type=\"widget\" data-e-type=\"widget\" data-widget_type=\"button.default\">\n\t\t\t\t<div class=\"elementor-widget-container\">\n\t\t\t\t\t\t\t\t\t<div class=\"elementor-button-wrapper\">\n\t\t\t\t\t<a class=\"elementor-button elementor-button-link elementor-size-sm\" href=\"https:\/\/happyrentalbike.com\/fr\/produit\/visite-privee\/?wc_tour_name=customized&#038;\">\n\t\t\t\t\t\t<span class=\"elementor-button-content-wrapper\">\n\t\t\t\t\t\t\t\t\t<span class=\"elementor-button-text\">R\u00e9servez ici<\/span>\n\t\t\t\t\t<\/span>\n\t\t\t\t\t<\/a>\n\t\t\t\t<\/div>\n\t\t\t\t\t\t\t\t<\/div>\n\t\t\t\t<\/div>\n\t\t\t\t<div class=\"elementor-element elementor-element-5693338 elementor-widget elementor-widget-text-editor\" data-id=\"5693338\" data-element_type=\"widget\" data-e-type=\"widget\" data-widget_type=\"text-editor.default\">\n\t\t\t\t<div class=\"elementor-widget-container\">\n\t\t\t\t\t\t\t\t\t<p>Immortalisez vos souvenirs de la visite personnalis\u00e9e de Barcelone avec des photos \u00e9poustouflantes.<\/p>\t\t\t\t\t\t\t\t<\/div>\n\t\t\t\t<\/div>\n\t\t\t\t<div class=\"elementor-element elementor-element-94b8765 elementor-widget elementor-widget-text-editor\" data-id=\"94b8765\" data-element_type=\"widget\" data-e-type=\"widget\" data-widget_type=\"text-editor.default\">\n\t\t\t\t<div class=\"elementor-widget-container\">\n\t\t\t\t\t\t\t\t\t<p>En conclusion, notre visite personnalis\u00e9e de Barcelone est plus qu&#8217;une simple balade \u00e0 v\u00e9lo ; c&#8217;est une exp\u00e9rience immersive qui vous met en contact avec le c\u0153ur et l&#8217;\u00e2me de la ville. Avec des itin\u00e9raires sur mesure con\u00e7us pour r\u00e9pondre \u00e0 vos pr\u00e9f\u00e9rences, des guides comp\u00e9tents et un engagement en faveur du tourisme durable, nous garantissons que votre visite \u00e0 Barcelone sera inoubliable. Nous vous invitons \u00e0 r\u00e9server d\u00e8s aujourd&#8217;hui votre visite personnalis\u00e9e de Barcelone et \u00e0 d\u00e9couvrir la vie tr\u00e9pidante de la ville en parcourant ses rues. Votre aventure vous attend !   <\/p>\t\t\t\t\t\t\t\t<\/div>\n\t\t\t\t<\/div>\n\t\t\t\t<div class=\"elementor-element elementor-element-3e0485e elementor-widget elementor-widget-text-editor\" data-id=\"3e0485e\" data-element_type=\"widget\" data-e-type=\"widget\" data-widget_type=\"text-editor.default\">\n\t\t\t\t<div class=\"elementor-widget-container\">\n\t\t\t\t\t\t\t\t\t<p>Ne manquez pas de r\u00e9server votre inoubliable visite personnalis\u00e9e de Barcelone.<\/p>\t\t\t\t\t\t\t\t<\/div>\n\t\t\t\t<\/div>\n\t\t\t\t<div class=\"elementor-element elementor-element-2bc72c7 elementor-widget elementor-widget-text-editor\" data-id=\"2bc72c7\" data-element_type=\"widget\" data-e-type=\"widget\" data-widget_type=\"text-editor.default\">\n\t\t\t\t<div class=\"elementor-widget-container\">\n\t\t\t\t\t\t\t\t\t<p>Rejoignez-nous pour une visite personnalis\u00e9e de Barcelone dont vous vous souviendrez toujours.<\/p>\t\t\t\t\t\t\t\t<\/div>\n\t\t\t\t<\/div>\n\t\t\t\t<div class=\"elementor-element elementor-element-2ef724e elementor-widget elementor-widget-text-editor\" data-id=\"2ef724e\" data-element_type=\"widget\" data-e-type=\"widget\" data-widget_type=\"text-editor.default\">\n\t\t\t\t<div class=\"elementor-widget-container\">\n\t\t\t\t\t\t\t\t\t<p>Votre aventure dans le cadre d&#8217;un circuit personnalis\u00e9 \u00e0 Barcelone commence ici !<\/p>\t\t\t\t\t\t\t\t<\/div>\n\t\t\t\t<\/div>\n\t\t\t\t<div class=\"elementor-element elementor-element-c0fbd58 elementor-widget elementor-widget-text-editor\" data-id=\"c0fbd58\" data-element_type=\"widget\" data-e-type=\"widget\" data-widget_type=\"text-editor.default\">\n\t\t\t\t<div class=\"elementor-widget-container\">\n\t\t\t\t\t\t\t\t\t<p>Laissez-vous guider par la visite personnalis\u00e9e de Barcelone pour d\u00e9couvrir cette belle ville.<\/p>\t\t\t\t\t\t\t\t<\/div>\n\t\t\t\t<\/div>\n\t\t\t\t<div class=\"elementor-element elementor-element-a700089 elementor-widget elementor-widget-text-editor\" data-id=\"a700089\" data-element_type=\"widget\" data-e-type=\"widget\" data-widget_type=\"text-editor.default\">\n\t\t\t\t<div class=\"elementor-widget-container\">\n\t\t\t\t\t\t\t\t\t<p>Faites l&#8217;exp\u00e9rience d&#8217;une culture vibrante avec notre visite personnalis\u00e9e de Barcelone.<\/p>\t\t\t\t\t\t\t\t<\/div>\n\t\t\t\t<\/div>\n\t\t\t\t<div class=\"elementor-element elementor-element-9911cdf elementor-widget elementor-widget-text-editor\" data-id=\"9911cdf\" data-element_type=\"widget\" data-e-type=\"widget\" data-widget_type=\"text-editor.default\">\n\t\t\t\t<div class=\"elementor-widget-container\">\n\t\t\t\t\t\t\t\t\t<p>Notre circuit personnalis\u00e9 \u00e0 Barcelone est con\u00e7u sp\u00e9cialement pour vous.<\/p>\t\t\t\t\t\t\t\t<\/div>\n\t\t\t\t<\/div>\n\t\t\t\t<div class=\"elementor-element elementor-element-2cbc110 elementor-align-center elementor-widget__width-inherit elementor-widget elementor-widget-button\" data-id=\"2cbc110\" data-element_type=\"widget\" data-e-type=\"widget\" data-widget_type=\"button.default\">\n\t\t\t\t<div class=\"elementor-widget-container\">\n\t\t\t\t\t\t\t\t\t<div class=\"elementor-button-wrapper\">\n\t\t\t\t\t<a class=\"elementor-button elementor-button-link elementor-size-sm\" href=\"https:\/\/happyrentalbike.com\/fr\/produit\/visite-privee\/?wc_tour_name=customized&#038;\">\n\t\t\t\t\t\t<span class=\"elementor-button-content-wrapper\">\n\t\t\t\t\t\t\t\t\t<span class=\"elementor-button-text\">R\u00e9servez ici<\/span>\n\t\t\t\t\t<\/span>\n\t\t\t\t\t<\/a>\n\t\t\t\t<\/div>\n\t\t\t\t\t\t\t\t<\/div>\n\t\t\t\t<\/div>\n\t\t\t\t<\/div>\n\t\t\t\t<\/div>\n\t\t\t\t\t<\/div>\n\t\t\t\t<\/div>\n\t\t<div class=\"elementor-element elementor-element-33be7f7 e-flex e-con-boxed e-con e-parent\" data-id=\"33be7f7\" data-element_type=\"container\" data-e-type=\"container\">\n\t\t\t\t\t<div class=\"e-con-inner\">\n\t\t\t\t<div class=\"elementor-element elementor-element-47b36d9 elementor-widget elementor-widget-spacer\" data-id=\"47b36d9\" data-element_type=\"widget\" data-e-type=\"widget\" data-widget_type=\"spacer.default\">\n\t\t\t\t<div class=\"elementor-widget-container\">\n\t\t\t\t\t\t\t<div class=\"elementor-spacer\">\n\t\t\t<div class=\"elementor-spacer-inner\"><\/div>\n\t\t<\/div>\n\t\t\t\t\t\t<\/div>\n\t\t\t\t<\/div>\n\t\t\t\t\t<\/div>\n\t\t\t\t<\/div>\n\t\t\t\t<\/div>\n\t\t","protected":false},"excerpt":{"rendered":"<p>D\u00e9couvrez Barcelone \u00e0 votre fa\u00e7on : Explorez la magie de la ville Happy Rental Bike Barcelona Visite personnalis\u00e9e : Votre voyage unique vous attend D\u00e9couvrez Barcelone \u00e0 travers nos &#8221;Tours&#8221; \u00e0 v\u00e9lo : ils sont m\u00e9ticuleusement planifi\u00e9s pour r\u00e9pondre \u00e0 vos pr\u00e9f\u00e9rences. Nous proposons un large \u00e9ventail d&#8217;itin\u00e9raires et de points d&#8217;int\u00e9r\u00eat pour que votre&hellip;<\/p>\n","protected":false},"author":1,"featured_media":0,"parent":0,"menu_order":50,"comment_status":"closed","ping_status":"closed","template":"","meta":{"_joinchat":[],"footnotes":""},"class_list":["post-5736","page","type-page","status-publish","hentry"],"_links":{"self":[{"href":"https:\/\/happyrentalbike.com\/fr\/wp-json\/wp\/v2\/pages\/5736","targetHints":{"allow":["GET"]}}],"collection":[{"href":"https:\/\/happyrentalbike.com\/fr\/wp-json\/wp\/v2\/pages"}],"about":[{"href":"https:\/\/happyrentalbike.com\/fr\/wp-json\/wp\/v2\/types\/page"}],"author":[{"embeddable":true,"href":"https:\/\/happyrentalbike.com\/fr\/wp-json\/wp\/v2\/users\/1"}],"replies":[{"embeddable":true,"href":"https:\/\/happyrentalbike.com\/fr\/wp-json\/wp\/v2\/comments?post=5736"}],"version-history":[{"count":6,"href":"https:\/\/happyrentalbike.com\/fr\/wp-json\/wp\/v2\/pages\/5736\/revisions"}],"predecessor-version":[{"id":6891,"href":"https:\/\/happyrentalbike.com\/fr\/wp-json\/wp\/v2\/pages\/5736\/revisions\/6891"}],"wp:attachment":[{"href":"https:\/\/happyrentalbike.com\/fr\/wp-json\/wp\/v2\/media?parent=5736"}],"curies":[{"name":"wp","href":"https:\/\/api.w.org\/{rel}","templated":true}]}}