{"id":5635,"date":"2025-12-16T09:57:55","date_gmt":"2025-12-16T09:57:55","guid":{"rendered":"https:\/\/happyrentalbike.com\/?page_id=5635"},"modified":"2026-02-03T09:47:05","modified_gmt":"2026-02-03T09:47:05","slug":"visites-privees-2","status":"publish","type":"page","link":"https:\/\/happyrentalbike.com\/fr\/visites-privees-2\/","title":{"rendered":"Visites priv\u00e9es -Visite de la plage de Barcelone"},"content":{"rendered":"\t\t<div data-elementor-type=\"wp-page\" data-elementor-id=\"5635\" class=\"elementor elementor-5635 elementor-5633\" data-elementor-post-type=\"page\">\n\t\t\t\t<div class=\"elementor-element elementor-element-bb2d89f e-con-full e-flex e-con e-parent\" data-id=\"bb2d89f\" data-element_type=\"container\" data-e-type=\"container\">\n\t\t\t\t<div class=\"elementor-element elementor-element-608d05d elementor-widget elementor-widget-spacer\" data-id=\"608d05d\" data-element_type=\"widget\" data-e-type=\"widget\" data-widget_type=\"spacer.default\">\n\t\t\t\t<div class=\"elementor-widget-container\">\n\t\t\t\t\t\t\t<div class=\"elementor-spacer\">\n\t\t\t<div class=\"elementor-spacer-inner\"><\/div>\n\t\t<\/div>\n\t\t\t\t\t\t<\/div>\n\t\t\t\t<\/div>\n\t\t\t\t<div class=\"elementor-element elementor-element-cbe4adb elementor-widget elementor-widget-spacer\" data-id=\"cbe4adb\" data-element_type=\"widget\" data-e-type=\"widget\" data-widget_type=\"spacer.default\">\n\t\t\t\t<div class=\"elementor-widget-container\">\n\t\t\t\t\t\t\t<div class=\"elementor-spacer\">\n\t\t\t<div class=\"elementor-spacer-inner\"><\/div>\n\t\t<\/div>\n\t\t\t\t\t\t<\/div>\n\t\t\t\t<\/div>\n\t\t\t\t<div class=\"elementor-element elementor-element-30893fb elementor-hidden-mobile elementor-widget elementor-widget-image\" data-id=\"30893fb\" data-element_type=\"widget\" data-e-type=\"widget\" data-widget_type=\"image.default\">\n\t\t\t\t<div class=\"elementor-widget-container\">\n\t\t\t\t\t\t\t\t\t\t\t\t\t\t\t<img fetchpriority=\"high\" decoding=\"async\" width=\"1024\" height=\"359\" src=\"https:\/\/happyrentalbike.com\/hrb\/wp-content\/uploads\/2025\/12\/beach-barcelona-1024x359.png\" class=\"attachment-large size-large wp-image-5667\" alt=\"\" srcset=\"https:\/\/happyrentalbike.com\/hrb\/wp-content\/uploads\/2025\/12\/beach-barcelona-1024x359.png 1024w, https:\/\/happyrentalbike.com\/hrb\/wp-content\/uploads\/2025\/12\/beach-barcelona-300x105.png 300w, https:\/\/happyrentalbike.com\/hrb\/wp-content\/uploads\/2025\/12\/beach-barcelona-768x270.png 768w, https:\/\/happyrentalbike.com\/hrb\/wp-content\/uploads\/2025\/12\/beach-barcelona.png 1117w\" sizes=\"(max-width: 1024px) 100vw, 1024px\" \/>\t\t\t\t\t\t\t\t\t\t\t\t\t\t\t<\/div>\n\t\t\t\t<\/div>\n\t\t\t\t<div class=\"elementor-element elementor-element-581de49 elementor-widget elementor-widget-heading\" data-id=\"581de49\" data-element_type=\"widget\" data-e-type=\"widget\" data-widget_type=\"heading.default\">\n\t\t\t\t<div class=\"elementor-widget-container\">\n\t\t\t\t\t<h1 class=\"elementor-heading-title elementor-size-default\">D\u00e9couvrez Barcelone \u00e0 votre fa\u00e7on<br>\n<\/h1>\t\t\t\t<\/div>\n\t\t\t\t<\/div>\n\t\t<div class=\"elementor-element elementor-element-593570d e-con-full e-flex e-con e-child\" data-id=\"593570d\" data-element_type=\"container\" data-e-type=\"container\">\n\t\t\t\t<div class=\"elementor-element elementor-element-cbe2519 elementor-widget elementor-widget-spacer\" data-id=\"cbe2519\" data-element_type=\"widget\" data-e-type=\"widget\" data-widget_type=\"spacer.default\">\n\t\t\t\t<div class=\"elementor-widget-container\">\n\t\t\t\t\t\t\t<div class=\"elementor-spacer\">\n\t\t\t<div class=\"elementor-spacer-inner\"><\/div>\n\t\t<\/div>\n\t\t\t\t\t\t<\/div>\n\t\t\t\t<\/div>\n\t\t\t\t<\/div>\n\t\t\t\t<\/div>\n\t\t<div class=\"elementor-element elementor-element-5642ec2 e-flex e-con-boxed e-con e-parent\" data-id=\"5642ec2\" data-element_type=\"container\" data-e-type=\"container\">\n\t\t\t\t\t<div class=\"e-con-inner\">\n\t\t<div class=\"elementor-element elementor-element-5cd99ee e-con-full e-flex e-con e-child\" data-id=\"5cd99ee\" data-element_type=\"container\" data-e-type=\"container\">\n\t\t\t\t<div class=\"elementor-element elementor-element-02fc837 elementor-widget elementor-widget-shortcode\" data-id=\"02fc837\" data-element_type=\"widget\" data-e-type=\"widget\" data-widget_type=\"shortcode.default\">\n\t\t\t\t<div class=\"elementor-widget-container\">\n\t\t\t\t\t\t\t<div class=\"elementor-shortcode\"><div class=\"align wp-block-tlgb-b-timeline-block\" id='BTimelineBlock-1'\n  data-attributes='{&quot;timelines&quot;:[{&quot;icon&quot;:&quot;&lt;svg xmlns=&#039;http:\\\/\\\/www.w3.org\\\/2000\\\/svg&#039; viewBox=&#039;0 0 448 512&#039;&gt;&lt;path d=&#039;M64 32C28.7 32 0 60.7 0 96V416c0 35.3 28.7 64 64 64h98.2V334.2H109.4V256h52.8V222.3c0-87.1 39.4-127.5 125-127.5c16.2 0 44.2 3.2 55.7 6.4V172c-6-.6-16.5-1-29.6-1c-42 0-58.2 15.9-58.2 57.2V256h83.6l-14.4 78.2H255V480H384c35.3 0 64-28.7 64-64V96c0-35.3-28.7-64-64-64H64z&#039;\\\/&gt;&lt;\\\/svg&gt;&quot;,&quot;date&quot;:&quot;2002&quot;,&quot;label&quot;:&quot;Start at our store&quot;,&quot;description&quot;:&quot;&quot;,&quot;isAddTinyEditor&quot;:false},{&quot;icon&quot;:&quot;&lt;svg xmlns=&#039;http:\\\/\\\/www.w3.org\\\/2000\\\/svg&#039; viewBox=&#039;0 0 16 16&#039; id=&#039;instagram&#039;&gt;&lt;path d=&#039;M8 0C5.829 0 5.556.01 4.703.048 3.85.088 3.269.222 2.76.42a3.9 3.9 0 0 0-1.417.923A3.9 3.9 0 0 0 .42 2.76C.222 3.268.087 3.85.048 4.7.01 5.555 0 5.827 0 8.001c0 2.172.01 2.444.048 3.297.04.852.174 1.433.372 1.942.205.526.478.972.923 1.417.444.445.89.719 1.416.923.51.198 1.09.333 1.942.372C5.555 15.99 5.827 16 8 16s2.444-.01 3.298-.048c.851-.04 1.434-.174 1.943-.372a3.9 3.9 0 0 0 1.416-.923c.445-.445.718-.891.923-1.417.197-.509.332-1.09.372-1.942C15.99 10.445 16 10.173 16 8s-.01-2.445-.048-3.299c-.04-.851-.175-1.433-.372-1.941a3.9 3.9 0 0 0-.923-1.417A3.9 3.9 0 0 0 13.24.42c-.51-.198-1.092-.333-1.943-.372C10.443.01 10.172 0 7.998 0zm-.717 1.442h.718c2.136 0 2.389.007 3.232.046.78.035 1.204.166 1.486.275.373.145.64.319.92.599s.453.546.598.92c.11.281.24.705.275 1.485.039.843.047 1.096.047 3.231s-.008 2.389-.047 3.232c-.035.78-.166 1.203-.275 1.485a2.5 2.5 0 0 1-.599.919c-.28.28-.546.453-.92.598-.28.11-.704.24-1.485.276-.843.038-1.096.047-3.232.047s-2.39-.009-3.233-.047c-.78-.036-1.203-.166-1.485-.276a2.5 2.5 0 0 1-.92-.598 2.5 2.5 0 0 1-.6-.92c-.109-.281-.24-.705-.275-1.485-.038-.843-.046-1.096-.046-3.233s.008-2.388.046-3.231c.036-.78.166-1.204.276-1.486.145-.373.319-.64.599-.92s.546-.453.92-.598c.282-.11.705-.24 1.485-.276.738-.034 1.024-.044 2.515-.045zm4.988 1.328a.96.96 0 1 0 0 1.92.96.96 0 0 0 0-1.92m-4.27 1.122a4.109 4.109 0 1 0 0 8.217 4.109 4.109 0 0 0 0-8.217m0 1.441a2.667 2.667 0 1 1 0 5.334 2.667 2.667 0 0 1 0-5.334&#039;\\\/&gt;&lt;\\\/svg&gt;&quot;,&quot;date&quot;:&quot;2003&quot;,&quot;label&quot;:&quot;Ciutadella Park &amp; Arc de Triomf&quot;,&quot;description&quot;:&quot;&quot;,&quot;isAddTinyEditor&quot;:false},{&quot;icon&quot;:&quot;&lt;svg xmlns=&#039;http:\\\/\\\/www.w3.org\\\/2000\\\/svg&#039; viewBox=&#039;0 0 448 512&#039;&gt;&lt;path d=&#039;M64 32C28.7 32 0 60.7 0 96V416c0 35.3 28.7 64 64 64H384c35.3 0 64-28.7 64-64V96c0-35.3-28.7-64-64-64H64zM351.3 199.3v0c0 86.7-66 186.6-186.6 186.6c-37.2 0-71.7-10.8-100.7-29.4c5.3 .6 10.4 .8 15.8 .8c30.7 0 58.9-10.4 81.4-28c-28.8-.6-53-19.5-61.3-45.5c10.1 1.5 19.2 1.5 29.6-1.2c-30-6.1-52.5-32.5-52.5-64.4v-.8c8.7 4.9 18.9 7.9 29.6 8.3c-9-6-16.4-14.1-21.5-23.6s-7.8-20.2-7.7-31c0-12.2 3.2-23.4 8.9-33.1c32.3 39.8 80.8 65.8 135.2 68.6c-9.3-44.5 24-80.6 64-80.6c18.9 0 35.9 7.9 47.9 20.7c14.8-2.8 29-8.3 41.6-15.8c-4.9 15.2-15.2 28-28.8 36.1c13.2-1.4 26-5.1 37.8-10.2c-8.9 13.1-20.1 24.7-32.9 34c.2 2.8 .2 5.7 .2 8.5z&#039;\\\/&gt;&lt;\\\/svg&gt;&quot;,&quot;date&quot;:&quot;2004&quot;,&quot;label&quot;:&quot;Cap of Barcelona&quot;,&quot;description&quot;:&quot;&quot;,&quot;isAddTinyEditor&quot;:false},{&quot;icon&quot;:&quot;&lt;svg xmlns=&#039;http:\\\/\\\/www.w3.org\\\/2000\\\/svg&#039; viewBox=&#039;0 0 448 512&#039;&gt;&lt;path d=&#039;M64 32C28.7 32 0 60.7 0 96V416c0 35.3 28.7 64 64 64H384c35.3 0 64-28.7 64-64V96c0-35.3-28.7-64-64-64H64zM351.3 199.3v0c0 86.7-66 186.6-186.6 186.6c-37.2 0-71.7-10.8-100.7-29.4c5.3 .6 10.4 .8 15.8 .8c30.7 0 58.9-10.4 81.4-28c-28.8-.6-53-19.5-61.3-45.5c10.1 1.5 19.2 1.5 29.6-1.2c-30-6.1-52.5-32.5-52.5-64.4v-.8c8.7 4.9 18.9 7.9 29.6 8.3c-9-6-16.4-14.1-21.5-23.6s-7.8-20.2-7.7-31c0-12.2 3.2-23.4 8.9-33.1c32.3 39.8 80.8 65.8 135.2 68.6c-9.3-44.5 24-80.6 64-80.6c18.9 0 35.9 7.9 47.9 20.7c14.8-2.8 29-8.3 41.6-15.8c-4.9 15.2-15.2 28-28.8 36.1c13.2-1.4 26-5.1 37.8-10.2c-8.9 13.1-20.1 24.7-32.9 34c.2 2.8 .2 5.7 .2 8.5z&#039;\\\/&gt;&lt;\\\/svg&gt;&quot;,&quot;date&quot;:&quot;2004&quot;,&quot;label&quot;:&quot;Col\\u00f3n&quot;,&quot;description&quot;:&quot;&quot;,&quot;isAddTinyEditor&quot;:false},{&quot;icon&quot;:&quot;&lt;svg xmlns=&#039;http:\\\/\\\/www.w3.org\\\/2000\\\/svg&#039; viewBox=&#039;0 0 448 512&#039;&gt;&lt;path d=&#039;M64 32C28.7 32 0 60.7 0 96V416c0 35.3 28.7 64 64 64H384c35.3 0 64-28.7 64-64V96c0-35.3-28.7-64-64-64H64zM351.3 199.3v0c0 86.7-66 186.6-186.6 186.6c-37.2 0-71.7-10.8-100.7-29.4c5.3 .6 10.4 .8 15.8 .8c30.7 0 58.9-10.4 81.4-28c-28.8-.6-53-19.5-61.3-45.5c10.1 1.5 19.2 1.5 29.6-1.2c-30-6.1-52.5-32.5-52.5-64.4v-.8c8.7 4.9 18.9 7.9 29.6 8.3c-9-6-16.4-14.1-21.5-23.6s-7.8-20.2-7.7-31c0-12.2 3.2-23.4 8.9-33.1c32.3 39.8 80.8 65.8 135.2 68.6c-9.3-44.5 24-80.6 64-80.6c18.9 0 35.9 7.9 47.9 20.7c14.8-2.8 29-8.3 41.6-15.8c-4.9 15.2-15.2 28-28.8 36.1c13.2-1.4 26-5.1 37.8-10.2c-8.9 13.1-20.1 24.7-32.9 34c.2 2.8 .2 5.7 .2 8.5z&#039;\\\/&gt;&lt;\\\/svg&gt;&quot;,&quot;date&quot;:&quot;2004&quot;,&quot;label&quot;:&quot;Port Vell&quot;,&quot;description&quot;:&quot;&quot;,&quot;isAddTinyEditor&quot;:false},{&quot;icon&quot;:&quot;&lt;svg xmlns=&#039;http:\\\/\\\/www.w3.org\\\/2000\\\/svg&#039; viewBox=&#039;0 0 448 512&#039;&gt;&lt;path d=&#039;M64 32C28.7 32 0 60.7 0 96V416c0 35.3 28.7 64 64 64H384c35.3 0 64-28.7 64-64V96c0-35.3-28.7-64-64-64H64zM351.3 199.3v0c0 86.7-66 186.6-186.6 186.6c-37.2 0-71.7-10.8-100.7-29.4c5.3 .6 10.4 .8 15.8 .8c30.7 0 58.9-10.4 81.4-28c-28.8-.6-53-19.5-61.3-45.5c10.1 1.5 19.2 1.5 29.6-1.2c-30-6.1-52.5-32.5-52.5-64.4v-.8c8.7 4.9 18.9 7.9 29.6 8.3c-9-6-16.4-14.1-21.5-23.6s-7.8-20.2-7.7-31c0-12.2 3.2-23.4 8.9-33.1c32.3 39.8 80.8 65.8 135.2 68.6c-9.3-44.5 24-80.6 64-80.6c18.9 0 35.9 7.9 47.9 20.7c14.8-2.8 29-8.3 41.6-15.8c-4.9 15.2-15.2 28-28.8 36.1c13.2-1.4 26-5.1 37.8-10.2c-8.9 13.1-20.1 24.7-32.9 34c.2 2.8 .2 5.7 .2 8.5z&#039;\\\/&gt;&lt;\\\/svg&gt;&quot;,&quot;date&quot;:&quot;2004&quot;,&quot;label&quot;:&quot;Barceloneta&quot;,&quot;description&quot;:&quot;&quot;,&quot;isAddTinyEditor&quot;:false},{&quot;icon&quot;:&quot;&lt;svg xmlns=&#039;http:\\\/\\\/www.w3.org\\\/2000\\\/svg&#039; viewBox=&#039;0 0 448 512&#039;&gt;&lt;path d=&#039;M64 32C28.7 32 0 60.7 0 96V416c0 35.3 28.7 64 64 64H384c35.3 0 64-28.7 64-64V96c0-35.3-28.7-64-64-64H64zM351.3 199.3v0c0 86.7-66 186.6-186.6 186.6c-37.2 0-71.7-10.8-100.7-29.4c5.3 .6 10.4 .8 15.8 .8c30.7 0 58.9-10.4 81.4-28c-28.8-.6-53-19.5-61.3-45.5c10.1 1.5 19.2 1.5 29.6-1.2c-30-6.1-52.5-32.5-52.5-64.4v-.8c8.7 4.9 18.9 7.9 29.6 8.3c-9-6-16.4-14.1-21.5-23.6s-7.8-20.2-7.7-31c0-12.2 3.2-23.4 8.9-33.1c32.3 39.8 80.8 65.8 135.2 68.6c-9.3-44.5 24-80.6 64-80.6c18.9 0 35.9 7.9 47.9 20.7c14.8-2.8 29-8.3 41.6-15.8c-4.9 15.2-15.2 28-28.8 36.1c13.2-1.4 26-5.1 37.8-10.2c-8.9 13.1-20.1 24.7-32.9 34c.2 2.8 .2 5.7 .2 8.5z&#039;\\\/&gt;&lt;\\\/svg&gt;&quot;,&quot;date&quot;:&quot;2004&quot;,&quot;label&quot;:&quot;Hotel W&quot;,&quot;description&quot;:&quot;&quot;,&quot;isAddTinyEditor&quot;:false},{&quot;icon&quot;:&quot;&lt;svg xmlns=&#039;http:\\\/\\\/www.w3.org\\\/2000\\\/svg&#039; viewBox=&#039;0 0 448 512&#039;&gt;&lt;path d=&#039;M64 32C28.7 32 0 60.7 0 96V416c0 35.3 28.7 64 64 64H384c35.3 0 64-28.7 64-64V96c0-35.3-28.7-64-64-64H64zM351.3 199.3v0c0 86.7-66 186.6-186.6 186.6c-37.2 0-71.7-10.8-100.7-29.4c5.3 .6 10.4 .8 15.8 .8c30.7 0 58.9-10.4 81.4-28c-28.8-.6-53-19.5-61.3-45.5c10.1 1.5 19.2 1.5 29.6-1.2c-30-6.1-52.5-32.5-52.5-64.4v-.8c8.7 4.9 18.9 7.9 29.6 8.3c-9-6-16.4-14.1-21.5-23.6s-7.8-20.2-7.7-31c0-12.2 3.2-23.4 8.9-33.1c32.3 39.8 80.8 65.8 135.2 68.6c-9.3-44.5 24-80.6 64-80.6c18.9 0 35.9 7.9 47.9 20.7c14.8-2.8 29-8.3 41.6-15.8c-4.9 15.2-15.2 28-28.8 36.1c13.2-1.4 26-5.1 37.8-10.2c-8.9 13.1-20.1 24.7-32.9 34c.2 2.8 .2 5.7 .2 8.5z&#039;\\\/&gt;&lt;\\\/svg&gt;&quot;,&quot;date&quot;:&quot;2004&quot;,&quot;label&quot;:&quot;Port Ol\\u00edmpic&quot;,&quot;description&quot;:&quot;&quot;,&quot;isAddTinyEditor&quot;:false},{&quot;icon&quot;:&quot;&lt;svg xmlns=&#039;http:\\\/\\\/www.w3.org\\\/2000\\\/svg&#039; viewBox=&#039;0 0 448 512&#039;&gt;&lt;path d=&#039;M64 32C28.7 32 0 60.7 0 96V416c0 35.3 28.7 64 64 64H384c35.3 0 64-28.7 64-64V96c0-35.3-28.7-64-64-64H64zM351.3 199.3v0c0 86.7-66 186.6-186.6 186.6c-37.2 0-71.7-10.8-100.7-29.4c5.3 .6 10.4 .8 15.8 .8c30.7 0 58.9-10.4 81.4-28c-28.8-.6-53-19.5-61.3-45.5c10.1 1.5 19.2 1.5 29.6-1.2c-30-6.1-52.5-32.5-52.5-64.4v-.8c8.7 4.9 18.9 7.9 29.6 8.3c-9-6-16.4-14.1-21.5-23.6s-7.8-20.2-7.7-31c0-12.2 3.2-23.4 8.9-33.1c32.3 39.8 80.8 65.8 135.2 68.6c-9.3-44.5 24-80.6 64-80.6c18.9 0 35.9 7.9 47.9 20.7c14.8-2.8 29-8.3 41.6-15.8c-4.9 15.2-15.2 28-28.8 36.1c13.2-1.4 26-5.1 37.8-10.2c-8.9 13.1-20.1 24.7-32.9 34c.2 2.8 .2 5.7 .2 8.5z&#039;\\\/&gt;&lt;\\\/svg&gt;&quot;,&quot;date&quot;:&quot;2004&quot;,&quot;label&quot;:&quot;Villa Ol\\u00edmpica&quot;,&quot;description&quot;:&quot;&quot;,&quot;isAddTinyEditor&quot;:false},{&quot;icon&quot;:&quot;&lt;svg xmlns=&#039;http:\\\/\\\/www.w3.org\\\/2000\\\/svg&#039; viewBox=&#039;0 0 448 512&#039;&gt;&lt;path d=&#039;M64 32C28.7 32 0 60.7 0 96V416c0 35.3 28.7 64 64 64H384c35.3 0 64-28.7 64-64V96c0-35.3-28.7-64-64-64H64zM351.3 199.3v0c0 86.7-66 186.6-186.6 186.6c-37.2 0-71.7-10.8-100.7-29.4c5.3 .6 10.4 .8 15.8 .8c30.7 0 58.9-10.4 81.4-28c-28.8-.6-53-19.5-61.3-45.5c10.1 1.5 19.2 1.5 29.6-1.2c-30-6.1-52.5-32.5-52.5-64.4v-.8c8.7 4.9 18.9 7.9 29.6 8.3c-9-6-16.4-14.1-21.5-23.6s-7.8-20.2-7.7-31c0-12.2 3.2-23.4 8.9-33.1c32.3 39.8 80.8 65.8 135.2 68.6c-9.3-44.5 24-80.6 64-80.6c18.9 0 35.9 7.9 47.9 20.7c14.8-2.8 29-8.3 41.6-15.8c-4.9 15.2-15.2 28-28.8 36.1c13.2-1.4 26-5.1 37.8-10.2c-8.9 13.1-20.1 24.7-32.9 34c.2 2.8 .2 5.7 .2 8.5z&#039;\\\/&gt;&lt;\\\/svg&gt;&quot;,&quot;date&quot;:&quot;2004&quot;,&quot;label&quot;:&quot;Villa Ol\\u00edmpica&quot;,&quot;description&quot;:&quot;&quot;,&quot;isAddTinyEditor&quot;:false},{&quot;icon&quot;:&quot;&lt;svg xmlns=&#039;http:\\\/\\\/www.w3.org\\\/2000\\\/svg&#039; viewBox=&#039;0 0 448 512&#039;&gt;&lt;path d=&#039;M64 32C28.7 32 0 60.7 0 96V416c0 35.3 28.7 64 64 64H384c35.3 0 64-28.7 64-64V96c0-35.3-28.7-64-64-64H64zM351.3 199.3v0c0 86.7-66 186.6-186.6 186.6c-37.2 0-71.7-10.8-100.7-29.4c5.3 .6 10.4 .8 15.8 .8c30.7 0 58.9-10.4 81.4-28c-28.8-.6-53-19.5-61.3-45.5c10.1 1.5 19.2 1.5 29.6-1.2c-30-6.1-52.5-32.5-52.5-64.4v-.8c8.7 4.9 18.9 7.9 29.6 8.3c-9-6-16.4-14.1-21.5-23.6s-7.8-20.2-7.7-31c0-12.2 3.2-23.4 8.9-33.1c32.3 39.8 80.8 65.8 135.2 68.6c-9.3-44.5 24-80.6 64-80.6c18.9 0 35.9 7.9 47.9 20.7c14.8-2.8 29-8.3 41.6-15.8c-4.9 15.2-15.2 28-28.8 36.1c13.2-1.4 26-5.1 37.8-10.2c-8.9 13.1-20.1 24.7-32.9 34c.2 2.8 .2 5.7 .2 8.5z&#039;\\\/&gt;&lt;\\\/svg&gt;&quot;,&quot;date&quot;:&quot;2004&quot;,&quot;label&quot;:&quot;We\\u2019re going back to the store&quot;,&quot;description&quot;:&quot;&quot;,&quot;isAddTinyEditor&quot;:false}],&quot;labelLocation&quot;:&quot;left&quot;,&quot;verticalTrigger&quot;:&quot;20px&quot;,&quot;barBackground&quot;:&quot;rgba(255, 0, 0, 1)&quot;,&quot;barDotColor&quot;:&quot;rgba(255, 0, 0, 1)&quot;,&quot;itemBorder&quot;:{&quot;width&quot;:&quot;1px&quot;,&quot;color&quot;:&quot;rgba(15, 172, 108, 1)&quot;},&quot;align&quot;:&quot;&quot;,&quot;type&quot;:&quot;vertical&quot;,&quot;itemPosition&quot;:&quot;right&quot;,&quot;startIndex&quot;:1,&quot;vigibleItems&quot;:4,&quot;moveItem&quot;:2,&quot;rtlMode&quot;:false,&quot;itemBg&quot;:&quot;#ffffff&quot;,&quot;itemColor&quot;:&quot;#333333&quot;,&quot;itemTypo&quot;:{&quot;fontSize&quot;:{&quot;desktop&quot;:14,&quot;tablet&quot;:14,&quot;mobile&quot;:14}},&quot;horizontalDatePosition&quot;:&quot;bottom&quot;,&quot;contentBorder&quot;:{&quot;width&quot;:&quot;1px&quot;,&quot;style&quot;:&quot;solid&quot;,&quot;color&quot;:&quot;#72aee6&quot;},&quot;labelTypo&quot;:{&quot;fontSize&quot;:{&quot;desktop&quot;:16,&quot;tablet&quot;:16,&quot;mobile&quot;:16}},&quot;labelColor&quot;:&quot;#222222&quot;,&quot;theme&quot;:&quot;default&quot;,&quot;timelineBar&quot;:{&quot;width&quot;:&quot;3px&quot;,&quot;dotSize&quot;:20,&quot;progressBarbgColor&quot;:{&quot;color&quot;:&quot;linear-gradient(to bottom, #ff6a00, #ee0979)&quot;}},&quot;dateStyles&quot;:{&quot;dateTypo&quot;:{&quot;fontSize&quot;:{&quot;desktop&quot;:14,&quot;tablet&quot;:14,&quot;mobile&quot;:14}},&quot;dateColor&quot;:&quot;black&quot;,&quot;dateContainerSize&quot;:50,&quot;dateBg&quot;:{&quot;color&quot;:&quot;#06b6d4&quot;}},&quot;iconStyles&quot;:{&quot;iconColor&quot;:&quot;orangered&quot;,&quot;iconColorHover&quot;:&quot;red&quot;,&quot;iconSize&quot;:40,&quot;iconContainerSize&quot;:40,&quot;background&quot;:{&quot;normal&quot;:{&quot;color&quot;:&quot;white&quot;},&quot;hover&quot;:{&quot;color&quot;:&quot;red&quot;}},&quot;borderControl&quot;:{&quot;width&quot;:&quot;1px&quot;,&quot;color&quot;:&quot;rgba(18, 235, 195, 1)&quot;,&quot;style&quot;:&quot;inset&quot;},&quot;iconBorderHover&quot;:&quot;1px solid #efefef&quot;}}'><\/div><\/div>\n\t\t\t\t\t\t<\/div>\n\t\t\t\t<\/div>\n\t\t\t\t<\/div>\n\t\t<div class=\"elementor-element elementor-element-5f1cc8a e-con-full e-flex e-con e-child\" data-id=\"5f1cc8a\" data-element_type=\"container\" data-e-type=\"container\">\n\t\t<div class=\"elementor-element elementor-element-0448ce0 e-con-full e-flex e-con e-child\" data-id=\"0448ce0\" data-element_type=\"container\" data-e-type=\"container\">\n\t\t\t\t<div class=\"elementor-element elementor-element-8769fc4 elementor-widget elementor-widget-heading\" data-id=\"8769fc4\" data-element_type=\"widget\" data-e-type=\"widget\" data-widget_type=\"heading.default\">\n\t\t\t\t<div class=\"elementor-widget-container\">\n\t\t\t\t\t<h2 class=\"elementor-heading-title elementor-size-default\">Happy Rental Bike Barcelona Beach Tour<br>\n<\/h2>\t\t\t\t<\/div>\n\t\t\t\t<\/div>\n\t\t\t\t<\/div>\n\t\t<div class=\"elementor-element elementor-element-55cd9a1 e-con-full e-flex e-con e-child\" data-id=\"55cd9a1\" data-element_type=\"container\" data-e-type=\"container\">\n\t\t\t\t<div class=\"elementor-element elementor-element-78d4655 elementor-widget elementor-widget-text-editor\" data-id=\"78d4655\" data-element_type=\"widget\" data-e-type=\"widget\" data-widget_type=\"text-editor.default\">\n\t\t\t\t<div class=\"elementor-widget-container\">\n\t\t\t\t\t\t\t\t\t<p>D\u00e9couvrez le littoral de la Barceloneta avec l&#8217;un de nos guides.<\/p><p data-start=\"44\" data-end=\"399\">Le Happy Rental Bike Barcelona Beach Tour est une <a href=\"https:\/\/www.barcelona.cat\/mobilitat\/es\/medios-de-transporte\/bicicleta\/red-ciclistaciclable\" target=\"_blank\" rel=\"noopener\">exp\u00e9rience cycliste<\/a> guid\u00e9e visant \u00e0 explorer le littoral m\u00e9diterran\u00e9en de Barcelone de mani\u00e8re claire et structur\u00e9e. L&#8217;itin\u00e9raire met en valeur le front de mer de la Barceloneta et les zones c\u00f4ti\u00e8res voisines, en combinant des pistes cyclables d\u00e9di\u00e9es et des promenades ouvertes sur le bord de mer pour offrir des vues continues sur la mer et des conditions de conduite agr\u00e9ables. <\/p><p data-start=\"401\" data-end=\"752\">La visite est soigneusement organis\u00e9e pour montrer la <a href=\"https:\/\/www.barcelona.cat\/es\/que-hacer-en-bcn\/banos-y-playas\" target=\"_blank\" rel=\"noopener\">c\u00f4te baln\u00e9aire de Barcelone<\/a> sous ses meilleurs angles. L&#8217;itin\u00e9raire donne la priorit\u00e9 aux points de vue panoramiques et \u00e9vite les d\u00e9tours inutiles, offrant une vue d&#8217;ensemble coh\u00e9rente de la fa\u00e7on dont la ville est reli\u00e9e \u00e0 la mer. Plut\u00f4t qu&#8217;une promenade improvis\u00e9e, cette exp\u00e9rience suit un itin\u00e9raire raffin\u00e9 con\u00e7u pour l&#8217;efficacit\u00e9, la s\u00e9curit\u00e9 et l&#8217;impact visuel.  <\/p><p data-start=\"754\" data-end=\"1029\">La taille du groupe est limit\u00e9e \u00e0 un maximum de dix participants (six participants si vous choisissez un circuit en scooter \u00e9lectrique). Cela permet un meilleur contr\u00f4le du rythme, une conduite plus s\u00fbre et une communication plus claire avec le guide. Les petits groupes permettent \u00e0 chacun de profiter pleinement de l&#8217;exp\u00e9rience sans retards ou probl\u00e8mes li\u00e9s \u00e0 la foule, comme c&#8217;est souvent le cas dans les grands circuits.  <\/p>\t\t\t\t\t\t\t\t<\/div>\n\t\t\t\t<\/div>\n\t\t\t\t<div class=\"elementor-element elementor-element-71602cc elementor-widget elementor-widget-image\" data-id=\"71602cc\" data-element_type=\"widget\" data-e-type=\"widget\" data-widget_type=\"image.default\">\n\t\t\t\t<div class=\"elementor-widget-container\">\n\t\t\t\t\t\t\t\t\t\t\t\t\t\t\t<img decoding=\"async\" width=\"1018\" height=\"1018\" src=\"https:\/\/happyrentalbike.com\/hrb\/wp-content\/uploads\/2025\/06\/escooter_barcelona.jpg\" class=\"attachment-large size-large wp-image-4805\" alt=\"Tour de la plage de Barcelone avec Happy Rental Bike\" srcset=\"https:\/\/happyrentalbike.com\/hrb\/wp-content\/uploads\/2025\/06\/escooter_barcelona.jpg 1018w, https:\/\/happyrentalbike.com\/hrb\/wp-content\/uploads\/2025\/06\/escooter_barcelona-300x300.jpg 300w, https:\/\/happyrentalbike.com\/hrb\/wp-content\/uploads\/2025\/06\/escooter_barcelona-150x150.jpg 150w, https:\/\/happyrentalbike.com\/hrb\/wp-content\/uploads\/2025\/06\/escooter_barcelona-768x768.jpg 768w, https:\/\/happyrentalbike.com\/hrb\/wp-content\/uploads\/2025\/06\/escooter_barcelona-400x400.jpg 400w, https:\/\/happyrentalbike.com\/hrb\/wp-content\/uploads\/2025\/06\/escooter_barcelona-200x200.jpg 200w\" sizes=\"(max-width: 1018px) 100vw, 1018px\" \/>\t\t\t\t\t\t\t\t\t\t\t\t\t\t\t<\/div>\n\t\t\t\t<\/div>\n\t\t\t\t<div class=\"elementor-element elementor-element-83f8b8a elementor-widget elementor-widget-text-editor\" data-id=\"83f8b8a\" data-element_type=\"widget\" data-e-type=\"widget\" data-widget_type=\"text-editor.default\">\n\t\t\t\t<div class=\"elementor-widget-container\">\n\t\t\t\t\t\t\t\t\t<p data-start=\"1031\" data-end=\"1327\">Tous les circuits commencent et se terminent au point de vente et de location de v\u00e9los Happy Rental, situ\u00e9 \u00e0 quelques pas du parc de la Ciutadella, Calle Roger de Flor, 5. Cet emplacement central offre un acc\u00e8s imm\u00e9diat \u00e0 l&#8217;infrastructure cycliste et simplifie la logistique, ce qui rend le circuit facile \u00e0 int\u00e9grer dans toute visite de Barcelone. <\/p><p data-start=\"1329\" data-end=\"1650\">L&#8217;itin\u00e9raire couvre des zones c\u00f4ti\u00e8res cl\u00e9s telles que la Barceloneta et Port Ol\u00edmpic, sur un terrain plat adapt\u00e9 aux cyclistes ayant un niveau de base. L&#8217;accent est mis sur une conduite d\u00e9tendue et r\u00e9guli\u00e8re plut\u00f4t que sur l&#8217;effort physique, ce qui permet aux participants de se concentrer sur l&#8217;appr\u00e9ciation de l&#8217;environnement et la compr\u00e9hension de la configuration du littoral. <\/p><p data-start=\"1652\" data-end=\"1851\">Des visites sont propos\u00e9es toute l&#8217;ann\u00e9e, avec des d\u00e9parts programm\u00e9s \u00e0 partir de 10h00.<\/p><p data-start=\"1853\" data-end=\"2120\" data-is-last-node=\"\" data-is-only-node=\"\">Le format guid\u00e9 \u00e9limine le besoin de navigation et de planification, permettant aux participants de d\u00e9couvrir les zones de plage de Barcelone comme un ensemble connect\u00e9. Le Barcelona Beach Tour est un moyen efficace et cibl\u00e9 de d\u00e9couvrir l&#8217;identit\u00e9 c\u00f4ti\u00e8re de la ville par le biais du cyclisme urbain. <\/p><p><em><strong>Nous vous attendons avec le plus beau des sourires !<\/strong><\/em><\/p>\t\t\t\t\t\t\t\t<\/div>\n\t\t\t\t<\/div>\n\t\t\t\t<div class=\"elementor-element elementor-element-2cbc110 elementor-align-center elementor-widget__width-inherit elementor-widget elementor-widget-button\" data-id=\"2cbc110\" data-element_type=\"widget\" data-e-type=\"widget\" data-widget_type=\"button.default\">\n\t\t\t\t<div class=\"elementor-widget-container\">\n\t\t\t\t\t\t\t\t\t<div class=\"elementor-button-wrapper\">\n\t\t\t\t\t<a class=\"elementor-button elementor-button-link elementor-size-sm\" href=\"https:\/\/happyrentalbike.com\/produit\/private-tours\/?wc_tour_name=beach-tour&#038;attribute_pa_hours=2-hours&#038;attribute_pa_vehicle-type=bike\">\n\t\t\t\t\t\t<span class=\"elementor-button-content-wrapper\">\n\t\t\t\t\t\t\t\t\t<span class=\"elementor-button-text\">R\u00e9servez ici<\/span>\n\t\t\t\t\t<\/span>\n\t\t\t\t\t<\/a>\n\t\t\t\t<\/div>\n\t\t\t\t\t\t\t\t<\/div>\n\t\t\t\t<\/div>\n\t\t\t\t<\/div>\n\t\t\t\t<\/div>\n\t\t\t\t\t<\/div>\n\t\t\t\t<\/div>\n\t\t<div class=\"elementor-element elementor-element-33be7f7 e-flex e-con-boxed e-con e-parent\" data-id=\"33be7f7\" data-element_type=\"container\" data-e-type=\"container\">\n\t\t\t\t\t<div class=\"e-con-inner\">\n\t\t\t\t<div class=\"elementor-element elementor-element-47b36d9 elementor-widget elementor-widget-spacer\" data-id=\"47b36d9\" data-element_type=\"widget\" data-e-type=\"widget\" data-widget_type=\"spacer.default\">\n\t\t\t\t<div class=\"elementor-widget-container\">\n\t\t\t\t\t\t\t<div class=\"elementor-spacer\">\n\t\t\t<div class=\"elementor-spacer-inner\"><\/div>\n\t\t<\/div>\n\t\t\t\t\t\t<\/div>\n\t\t\t\t<\/div>\n\t\t\t\t\t<\/div>\n\t\t\t\t<\/div>\n\t\t\t\t<\/div>\n\t\t","protected":false},"excerpt":{"rendered":"<p>D\u00e9couvrez Barcelone \u00e0 votre fa\u00e7on Happy Rental Bike Barcelona Beach Tour D\u00e9couvrez le littoral de la Barceloneta avec l&#8217;un de nos guides. Le Happy Rental Bike Barcelona Beach Tour est une exp\u00e9rience cycliste guid\u00e9e visant \u00e0 explorer le littoral m\u00e9diterran\u00e9en de Barcelone de mani\u00e8re claire et structur\u00e9e. L&#8217;itin\u00e9raire met en valeur le front de mer&hellip;<\/p>\n","protected":false},"author":1,"featured_media":0,"parent":0,"menu_order":50,"comment_status":"closed","ping_status":"closed","template":"","meta":{"_joinchat":[],"footnotes":""},"class_list":["post-5635","page","type-page","status-publish","hentry"],"_links":{"self":[{"href":"https:\/\/happyrentalbike.com\/fr\/wp-json\/wp\/v2\/pages\/5635","targetHints":{"allow":["GET"]}}],"collection":[{"href":"https:\/\/happyrentalbike.com\/fr\/wp-json\/wp\/v2\/pages"}],"about":[{"href":"https:\/\/happyrentalbike.com\/fr\/wp-json\/wp\/v2\/types\/page"}],"author":[{"embeddable":true,"href":"https:\/\/happyrentalbike.com\/fr\/wp-json\/wp\/v2\/users\/1"}],"replies":[{"embeddable":true,"href":"https:\/\/happyrentalbike.com\/fr\/wp-json\/wp\/v2\/comments?post=5635"}],"version-history":[{"count":4,"href":"https:\/\/happyrentalbike.com\/fr\/wp-json\/wp\/v2\/pages\/5635\/revisions"}],"predecessor-version":[{"id":6151,"href":"https:\/\/happyrentalbike.com\/fr\/wp-json\/wp\/v2\/pages\/5635\/revisions\/6151"}],"wp:attachment":[{"href":"https:\/\/happyrentalbike.com\/fr\/wp-json\/wp\/v2\/media?parent=5635"}],"curies":[{"name":"wp","href":"https:\/\/api.w.org\/{rel}","templated":true}]}}