{"id":4877,"date":"2023-11-17T16:12:04","date_gmt":"2023-11-17T16:12:04","guid":{"rendered":"https:\/\/happyrentalbike.com\/contact\/"},"modified":"2026-03-20T10:42:34","modified_gmt":"2026-03-20T10:42:34","slug":"contact","status":"publish","type":"page","link":"https:\/\/happyrentalbike.com\/fr\/contact\/","title":{"rendered":"Contact"},"content":{"rendered":"\t\t<div data-elementor-type=\"wp-page\" data-elementor-id=\"4877\" class=\"elementor elementor-4877 elementor-882\" data-elementor-post-type=\"page\">\n\t\t\t\t<div class=\"elementor-element elementor-element-e45c8fe e-con-full e-flex e-con e-parent\" data-id=\"e45c8fe\" data-element_type=\"container\" data-e-type=\"container\" data-settings=\"{&quot;background_background&quot;:&quot;gradient&quot;}\">\n\t\t<div class=\"elementor-element elementor-element-4989ec6 e-flex e-con-boxed e-con e-child\" data-id=\"4989ec6\" data-element_type=\"container\" data-e-type=\"container\">\n\t\t\t\t\t<div class=\"e-con-inner\">\n\t\t\t\t<div class=\"elementor-element elementor-element-aa5553c elementor-widget elementor-widget-the7-heading\" data-id=\"aa5553c\" data-element_type=\"widget\" data-e-type=\"widget\" data-widget_type=\"the7-heading.default\">\n\t\t\t\t<div class=\"elementor-widget-container\">\n\t\t\t\t\t<h2 class=\"the7-heading-title elementor-size-default\">Contactez Happy Rental Bike<\/h2>\t\t\t\t<\/div>\n\t\t\t\t<\/div>\n\t\t\t\t\t<\/div>\n\t\t\t\t<\/div>\n\t\t<div class=\"elementor-element elementor-element-04719cb e-flex e-con-boxed e-con e-child\" data-id=\"04719cb\" data-element_type=\"container\" data-e-type=\"container\">\n\t\t\t\t\t<div class=\"e-con-inner\">\n\t\t<div class=\"elementor-element elementor-element-e3ba294 e-flex e-con-boxed e-con e-child\" data-id=\"e3ba294\" data-element_type=\"container\" data-e-type=\"container\">\n\t\t\t\t\t<div class=\"e-con-inner\">\n\t\t\t\t<div class=\"elementor-element elementor-element-bf6dd42 elementor-widget elementor-widget-the7_svg_image_widget\" data-id=\"bf6dd42\" data-element_type=\"widget\" data-e-type=\"widget\" data-widget_type=\"the7_svg_image_widget.default\">\n\t\t\t\t<div class=\"elementor-widget-container\">\n\t\t\t\t\t<div class=\"the7-svg-wrapper the7-elementor-widget\"><span style=\"-webkit-mask-image:url(https:\/\/happyrentalbike.com\/hrb\/wp-content\/uploads\/2023\/12\/customer-service-agent-2-2-3.svg); mask-image:url(https:\/\/happyrentalbike.com\/hrb\/wp-content\/uploads\/2023\/12\/customer-service-agent-2-2-3.svg)\"><img decoding=\"async\" src=\"https:\/\/happyrentalbike.com\/hrb\/wp-content\/uploads\/2023\/12\/customer-service-agent-2-2-3.svg\" title=\"customer-service-agent (2) 2 (3)\" alt=\"customer-service-agent (2) 2 (3)\" loading=\"lazy\" \/><\/span><\/div>\t\t\t\t<\/div>\n\t\t\t\t<\/div>\n\t\t\t\t<div class=\"elementor-element elementor-element-4c4573e elementor-widget elementor-widget-heading\" data-id=\"4c4573e\" data-element_type=\"widget\" data-e-type=\"widget\" data-widget_type=\"heading.default\">\n\t\t\t\t<div class=\"elementor-widget-container\">\n\t\t\t\t\t<h4 class=\"elementor-heading-title elementor-size-default\">Soutien \u00e0 la client\u00e8le<\/h4>\t\t\t\t<\/div>\n\t\t\t\t<\/div>\n\t\t\t\t<div class=\"elementor-element elementor-element-fb1c13b elementor-widget elementor-widget-text-editor\" data-id=\"fb1c13b\" data-element_type=\"widget\" data-e-type=\"widget\" data-widget_type=\"text-editor.default\">\n\t\t\t\t<div class=\"elementor-widget-container\">\n\t\t\t\t\t\t\t\t\t<p><span style=\"color: #ffffff;\">Si vous avez besoin d&#8217;aide, apprenez comment <strong>contacter Happy Rental Bike<\/strong> pour une assistance imm\u00e9diate.<\/span><\/p>\t\t\t\t\t\t\t\t<\/div>\n\t\t\t\t<\/div>\n\t\t\t\t<div class=\"elementor-element elementor-element-88b4f49 elementor-widget elementor-widget-text-editor\" data-id=\"88b4f49\" data-element_type=\"widget\" data-e-type=\"widget\" data-widget_type=\"text-editor.default\">\n\t\t\t\t<div class=\"elementor-widget-container\">\n\t\t\t\t\t\t\t\t\t<p><span style=\"color: #ffffff;\">Vous pouvez aussi facilement <strong>contacter Happy Rental Bike<\/strong> via notre formulaire en ligne.<\/span><\/p>\t\t\t\t\t\t\t\t<\/div>\n\t\t\t\t<\/div>\n\t\t\t\t<div class=\"elementor-element elementor-element-1120ba0 elementor-widget elementor-widget-text-editor\" data-id=\"1120ba0\" data-element_type=\"widget\" data-e-type=\"widget\" data-widget_type=\"text-editor.default\">\n\t\t\t\t<div class=\"elementor-widget-container\">\n\t\t\t\t\t\t\t\t\t<a style=\"color:white\" href=\"tel:+34933285834\">(+34) 933 28 58 34<\/a>\t\t\t\t\t\t\t\t<\/div>\n\t\t\t\t<\/div>\n\t\t\t\t<div class=\"elementor-element elementor-element-7a6be04 elementor-widget elementor-widget-text-editor\" data-id=\"7a6be04\" data-element_type=\"widget\" data-e-type=\"widget\" data-widget_type=\"text-editor.default\">\n\t\t\t\t<div class=\"elementor-widget-container\">\n\t\t\t\t\t\t\t\t\t<p>Non Stop : 10:00 &#8211; 19:00 (tous les jours)<\/p>\t\t\t\t\t\t\t\t<\/div>\n\t\t\t\t<\/div>\n\t\t\t\t<div class=\"elementor-element elementor-element-47a02e4 elementor-widget elementor-widget-text-editor\" data-id=\"47a02e4\" data-element_type=\"widget\" data-e-type=\"widget\" data-widget_type=\"text-editor.default\">\n\t\t\t\t<div class=\"elementor-widget-container\">\n\t\t\t\t\t\t\t\t\t<p><span style=\"color: #ffffff;\">Pour plus d&#8217;informations, n&#8217;h\u00e9sitez pas \u00e0 <strong>contacter Happy Rental Bike<\/strong> tous les jours de la semaine.<\/span><\/p>\t\t\t\t\t\t\t\t<\/div>\n\t\t\t\t<\/div>\n\t\t\t\t\t<\/div>\n\t\t\t\t<\/div>\n\t\t<div class=\"elementor-element elementor-element-bc64ff0 e-flex e-con-boxed e-con e-child\" data-id=\"bc64ff0\" data-element_type=\"container\" data-e-type=\"container\">\n\t\t\t\t\t<div class=\"e-con-inner\">\n\t\t\t\t<div class=\"elementor-element elementor-element-a0f5860 elementor-widget elementor-widget-the7_svg_image_widget\" data-id=\"a0f5860\" data-element_type=\"widget\" data-e-type=\"widget\" data-widget_type=\"the7_svg_image_widget.default\">\n\t\t\t\t<div class=\"elementor-widget-container\">\n\t\t\t\t\t<div class=\"the7-svg-wrapper the7-elementor-widget\"><span style=\"-webkit-mask-image:url(https:\/\/happyrentalbike.com\/hrb\/wp-content\/uploads\/2023\/12\/map-navigation-1-1.svg); mask-image:url(https:\/\/happyrentalbike.com\/hrb\/wp-content\/uploads\/2023\/12\/map-navigation-1-1.svg)\"><img decoding=\"async\" src=\"https:\/\/happyrentalbike.com\/hrb\/wp-content\/uploads\/2023\/12\/map-navigation-1-1.svg\" title=\"map-navigation 1\" alt=\"map-navigation 1\" loading=\"lazy\" \/><\/span><\/div>\t\t\t\t<\/div>\n\t\t\t\t<\/div>\n\t\t\t\t<div class=\"elementor-element elementor-element-6a6097d elementor-widget elementor-widget-heading\" data-id=\"6a6097d\" data-element_type=\"widget\" data-e-type=\"widget\" data-widget_type=\"heading.default\">\n\t\t\t\t<div class=\"elementor-widget-container\">\n\t\t\t\t\t<h4 class=\"elementor-heading-title elementor-size-default\">Adresse postale<\/h4>\t\t\t\t<\/div>\n\t\t\t\t<\/div>\n\t\t\t\t<div class=\"elementor-element elementor-element-f139be5 elementor-widget elementor-widget-text-editor\" data-id=\"f139be5\" data-element_type=\"widget\" data-e-type=\"widget\" data-widget_type=\"text-editor.default\">\n\t\t\t\t<div class=\"elementor-widget-container\">\n\t\t\t\t\t\t\t\t\t<p><span style=\"color: #ffffff;\">Nous sommes heureux de recevoir vos demandes de renseignements ! N&#8217;h\u00e9sitez pas \u00e0 <strong>contacter Happy Rental Bike<\/strong> par courrier ou \u00e0 notre magasin de Barcelone. <\/span><\/p>\t\t\t\t\t\t\t\t<\/div>\n\t\t\t\t<\/div>\n\t\t\t\t<div class=\"elementor-element elementor-element-d9ac151 elementor-widget elementor-widget-text-editor\" data-id=\"d9ac151\" data-element_type=\"widget\" data-e-type=\"widget\" data-widget_type=\"text-editor.default\">\n\t\t\t\t<div class=\"elementor-widget-container\">\n\t\t\t\t\t\t\t\t\t<p>Roger de Flor, 5<br>08018 Barcelona<br>Espagne<\/p>\t\t\t\t\t\t\t\t<\/div>\n\t\t\t\t<\/div>\n\t\t\t\t\t<\/div>\n\t\t\t\t<\/div>\n\t\t<div class=\"elementor-element elementor-element-f32100b e-flex e-con-boxed e-con e-child\" data-id=\"f32100b\" data-element_type=\"container\" data-e-type=\"container\">\n\t\t\t\t\t<div class=\"e-con-inner\">\n\t\t\t\t<div class=\"elementor-element elementor-element-46a4596 elementor-widget elementor-widget-the7_svg_image_widget\" data-id=\"46a4596\" data-element_type=\"widget\" data-e-type=\"widget\" data-widget_type=\"the7_svg_image_widget.default\">\n\t\t\t\t<div class=\"elementor-widget-container\">\n\t\t\t\t\t<div class=\"the7-svg-wrapper the7-elementor-widget\"><span style=\"-webkit-mask-image:url(https:\/\/happyrentalbike.com\/hrb\/wp-content\/uploads\/2023\/12\/envelope-lines-2-1.svg); mask-image:url(https:\/\/happyrentalbike.com\/hrb\/wp-content\/uploads\/2023\/12\/envelope-lines-2-1.svg)\"><img decoding=\"async\" src=\"https:\/\/happyrentalbike.com\/hrb\/wp-content\/uploads\/2023\/12\/envelope-lines-2-1.svg\" title=\"envelope-lines (2) 1\" alt=\"envelope-lines (2) 1\" loading=\"lazy\" \/><\/span><\/div>\t\t\t\t<\/div>\n\t\t\t\t<\/div>\n\t\t\t\t<div class=\"elementor-element elementor-element-61de1a7 elementor-widget elementor-widget-heading\" data-id=\"61de1a7\" data-element_type=\"widget\" data-e-type=\"widget\" data-widget_type=\"heading.default\">\n\t\t\t\t<div class=\"elementor-widget-container\">\n\t\t\t\t\t<h4 class=\"elementor-heading-title elementor-size-default\">Courriel<\/h4>\t\t\t\t<\/div>\n\t\t\t\t<\/div>\n\t\t\t\t<div class=\"elementor-element elementor-element-82eaa69 elementor-widget elementor-widget-text-editor\" data-id=\"82eaa69\" data-element_type=\"widget\" data-e-type=\"widget\" data-widget_type=\"text-editor.default\">\n\t\t\t\t<div class=\"elementor-widget-container\">\n\t\t\t\t\t\t\t\t\t<p><span style=\"color: #ffffff;\"><a style=\"color: #ffffff;\" href=\"mailto:tienda@happyrentalbike.com\">tienda@happyrentalbike.com<\/a><\/span><\/p>\t\t\t\t\t\t\t\t<\/div>\n\t\t\t\t<\/div>\n\t\t\t\t<div class=\"elementor-element elementor-element-b89c961 elementor-widget elementor-widget-text-editor\" data-id=\"b89c961\" data-element_type=\"widget\" data-e-type=\"widget\" data-widget_type=\"text-editor.default\">\n\t\t\t\t<div class=\"elementor-widget-container\">\n\t\t\t\t\t\t\t\t\t<p><span style=\"color: #ffffff;\">Pour une r\u00e9ponse rapide, n&#8217;oubliez pas de <strong>contacter Happy Rental Bike<\/strong> par e-mail.<\/span><\/p>\t\t\t\t\t\t\t\t<\/div>\n\t\t\t\t<\/div>\n\t\t\t\t\t<\/div>\n\t\t\t\t<\/div>\n\t\t\t\t\t<\/div>\n\t\t\t\t<\/div>\n\t\t\t\t<\/div>\n\t\t<div class=\"elementor-element elementor-element-6c57333 e-con-full e-flex e-con e-parent\" data-id=\"6c57333\" data-element_type=\"container\" data-e-type=\"container\" data-settings=\"{&quot;background_background&quot;:&quot;gradient&quot;}\">\n\t\t<div class=\"elementor-element elementor-element-b9b815d e-grid e-con-boxed e-con e-child\" data-id=\"b9b815d\" data-element_type=\"container\" data-e-type=\"container\">\n\t\t\t\t\t<div class=\"e-con-inner\">\n\t\t\t\t<div class=\"elementor-element elementor-element-70cc770 elementor-widget elementor-widget-image\" data-id=\"70cc770\" data-element_type=\"widget\" data-e-type=\"widget\" data-widget_type=\"image.default\">\n\t\t\t\t<div class=\"elementor-widget-container\">\n\t\t\t\t\t\t\t\t\t\t\t\t\t\t\t\t<a href=\"https:\/\/maps.app.goo.gl\/EmbLp3o773kMAyxC7\" target=\"_blank\" rel=\"noopener\">\n\t\t\t\t\t\t\t<img fetchpriority=\"high\" decoding=\"async\" width=\"665\" height=\"742\" src=\"https:\/\/happyrentalbike.com\/hrb\/wp-content\/uploads\/2026\/01\/hrb_map_v.png\" class=\"attachment-full size-full wp-image-6153\" alt=\"\" srcset=\"https:\/\/happyrentalbike.com\/hrb\/wp-content\/uploads\/2026\/01\/hrb_map_v.png 665w, https:\/\/happyrentalbike.com\/hrb\/wp-content\/uploads\/2026\/01\/hrb_map_v-269x300.png 269w\" sizes=\"(max-width: 665px) 100vw, 665px\" \/>\t\t\t\t\t\t\t\t<\/a>\n\t\t\t\t\t\t\t\t\t\t\t\t\t\t\t<\/div>\n\t\t\t\t<\/div>\n\t\t\t\t<div class=\"elementor-element elementor-element-1877030 elementor-widget elementor-widget-shortcode\" data-id=\"1877030\" data-element_type=\"widget\" data-e-type=\"widget\" data-widget_type=\"shortcode.default\">\n\t\t\t\t<div class=\"elementor-widget-container\">\n\t\t\t\t\t\t\t<div class=\"elementor-shortcode\">\n<div class=\"wpcf7 no-js\" id=\"wpcf7-f4995-o1\" lang=\"fr-FR\" dir=\"ltr\" data-wpcf7-id=\"4995\">\n<div class=\"screen-reader-response\"><p role=\"status\" aria-live=\"polite\" aria-atomic=\"true\"><\/p> <ul><\/ul><\/div>\n<form action=\"\/fr\/wp-json\/wp\/v2\/pages\/4877#wpcf7-f4995-o1\" method=\"post\" class=\"wpcf7-form init\" aria-label=\"Contact form\" novalidate=\"novalidate\" data-status=\"init\">\n<fieldset class=\"hidden-fields-container\"><input type=\"hidden\" name=\"_wpcf7\" value=\"4995\" \/><input type=\"hidden\" name=\"_wpcf7_version\" value=\"6.1.5\" \/><input type=\"hidden\" name=\"_wpcf7_locale\" value=\"fr_FR\" \/><input type=\"hidden\" name=\"_wpcf7_unit_tag\" value=\"wpcf7-f4995-o1\" \/><input type=\"hidden\" name=\"_wpcf7_container_post\" value=\"0\" \/><input type=\"hidden\" name=\"_wpcf7_posted_data_hash\" value=\"\" \/><input type=\"hidden\" name=\"_wpcf7_recaptcha_response\" value=\"\" \/>\n<\/fieldset>\n<p><label> Votre nom<br \/>\n<span class=\"wpcf7-form-control-wrap\" data-name=\"your-name\"><input size=\"40\" maxlength=\"400\" class=\"wpcf7-form-control wpcf7-text wpcf7-validates-as-required\" autocomplete=\"name\" aria-required=\"true\" aria-invalid=\"false\" value=\"\" type=\"text\" name=\"your-name\" \/><\/span> <\/label>\n<\/p>\n<p><label> Votre email<br \/>\n<span class=\"wpcf7-form-control-wrap\" data-name=\"your-email\"><input size=\"40\" maxlength=\"400\" class=\"wpcf7-form-control wpcf7-email wpcf7-validates-as-required wpcf7-text wpcf7-validates-as-email\" autocomplete=\"email\" aria-required=\"true\" aria-invalid=\"false\" value=\"\" type=\"email\" name=\"your-email\" \/><\/span> <\/label>\n<\/p>\n<p><label> Sujet<br \/>\n<span class=\"wpcf7-form-control-wrap\" data-name=\"your-subject\"><input size=\"40\" maxlength=\"400\" class=\"wpcf7-form-control wpcf7-text wpcf7-validates-as-required\" aria-required=\"true\" aria-invalid=\"false\" value=\"\" type=\"text\" name=\"your-subject\" \/><\/span> <\/label>\n<\/p>\n<p><label> Votre message (facultatif)<br \/>\n<span class=\"wpcf7-form-control-wrap\" data-name=\"your-message\"><textarea cols=\"40\" rows=\"10\" maxlength=\"2000\" class=\"wpcf7-form-control wpcf7-textarea\" aria-invalid=\"false\" name=\"your-message\"><\/textarea><\/span> <\/label>\n<\/p>\n<p><input class=\"wpcf7-form-control wpcf7-submit has-spinner\" type=\"submit\" value=\"Soumettre\" \/>\n<\/p><div class=\"wpcf7-response-output\" aria-hidden=\"true\"><\/div>\n<\/form>\n<\/div>\n<\/div>\n\t\t\t\t\t\t<\/div>\n\t\t\t\t<\/div>\n\t\t\t\t\t<\/div>\n\t\t\t\t<\/div>\n\t\t\t\t<\/div>\n\t\t\t\t<\/div>\n\t\t","protected":false},"excerpt":{"rendered":"<p>Contactez Happy Rental Bike Soutien \u00e0 la client\u00e8le Si vous avez besoin d&#8217;aide, apprenez comment contacter Happy Rental Bike pour une assistance imm\u00e9diate. Vous pouvez aussi facilement contacter Happy Rental Bike via notre formulaire en ligne. (+34) 933 28 58 34 Non Stop : 10:00 &#8211; 19:00 (tous les jours) Pour plus d&#8217;informations, n&#8217;h\u00e9sitez pas&hellip;<\/p>\n","protected":false},"author":1,"featured_media":0,"parent":0,"menu_order":80,"comment_status":"closed","ping_status":"closed","template":"elementor_header_footer","meta":{"_joinchat":[],"footnotes":""},"class_list":["post-4877","page","type-page","status-publish","hentry"],"_links":{"self":[{"href":"https:\/\/happyrentalbike.com\/fr\/wp-json\/wp\/v2\/pages\/4877","targetHints":{"allow":["GET"]}}],"collection":[{"href":"https:\/\/happyrentalbike.com\/fr\/wp-json\/wp\/v2\/pages"}],"about":[{"href":"https:\/\/happyrentalbike.com\/fr\/wp-json\/wp\/v2\/types\/page"}],"author":[{"embeddable":true,"href":"https:\/\/happyrentalbike.com\/fr\/wp-json\/wp\/v2\/users\/1"}],"replies":[{"embeddable":true,"href":"https:\/\/happyrentalbike.com\/fr\/wp-json\/wp\/v2\/comments?post=4877"}],"version-history":[{"count":4,"href":"https:\/\/happyrentalbike.com\/fr\/wp-json\/wp\/v2\/pages\/4877\/revisions"}],"predecessor-version":[{"id":7050,"href":"https:\/\/happyrentalbike.com\/fr\/wp-json\/wp\/v2\/pages\/4877\/revisions\/7050"}],"wp:attachment":[{"href":"https:\/\/happyrentalbike.com\/fr\/wp-json\/wp\/v2\/media?parent=4877"}],"curies":[{"name":"wp","href":"https:\/\/api.w.org\/{rel}","templated":true}]}}