{"id":4874,"date":"2025-05-29T12:18:54","date_gmt":"2025-05-29T12:18:54","guid":{"rendered":"https:\/\/happyrentalbike.com\/stage-a-barcelone\/"},"modified":"2025-07-16T10:08:44","modified_gmt":"2025-07-16T10:08:44","slug":"stage-a-barcelone","status":"publish","type":"page","link":"https:\/\/happyrentalbike.com\/fr\/stage-a-barcelone\/","title":{"rendered":"Stage \u00e0 Barcelone"},"content":{"rendered":"\t\t<div data-elementor-type=\"wp-page\" data-elementor-id=\"4874\" class=\"elementor elementor-4874 elementor-4197\" data-elementor-post-type=\"page\">\n\t\t\t\t<div class=\"elementor-element elementor-element-302edf2 e-flex e-con-boxed e-con e-parent\" data-id=\"302edf2\" data-element_type=\"container\" data-e-type=\"container\">\n\t\t\t\t\t<div class=\"e-con-inner\">\n\t\t\t\t<div class=\"elementor-element elementor-element-76c5f7d elementor-widget elementor-widget-spacer\" data-id=\"76c5f7d\" data-element_type=\"widget\" data-e-type=\"widget\" data-widget_type=\"spacer.default\">\n\t\t\t\t<div class=\"elementor-widget-container\">\n\t\t\t\t\t\t\t<div class=\"elementor-spacer\">\n\t\t\t<div class=\"elementor-spacer-inner\"><\/div>\n\t\t<\/div>\n\t\t\t\t\t\t<\/div>\n\t\t\t\t<\/div>\n\t\t\t\t<div class=\"elementor-element elementor-element-7ef80c0 elementor-widget elementor-widget-image\" data-id=\"7ef80c0\" data-element_type=\"widget\" data-e-type=\"widget\" data-widget_type=\"image.default\">\n\t\t\t\t<div class=\"elementor-widget-container\">\n\t\t\t\t\t\t\t\t\t\t\t\t\t\t\t<img fetchpriority=\"high\" decoding=\"async\" width=\"876\" height=\"282\" src=\"https:\/\/happyrentalbike.com\/hrb\/wp-content\/uploads\/2025\/05\/barcelona-internship.webp\" class=\"attachment-large size-large wp-image-4791\" alt=\"\" srcset=\"https:\/\/happyrentalbike.com\/hrb\/wp-content\/uploads\/2025\/05\/barcelona-internship.webp 876w, https:\/\/happyrentalbike.com\/hrb\/wp-content\/uploads\/2025\/05\/barcelona-internship-300x97.webp 300w, https:\/\/happyrentalbike.com\/hrb\/wp-content\/uploads\/2025\/05\/barcelona-internship-768x247.webp 768w\" sizes=\"(max-width: 876px) 100vw, 876px\" \/>\t\t\t\t\t\t\t\t\t\t\t\t\t\t\t<\/div>\n\t\t\t\t<\/div>\n\t\t\t\t<div class=\"elementor-element elementor-element-13148f1 elementor-widget elementor-widget-spacer\" data-id=\"13148f1\" data-element_type=\"widget\" data-e-type=\"widget\" data-widget_type=\"spacer.default\">\n\t\t\t\t<div class=\"elementor-widget-container\">\n\t\t\t\t\t\t\t<div class=\"elementor-spacer\">\n\t\t\t<div class=\"elementor-spacer-inner\"><\/div>\n\t\t<\/div>\n\t\t\t\t\t\t<\/div>\n\t\t\t\t<\/div>\n\t\t\t\t<div class=\"elementor-element elementor-element-4b37c43 elementor-widget elementor-widget-heading\" data-id=\"4b37c43\" data-element_type=\"widget\" data-e-type=\"widget\" data-widget_type=\"heading.default\">\n\t\t\t\t<div class=\"elementor-widget-container\">\n\t\t\t\t\t<h3 class=\"elementor-heading-title elementor-size-default\">Vous cherchez un stage \u00e0 Barcelone ?<\/h3>\t\t\t\t<\/div>\n\t\t\t\t<\/div>\n\t\t\t\t<div class=\"elementor-element elementor-element-e124f25 elementor-widget elementor-widget-text-editor\" data-id=\"e124f25\" data-element_type=\"widget\" data-e-type=\"widget\" data-widget_type=\"text-editor.default\">\n\t\t\t\t<div class=\"elementor-widget-container\">\n\t\t\t\t\t\t\t\t\t<p>Happy Rental Bike Barcelona propose des stages aux \u00e9tudiants tout au long de l&#8217;ann\u00e9e. Si vous r\u00e9pondez aux crit\u00e8res de base (voir ci-dessous), contactez-nous et nous vous enverrons les d\u00e9tails de la candidature. <\/p><h4>Exigences de base pour le candidat :<\/h4><p>&#8211; Vous devez \u00eatre un \u00e9tudiant r\u00e9sidant dans l&#8217;Union europ\u00e9enne et \u00eatre inscrit dans un \u00e9tablissement d&#8217;enseignement sup\u00e9rieur.<br>&#8211; Haut niveau d&#8217;anglais (langue de travail) et d&#8217;espagnol (notions de base). L&#8217;italien, le fran\u00e7ais, l&#8217;allemand ou le russe sont un plus.<br>&#8211; Permis de conduire valide, en cours de validit\u00e9 et en r\u00e8gle.<br>&#8211; Stage de 4 mois minimum.<\/p><h4>Accord universitaire :<\/h4><p>Votre \u00e9tablissement d&#8217;enseignement DOIT vous couvrir par une convention de stage pour toute la dur\u00e9e du stage. Les \u00e9tudiants b\u00e9n\u00e9ficiant de bourses europ\u00e9ennes telles que Leonardo, Erasmus, Euro Odysee, Erasmus pour jeunes entrepreneurs ou d&#8217;autres programmes sont encourag\u00e9s \u00e0 poser leur candidature et nous vous aiderons \u00e0 remplir tous les formulaires requis pour postuler \u00e0 ces bourses. <\/p><h4>Conditions de base du stage :<\/h4><ul><li>40 heures par semaine<\/li><li>2 jours gratuits sur 7<\/li><li>1 jour de cong\u00e9 suppl\u00e9mentaire par mois travaill\u00e9<\/li><li>150\u20ac par mois + primes<\/li><\/ul><p>Bien que nous soyons une entreprise de tourisme, nous acceptons les candidatures provenant de tous les domaines d&#8217;\u00e9tudes.<\/p><p>Si vous souhaitez recevoir plus d&#8217;informations sur la possibilit\u00e9 d&#8217;effectuer un stage \u00e0 Barcelone avec nous \u00e0 Happy Rental Bike. Veuillez nous envoyer un courriel \u00e0 tienda@happyrentalbike.com. <\/p><p> <\/p>\t\t\t\t\t\t\t\t<\/div>\n\t\t\t\t<\/div>\n\t\t\t\t<div class=\"elementor-element elementor-element-86cc966 elementor-widget elementor-widget-spacer\" data-id=\"86cc966\" data-element_type=\"widget\" data-e-type=\"widget\" data-widget_type=\"spacer.default\">\n\t\t\t\t<div class=\"elementor-widget-container\">\n\t\t\t\t\t\t\t<div class=\"elementor-spacer\">\n\t\t\t<div class=\"elementor-spacer-inner\"><\/div>\n\t\t<\/div>\n\t\t\t\t\t\t<\/div>\n\t\t\t\t<\/div>\n\t\t\t\t\t<\/div>\n\t\t\t\t<\/div>\n\t\t\t\t<\/div>\n\t\t","protected":false},"excerpt":{"rendered":"<p>Vous cherchez un stage \u00e0 Barcelone ? Happy Rental Bike Barcelona propose des stages aux \u00e9tudiants tout au long de l&#8217;ann\u00e9e. Si vous r\u00e9pondez aux crit\u00e8res de base (voir ci-dessous), contactez-nous et nous vous enverrons les d\u00e9tails de la candidature. Exigences de base pour le candidat : &#8211; Vous devez \u00eatre un \u00e9tudiant r\u00e9sidant dans&hellip;<\/p>\n","protected":false},"author":1,"featured_media":0,"parent":0,"menu_order":180,"comment_status":"closed","ping_status":"closed","template":"","meta":{"_joinchat":[],"footnotes":""},"class_list":["post-4874","page","type-page","status-publish","hentry"],"_links":{"self":[{"href":"https:\/\/happyrentalbike.com\/fr\/wp-json\/wp\/v2\/pages\/4874","targetHints":{"allow":["GET"]}}],"collection":[{"href":"https:\/\/happyrentalbike.com\/fr\/wp-json\/wp\/v2\/pages"}],"about":[{"href":"https:\/\/happyrentalbike.com\/fr\/wp-json\/wp\/v2\/types\/page"}],"author":[{"embeddable":true,"href":"https:\/\/happyrentalbike.com\/fr\/wp-json\/wp\/v2\/users\/1"}],"replies":[{"embeddable":true,"href":"https:\/\/happyrentalbike.com\/fr\/wp-json\/wp\/v2\/comments?post=4874"}],"version-history":[{"count":1,"href":"https:\/\/happyrentalbike.com\/fr\/wp-json\/wp\/v2\/pages\/4874\/revisions"}],"predecessor-version":[{"id":4875,"href":"https:\/\/happyrentalbike.com\/fr\/wp-json\/wp\/v2\/pages\/4874\/revisions\/4875"}],"wp:attachment":[{"href":"https:\/\/happyrentalbike.com\/fr\/wp-json\/wp\/v2\/media?parent=4874"}],"curies":[{"name":"wp","href":"https:\/\/api.w.org\/{rel}","templated":true}]}}