{"id":6236,"date":"2025-07-29T11:55:17","date_gmt":"2025-07-29T11:55:17","guid":{"rendered":"https:\/\/happyrentalbike.com\/product\/visita-privada\/"},"modified":"2026-03-20T10:38:04","modified_gmt":"2026-03-20T10:38:04","slug":"visita-privada","status":"publish","type":"product","link":"https:\/\/happyrentalbike.com\/es\/producto\/visita-privada\/","title":{"rendered":"Visita privada"},"content":{"rendered":"<p><span class=\"elementor-drop-cap\"><span class=\"elementor-drop-cap-letter\">E<\/span><\/span>xperimenta Barcelona City Tour Privado a la medida de tus intereses, ritmo y preferencias. Tanto si es tu primera visita como si est\u00e1s deseando descubrir joyas ocultas m\u00e1s all\u00e1 de las rutas tur\u00edsticas habituales, nuestros recorridos personalizados te ofrecen la libertad de explorar la ciudad a tu manera y con gu\u00edas locales. <\/p>\n","protected":false},"excerpt":{"rendered":"<p><span class=\"elementor-drop-cap\"><span class=\"elementor-drop-cap-letter\">E<\/span><\/span>xperimenta Barcelona mediante un recorrido privado adaptado a tus intereses, ritmo y preferencias. Tanto si es tu primera visita como si est\u00e1s deseando descubrir joyas ocultas m\u00e1s all\u00e1 de las rutas tur\u00edsticas habituales, nuestros recorridos personalizados te ofrecen la libertad de explorar la ciudad a tu manera. <\/p>\n<hr>\n<p><strong><span style=\"color: #ffcc00;\">IMPORTANTE:  <\/span><\/strong><\/p>\n<p><strong><span style=\"color: #ffcc00;\">La edad m\u00ednima para los veh\u00edculos el\u00e9ctricos es de 16 a\u00f1os.<\/span><\/strong><\/p>\n<p>&nbsp;<\/p>\n","protected":false},"featured_media":4750,"template":"","meta":{"_joinchat":[]},"product_brand":[],"product_cat":[157],"product_tag":[],"class_list":{"0":"post-6236","1":"product","2":"type-product","3":"status-publish","4":"has-post-thumbnail","6":"product_cat-visitas","7":"description-off","9":"first","10":"instock","11":"shipping-taxable","12":"purchasable","13":"product-type-variable"},"_links":{"self":[{"href":"https:\/\/happyrentalbike.com\/es\/wp-json\/wp\/v2\/product\/6236","targetHints":{"allow":["GET"]}}],"collection":[{"href":"https:\/\/happyrentalbike.com\/es\/wp-json\/wp\/v2\/product"}],"about":[{"href":"https:\/\/happyrentalbike.com\/es\/wp-json\/wp\/v2\/types\/product"}],"wp:featuredmedia":[{"embeddable":true,"href":"https:\/\/happyrentalbike.com\/es\/wp-json\/wp\/v2\/media\/4750"}],"wp:attachment":[{"href":"https:\/\/happyrentalbike.com\/es\/wp-json\/wp\/v2\/media?parent=6236"}],"wp:term":[{"taxonomy":"product_brand","embeddable":true,"href":"https:\/\/happyrentalbike.com\/es\/wp-json\/wp\/v2\/product_brand?post=6236"},{"taxonomy":"product_cat","embeddable":true,"href":"https:\/\/happyrentalbike.com\/es\/wp-json\/wp\/v2\/product_cat?post=6236"},{"taxonomy":"product_tag","embeddable":true,"href":"https:\/\/happyrentalbike.com\/es\/wp-json\/wp\/v2\/product_tag?post=6236"}],"curies":[{"name":"wp","href":"https:\/\/api.w.org\/{rel}","templated":true}]}}