{"id":4904,"date":"2025-05-24T16:40:12","date_gmt":"2025-05-24T16:40:12","guid":{"rendered":"https:\/\/happyrentalbike.com\/product\/bicicletas-tandem-alquiler-por-horas\/"},"modified":"2025-09-29T09:01:03","modified_gmt":"2025-09-29T09:01:03","slug":"bicicletas-tandem-alquiler-por-horas","status":"publish","type":"product","link":"https:\/\/happyrentalbike.com\/es\/producto\/bicicletas-tandem-alquiler-por-horas\/","title":{"rendered":"Bicicletas t\u00e1ndem &#8211; Alquiler por horas"},"content":{"rendered":"<p class=\"my-0\"><strong>\u00a1Comparte el viaje con nuestras bicis t\u00e1ndem!<\/strong><\/p>\n<p class=\"my-0\">\u00a1Duplica la diversi\u00f3n mientras explor\u00e1is Barcelona juntos! Nuestras bicicletas t\u00e1ndem son perfectas para dos adultos o un adulto y un ni\u00f1o, y cuentan con 4 marchas f\u00e1ciles de usar y asientos extrac\u00f3modos para una conducci\u00f3n suave y agradable. <\/p>\n<p class=\"my-0\"><strong>Cada alquiler de t\u00e1ndem incluye<\/strong><\/p>\n<ul class=\"marker:text-textOff list-disc\">\n<li>\n<p class=\"my-0\">Cierre de cadena seguro para su tranquilidad<\/p>\n<\/li>\n<li>\n<p class=\"my-0\">Cascos para ciclitas<\/p>\n<\/li>\n<li>\n<p class=\"my-0\">Mapa gu\u00eda detallado de Barcelona<\/p>\n<\/li>\n<\/ul>\n<p class=\"my-0\"><strong>Requisitos de alquiler:<\/strong><\/p>\n<ul class=\"marker:text-textOff list-disc\">\n<li>\n<p class=\"my-0\">Documento de identidad o carn\u00e9 de conducir v\u00e1lidos (se conservar\u00e1 una copia)<\/p>\n<\/li>\n<li>\n<p class=\"my-0\">Dep\u00f3sito m\u00ednimo de 150 euros por t\u00e1ndem (tarjeta de cr\u00e9dito o efectivo; se recomienda efectivo para evitar retrasos en los reembolsos bancarios)<\/p>\n<\/li>\n<li>\n<p class=\"my-0\">Firma de las condiciones generales<\/p>\n<\/li>\n<\/ul>\n","protected":false},"excerpt":{"rendered":"<p class=\"my-0\"><strong>\u00a1Comparte el viaje con nuestras bicis t\u00e1ndem!<\/strong><\/p>\n<p class=\"my-0\">\u00a1Duplica la diversi\u00f3n mientras explor\u00e1is Barcelona juntos! Nuestras bicicletas t\u00e1ndem son perfectas para dos adultos o un adulto y un ni\u00f1o, y cuentan con 4 marchas f\u00e1ciles de usar y asientos extrac\u00f3modos para una conducci\u00f3n suave y agradable. <\/p>\n<p class=\"my-0\"><strong>Cada alquiler de t\u00e1ndem incluye<\/strong><\/p>\n<ul class=\"marker:text-textOff list-disc\">\n<li>\n<p class=\"my-0\">Cierre de cadena seguro para su tranquilidad<\/p>\n<\/li>\n<li>\n<p class=\"my-0\">Cascos para ciclitas<\/p>\n<\/li>\n<li>\n<p class=\"my-0\">Mapa gu\u00eda detallado de Barcelona<\/p>\n<\/li>\n<\/ul>\n<h4 style=\"text-align: center;\"><span style=\"color: #ff0000;\"><strong>IMPORTANTE:<\/strong><\/span><br \/>\n<span style=\"color: #ff0000;\"><strong>Hay que pagar una fianza (dep\u00f3sito) en la tienda (tarjeta de cr\u00e9dito o en efectivo). Se recomienda pagar en efectivo para evitar retrasos en los reembolsos bancarios. <\/strong><\/span><br \/>\n<span style=\"color: #ff0000;\"><strong>Tarifa: m\u00ednimo 150\u20ac para bicicletas t\u00e1ndem.<\/strong><\/span><\/h4>\n","protected":false},"featured_media":4716,"template":"","meta":{"_joinchat":[]},"product_brand":[],"product_cat":[72,62],"product_tag":[],"class_list":{"0":"post-4904","1":"product","2":"type-product","3":"status-publish","4":"has-post-thumbnail","6":"product_cat-alquiler","7":"product_cat-bicicletas-tandem","8":"description-off","10":"first","11":"instock","12":"shipping-taxable","13":"purchasable","14":"product-type-redq_rental"},"_links":{"self":[{"href":"https:\/\/happyrentalbike.com\/es\/wp-json\/wp\/v2\/product\/4904","targetHints":{"allow":["GET"]}}],"collection":[{"href":"https:\/\/happyrentalbike.com\/es\/wp-json\/wp\/v2\/product"}],"about":[{"href":"https:\/\/happyrentalbike.com\/es\/wp-json\/wp\/v2\/types\/product"}],"wp:featuredmedia":[{"embeddable":true,"href":"https:\/\/happyrentalbike.com\/es\/wp-json\/wp\/v2\/media\/4716"}],"wp:attachment":[{"href":"https:\/\/happyrentalbike.com\/es\/wp-json\/wp\/v2\/media?parent=4904"}],"wp:term":[{"taxonomy":"product_brand","embeddable":true,"href":"https:\/\/happyrentalbike.com\/es\/wp-json\/wp\/v2\/product_brand?post=4904"},{"taxonomy":"product_cat","embeddable":true,"href":"https:\/\/happyrentalbike.com\/es\/wp-json\/wp\/v2\/product_cat?post=4904"},{"taxonomy":"product_tag","embeddable":true,"href":"https:\/\/happyrentalbike.com\/es\/wp-json\/wp\/v2\/product_tag?post=4904"}],"curies":[{"name":"wp","href":"https:\/\/api.w.org\/{rel}","templated":true}]}}