{"id":4901,"date":"2025-05-24T16:51:28","date_gmt":"2025-05-24T16:51:28","guid":{"rendered":"https:\/\/happyrentalbike.com\/product\/bicicletas-tandem-alquiler-por-dias\/"},"modified":"2026-03-19T08:18:37","modified_gmt":"2026-03-19T08:18:37","slug":"bicicletas-tandem-alquiler-por-dias","status":"publish","type":"product","link":"https:\/\/happyrentalbike.com\/es\/producto\/bicicletas-tandem-alquiler-por-dias\/","title":{"rendered":"Alquiler de bicicletas t\u00e1ndem"},"content":{"rendered":"<p class=\"my-0\" data-rm-block-id=\"block-1\"><strong>\u00a1Comparte el viaje con nuestro alquiler de bicicletas t\u00e1ndem!<\/strong><\/p>\n<p class=\"my-0\" data-rm-block-id=\"block-2\">\u00a1Duplica la diversi\u00f3n mientras explor\u00e1is Barcelona juntos! Nuestras bicicletas t\u00e1ndem son perfectas para dos adultos o un adulto y un ni\u00f1o, y cuentan con 4 marchas f\u00e1ciles de usar y asientos extrac\u00f3modos para una conducci\u00f3n suave y agradable. <\/p>\n<p class=\"my-0\" data-rm-block-id=\"block-3\"><strong>Cada alquiler de t\u00e1ndem incluye<\/strong><\/p>\n<ul class=\"marker:text-textOff list-disc\">\n<li>\n<p class=\"my-0\" data-rm-block-id=\"block-4\">Cierre de cadena seguro para su tranquilidad<\/p>\n<\/li>\n<li>\n<p class=\"my-0\" data-rm-block-id=\"block-5\">Cascos para ciclitas<\/p>\n<\/li>\n<li>\n<p class=\"my-0\" data-rm-block-id=\"block-6\">Mapa gu\u00eda detallado de Barcelona<\/p>\n<\/li>\n<\/ul>\n<p class=\"my-0\" data-rm-block-id=\"block-7\"><strong>Requisitos de alquiler:<\/strong><\/p>\n<ul class=\"marker:text-textOff list-disc\">\n<li>\n<p class=\"my-0\" data-rm-block-id=\"block-8\">Documento de identidad o carn\u00e9 de conducir v\u00e1lidos (se conservar\u00e1 una copia)<\/p>\n<\/li>\n<li>\n<p class=\"my-0\" data-rm-block-id=\"block-9\">Dep\u00f3sito m\u00ednimo de 150 euros por t\u00e1ndem (tarjeta de cr\u00e9dito o efectivo; se recomienda efectivo para evitar retrasos en los reembolsos bancarios)<\/p>\n<\/li>\n<li>\n<p class=\"my-0\" data-rm-block-id=\"block-10\">Firma de las condiciones generales<\/p>\n<\/li>\n<\/ul>\n","protected":false},"excerpt":{"rendered":"<p class=\"my-0\"><strong>\u00a1Comparte el viaje con nuestro alquiler de bicicletas t\u00e1ndem!<\/strong><\/p>\n<p class=\"my-0\">\u00a1Duplica la diversi\u00f3n mientras explor\u00e1is Barcelona juntos! Nuestras bicicletas t\u00e1ndem son perfectas para dos adultos o un adulto y un ni\u00f1o, y cuentan con 4 marchas f\u00e1ciles de usar y asientos extrac\u00f3modos para una conducci\u00f3n suave y agradable. <\/p>\n<p class=\"my-0\"><strong>Cada alquiler de t\u00e1ndem incluye<\/strong><\/p>\n<ul class=\"marker:text-textOff list-disc\">\n<li>\n<p class=\"my-0\">Cierre de cadena seguro para su tranquilidad<\/p>\n<\/li>\n<li>\n<p class=\"my-0\">Cascos para ciclitas<\/p>\n<\/li>\n<li>\n<p class=\"my-0\">Mapa gu\u00eda detallado de Barcelona<\/p>\n<\/li>\n<\/ul>\n<p>&nbsp;<\/p>\n<h4 style=\"text-align: center;\"><span style=\"color: #ff0000;\"><strong>IMPORTANTE:<\/strong><\/span><br \/>\n<span style=\"color: #ff0000;\"><strong>Hay que pagar una fianza (dep\u00f3sito) en la tienda (tarjeta de cr\u00e9dito o en efectivo). Se recomienda pagar en efectivo para evitar retrasos en los reembolsos bancarios. <\/strong><\/span><br \/>\n<span style=\"color: #ff0000;\"><strong>Fianza: m\u00ednimo 150 \u20ac por bicicleta t\u00e1ndem.<\/strong><\/span><\/h4>\n","protected":false},"featured_media":4716,"template":"","meta":{"_joinchat":[]},"product_brand":[],"product_cat":[72,62],"product_tag":[],"class_list":{"0":"post-4901","1":"product","2":"type-product","3":"status-publish","4":"has-post-thumbnail","6":"product_cat-alquiler","7":"product_cat-bicicletas-tandem","8":"description-off","10":"first","11":"instock","12":"shipping-taxable","13":"purchasable","14":"product-type-redq_rental"},"_links":{"self":[{"href":"https:\/\/happyrentalbike.com\/es\/wp-json\/wp\/v2\/product\/4901","targetHints":{"allow":["GET"]}}],"collection":[{"href":"https:\/\/happyrentalbike.com\/es\/wp-json\/wp\/v2\/product"}],"about":[{"href":"https:\/\/happyrentalbike.com\/es\/wp-json\/wp\/v2\/types\/product"}],"wp:featuredmedia":[{"embeddable":true,"href":"https:\/\/happyrentalbike.com\/es\/wp-json\/wp\/v2\/media\/4716"}],"wp:attachment":[{"href":"https:\/\/happyrentalbike.com\/es\/wp-json\/wp\/v2\/media?parent=4901"}],"wp:term":[{"taxonomy":"product_brand","embeddable":true,"href":"https:\/\/happyrentalbike.com\/es\/wp-json\/wp\/v2\/product_brand?post=4901"},{"taxonomy":"product_cat","embeddable":true,"href":"https:\/\/happyrentalbike.com\/es\/wp-json\/wp\/v2\/product_cat?post=4901"},{"taxonomy":"product_tag","embeddable":true,"href":"https:\/\/happyrentalbike.com\/es\/wp-json\/wp\/v2\/product_tag?post=4901"}],"curies":[{"name":"wp","href":"https:\/\/api.w.org\/{rel}","templated":true}]}}