{"id":4897,"date":"2025-05-27T19:46:03","date_gmt":"2025-05-27T19:46:03","guid":{"rendered":"https:\/\/happyrentalbike.com\/product\/scooter-electrico-alquiler-por-horas\/"},"modified":"2025-09-29T09:16:26","modified_gmt":"2025-09-29T09:16:26","slug":"scooter-electrico-alquiler-por-horas","status":"publish","type":"product","link":"https:\/\/happyrentalbike.com\/es\/producto\/scooter-electrico-alquiler-por-horas\/","title":{"rendered":"Scooter el\u00e9ctrico &#8211; Alquiler por horas"},"content":{"rendered":"<p><strong>Requisitos:<\/strong><\/p>\n<ul class=\"marker:text-textOff list-disc\">\n<li>\n<p class=\"my-0\">DNI o carnet de conducir v\u00e1lido (solo se conserva una copia)<\/p>\n<\/li>\n<li>\n<p class=\"my-0\">desde 50 euros de fianza por patinete (tarjeta de cr\u00e9dito o efectivo; se recomienda efectivo para reembolsos m\u00e1s r\u00e1pidos)<\/p>\n<\/li>\n<li>\n<p class=\"my-0\"><a href=\"https:\/\/happyrentalbike.com\/hrb\/?page_id=3491\" target=\"_blank\" rel=\"noopener\">Condiciones<\/a> generales firmadas<\/p>\n<\/li>\n<li><strong>La edad m\u00ednima requerida es 16 a\u00f1os.<\/strong><\/li>\n<\/ul>\n","protected":false},"excerpt":{"rendered":"<p><strong>Requisitos:<\/strong><\/p>\n<ul class=\"marker:text-textOff list-disc\">\n<li>\n<p class=\"my-0\">DNI o carnet de conducir v\u00e1lido (solo se conserva una copia)<\/p>\n<\/li>\n<li>\n<p class=\"my-0\">Fianza (dep\u00f3sito) a partir de 50 euros por patinete (tarjeta de cr\u00e9dito o efectivo; se recomienda efectivo para reembolsos m\u00e1s r\u00e1pidos)<\/p>\n<\/li>\n<li>\n<p class=\"my-0\">Condiciones generales <span style=\"color: #ffffff;\"><a style=\"color: #ffffff;\" href=\"https:\/\/happyrentalbike.com\/hrb\/?page_id=3491\" target=\"_blank\" rel=\"noopener\">condiciones generales<\/a><\/span><\/p>\n<\/li>\n<li><strong>La edad m\u00ednima requerida es 16 a\u00f1os.<\/strong><\/li>\n<\/ul>\n<h4 style=\"text-align: center;\"><span style=\"color: #ffff00;\"><strong>IMPORTANTE:<\/strong><\/span><\/h4>\n<p style=\"text-align: center;\"><span style=\"color: #ffff00;\"><strong>Tasa:<\/strong> Un dep\u00f3sito (fianza) a partir de <strong>50 \u20ac por scooter<\/strong>, dependiendo de la duraci\u00f3n del alquiler.<\/span><br \/>\n<span style=\"color: #ffff00;\">Formas de pago aceptadas: <strong>tarjeta de cr\u00e9dito o efectivo<\/strong> (se recomienda efectivo para reembolsos m\u00e1s r\u00e1pidos).<\/span><\/p>\n","protected":false},"featured_media":4724,"template":"","meta":{"_joinchat":[]},"product_brand":[],"product_cat":[72,75],"product_tag":[],"class_list":{"0":"post-4897","1":"product","2":"type-product","3":"status-publish","4":"has-post-thumbnail","6":"product_cat-alquiler","7":"product_cat-escooters-es","8":"description-off","10":"first","11":"instock","12":"shipping-taxable","13":"purchasable","14":"product-type-redq_rental"},"_links":{"self":[{"href":"https:\/\/happyrentalbike.com\/es\/wp-json\/wp\/v2\/product\/4897","targetHints":{"allow":["GET"]}}],"collection":[{"href":"https:\/\/happyrentalbike.com\/es\/wp-json\/wp\/v2\/product"}],"about":[{"href":"https:\/\/happyrentalbike.com\/es\/wp-json\/wp\/v2\/types\/product"}],"wp:featuredmedia":[{"embeddable":true,"href":"https:\/\/happyrentalbike.com\/es\/wp-json\/wp\/v2\/media\/4724"}],"wp:attachment":[{"href":"https:\/\/happyrentalbike.com\/es\/wp-json\/wp\/v2\/media?parent=4897"}],"wp:term":[{"taxonomy":"product_brand","embeddable":true,"href":"https:\/\/happyrentalbike.com\/es\/wp-json\/wp\/v2\/product_brand?post=4897"},{"taxonomy":"product_cat","embeddable":true,"href":"https:\/\/happyrentalbike.com\/es\/wp-json\/wp\/v2\/product_cat?post=4897"},{"taxonomy":"product_tag","embeddable":true,"href":"https:\/\/happyrentalbike.com\/es\/wp-json\/wp\/v2\/product_tag?post=4897"}],"curies":[{"name":"wp","href":"https:\/\/api.w.org\/{rel}","templated":true}]}}