{"id":4896,"date":"2025-05-28T10:41:37","date_gmt":"2025-05-28T10:41:37","guid":{"rendered":"https:\/\/happyrentalbike.com\/product\/bicicleta-electrica\/"},"modified":"2026-03-19T08:20:26","modified_gmt":"2026-03-19T08:20:26","slug":"bicicleta-electrica","status":"publish","type":"product","link":"https:\/\/happyrentalbike.com\/es\/producto\/bicicleta-electrica\/","title":{"rendered":"Bicicleta el\u00e9ctrica"},"content":{"rendered":"<p class=\"gmail-p1\" data-rm-block-id=\"block-1\"><strong>Alquiler de bicicletas el\u00e9ctricas<\/strong><\/p>\n<p class=\"gmail-p1\" data-rm-block-id=\"block-2\">Disfruta de tu estancia en una e-bike<\/p>\n<p class=\"gmail-p1\" data-rm-block-id=\"block-3\">Conduce sin esfuerzo y explora la zona y las atracciones cercanas en una bicicleta el\u00e9ctrica premium de Bicelo. Desc\u00e1rgate la aplicaci\u00f3n Bicelo y disfruta de una experiencia inolvidable.  La e-bike viene con 5 niveles de asistencia, frenos de disco hidr\u00e1ulicos, ruedas de 22 pulgadas y una posici\u00f3n de conducci\u00f3n erguida y c\u00f3moda.<\/p>\n<p data-rm-block-id=\"block-4\"><strong>Requisitos:<\/strong><\/p>\n<ul class=\"rental\">\n<li data-rm-block-id=\"block-5\">La edad m\u00ednima requerida es de 16 a\u00f1os<\/li>\n<li data-rm-block-id=\"block-6\">DNI o carn\u00e9 de conducir (conserva una copia)<\/li>\n<li data-rm-block-id=\"block-7\">Se requiere un dep\u00f3sito m\u00ednimo cuando se alquila a trav\u00e9s de la APP (aplicaci\u00f3n)<\/li>\n<li data-rm-block-id=\"block-8\">Condiciones generales firmadas<\/li>\n<\/ul>\n","protected":false},"excerpt":{"rendered":"<p class=\"gmail-p1\"><strong>Alquiler de bicicletas el\u00e9ctricas<\/strong><\/p>\n<p class=\"gmail-p1\">Disfruta de tu estancia en una e-bike<\/p>\n<p class=\"gmail-p1\">Conduce sin esfuerzo y explora la zona y las atracciones cercanas en una bicicleta el\u00e9ctrica premium de Bicelo. Desc\u00e1rgate la aplicaci\u00f3n Bicelo y disfruta de una experiencia inolvidable.  La e-bike viene con 5 niveles de asistencia, frenos de disco hidr\u00e1ulicos, ruedas de 22 pulgadas y una posici\u00f3n de conducci\u00f3n erguida y c\u00f3moda.<\/p>\n<p><strong>Requisitos:<\/strong><\/p>\n<ul class=\"rental\">\n<li>Condiciones de la App BICELO<\/li>\n<li>Se requiere un dep\u00f3sito m\u00ednimo cuando se alquila a trav\u00e9s de la APP (aplicaci\u00f3n)<\/li>\n<li>Condiciones generales firmadas<\/li>\n<\/ul>\n<p>&nbsp;<\/p>\n<h4 style=\"text-align: center;\"><strong><span style=\"color: #ff0000;\">IMPORTANTE:<\/span><\/strong><br \/>\n<strong><span style=\"color: #ff0000;\">Hay que pagar una fianza (dep\u00f3sito) en la tienda (tarjeta de cr\u00e9dito o en efectivo). Se recomienda pagar en efectivo para evitar retrasos en los reembolsos bancarios. <\/span><\/strong><br \/>\n<strong><span style=\"color: #ff0000;\">Tasa: Condiciones en la App BICELO.<\/span><\/strong><\/h4>\n<p>&nbsp;<\/p>\n","protected":false},"featured_media":4754,"template":"","meta":{"_joinchat":[]},"product_brand":[],"product_cat":[72,74],"product_tag":[],"class_list":{"0":"post-4896","1":"product","2":"type-product","3":"status-publish","4":"has-post-thumbnail","6":"product_cat-alquiler","7":"product_cat-ebikes-es","8":"description-off","10":"first","11":"instock","12":"shipping-taxable","13":"purchasable","14":"product-type-redq_rental"},"_links":{"self":[{"href":"https:\/\/happyrentalbike.com\/es\/wp-json\/wp\/v2\/product\/4896","targetHints":{"allow":["GET"]}}],"collection":[{"href":"https:\/\/happyrentalbike.com\/es\/wp-json\/wp\/v2\/product"}],"about":[{"href":"https:\/\/happyrentalbike.com\/es\/wp-json\/wp\/v2\/types\/product"}],"wp:featuredmedia":[{"embeddable":true,"href":"https:\/\/happyrentalbike.com\/es\/wp-json\/wp\/v2\/media\/4754"}],"wp:attachment":[{"href":"https:\/\/happyrentalbike.com\/es\/wp-json\/wp\/v2\/media?parent=4896"}],"wp:term":[{"taxonomy":"product_brand","embeddable":true,"href":"https:\/\/happyrentalbike.com\/es\/wp-json\/wp\/v2\/product_brand?post=4896"},{"taxonomy":"product_cat","embeddable":true,"href":"https:\/\/happyrentalbike.com\/es\/wp-json\/wp\/v2\/product_cat?post=4896"},{"taxonomy":"product_tag","embeddable":true,"href":"https:\/\/happyrentalbike.com\/es\/wp-json\/wp\/v2\/product_tag?post=4896"}],"curies":[{"name":"wp","href":"https:\/\/api.w.org\/{rel}","templated":true}]}}