{"id":4895,"date":"2025-05-28T10:57:54","date_gmt":"2025-05-28T10:57:54","guid":{"rendered":"https:\/\/happyrentalbike.com\/product\/ecargo-bike-alquiler-por-horas\/"},"modified":"2026-03-19T08:19:58","modified_gmt":"2026-03-19T08:19:58","slug":"ecargo-bike-alquiler-por-horas","status":"publish","type":"product","link":"https:\/\/happyrentalbike.com\/es\/producto\/ecargo-bike-alquiler-por-horas\/","title":{"rendered":"Bicicleta eCargo"},"content":{"rendered":"<p data-rm-block-id=\"block-1\">Barcelona eCargo Bike Rental con 7 velocidades un asiento c\u00f3modo y y producto robusto, ideal para llevar ni\u00f1os, ideal para pasear con ni\u00f1os por la ciudad. Capacidad de 256 Lt. La carga m\u00e1xima para todas ellas es de 100 Kg. <\/p>\n","protected":false},"excerpt":{"rendered":"<p>Barcelona eCargo Bike Rental con 7 velocidades un asiento c\u00f3modo y y producto robusto, ideal para llevar ni\u00f1os, ideal para pasear con ni\u00f1os por la ciudad. Capacidad de 256 Lt. La carga m\u00e1xima para todas ellas es de 100 Kg. <\/p>\n<p>&nbsp;<\/p>\n<h4 style=\"text-align: center;\"><strong><span style=\"color: #ff0000;\">IMPORTANTE:<\/span><\/strong><br \/>\n<strong><span style=\"color: #ff0000;\">Hay que pagar una fianza (dep\u00f3sito) en la tienda (tarjeta de cr\u00e9dito o en efectivo). Se recomienda pagar en efectivo para evitar retrasos en los reembolsos bancarios. <\/span><\/strong><br \/>\n<strong><span style=\"color: #ff0000;\">Tasa: Entre 150 y 300 euros por bicicleta eCargo.<\/span><\/strong><\/h4>\n<p>&nbsp;<\/p>\n","protected":false},"featured_media":4746,"template":"","meta":{"_joinchat":[]},"product_brand":[],"product_cat":[72,73],"product_tag":[],"class_list":{"0":"post-4895","1":"product","2":"type-product","3":"status-publish","4":"has-post-thumbnail","6":"product_cat-alquiler","7":"product_cat-bicicletas-de-carga","8":"description-off","10":"first","11":"instock","12":"shipping-taxable","13":"purchasable","14":"product-type-redq_rental"},"_links":{"self":[{"href":"https:\/\/happyrentalbike.com\/es\/wp-json\/wp\/v2\/product\/4895","targetHints":{"allow":["GET"]}}],"collection":[{"href":"https:\/\/happyrentalbike.com\/es\/wp-json\/wp\/v2\/product"}],"about":[{"href":"https:\/\/happyrentalbike.com\/es\/wp-json\/wp\/v2\/types\/product"}],"wp:featuredmedia":[{"embeddable":true,"href":"https:\/\/happyrentalbike.com\/es\/wp-json\/wp\/v2\/media\/4746"}],"wp:attachment":[{"href":"https:\/\/happyrentalbike.com\/es\/wp-json\/wp\/v2\/media?parent=4895"}],"wp:term":[{"taxonomy":"product_brand","embeddable":true,"href":"https:\/\/happyrentalbike.com\/es\/wp-json\/wp\/v2\/product_brand?post=4895"},{"taxonomy":"product_cat","embeddable":true,"href":"https:\/\/happyrentalbike.com\/es\/wp-json\/wp\/v2\/product_cat?post=4895"},{"taxonomy":"product_tag","embeddable":true,"href":"https:\/\/happyrentalbike.com\/es\/wp-json\/wp\/v2\/product_tag?post=4895"}],"curies":[{"name":"wp","href":"https:\/\/api.w.org\/{rel}","templated":true}]}}