{"id":4892,"date":"2025-05-22T15:46:42","date_gmt":"2025-05-22T15:46:42","guid":{"rendered":"https:\/\/happyrentalbike.com\/product\/bicicletas-urbanas-alquiler-por-dias\/"},"modified":"2026-02-18T09:23:34","modified_gmt":"2026-02-18T09:23:34","slug":"bicicletas-urbanas-alquiler-por-dias","status":"publish","type":"product","link":"https:\/\/happyrentalbike.com\/es\/producto\/bicicletas-urbanas-alquiler-por-dias\/","title":{"rendered":"Alquiler de bicicletas urbanas"},"content":{"rendered":"<p>Alquiler de bicicletas urbanas en Barcelona<\/p>\n<p><em>No olvides que te ofrecemos varias tallas (peque\u00f1a 50, mediana 55 y mayor 60 para adultos y <\/em>peque\u00f1a, mediana y grande para ni\u00f1os)<em> y colores (negro o amarillo).<\/em><\/p>\n<p><strong>Incluye:<\/strong> candado de cadena, cascos y mapa gu\u00eda de Barcelona.<\/p>\n<p><strong>Requisitos:<\/strong><\/p>\n<ul class=\"rental\">\n<li>DNI o carn\u00e9 de conducir (conserva una copia).<\/li>\n<li>Dep\u00f3sito m\u00ednimo de 50 euros por bicicleta (tarjeta de cr\u00e9dito o efectivo) mejor en efectivo para evitar retrasos en el reembolso bancario.<\/li>\n<li>Condiciones generales firmadas.<\/li>\n<\/ul>\n","protected":false},"excerpt":{"rendered":"<p>Alquiler de bicicletas urbanas<\/p>\n<p><em>No olvides que te ofrecemos varias tallas (peque\u00f1a 50, mediana 55 y mayor 60 para adultos y <\/em>peque\u00f1a, mediana y grande para ni\u00f1os)<em> y colores (negro o amarillo).<\/em><\/p>\n<p><strong>Incluye:<\/strong> candado de cadena, cascos y mapa gu\u00eda de Barcelona.<\/p>\n<p><strong>Requisitos:<\/strong><\/p>\n<ul class=\"rental\">\n<li>DNI o carn\u00e9 de conducir (conserva una copia).<\/li>\n<li>Dep\u00f3sito m\u00ednimo de 50 euros por bicicleta (tarjeta de cr\u00e9dito o efectivo) mejor en efectivo para evitar retrasos en el reembolso bancario.<\/li>\n<li>Condiciones generales firmadas.<\/li>\n<\/ul>\n<h4 style=\"text-align: center;\"><span style=\"color: #ffff00;\"><strong>IMPORTANTE:<\/strong><\/span><br \/>\n<span style=\"color: #ffff00;\"><strong>Hay que pagar una fianza (dep\u00f3sito) en la tienda (tarjeta de cr\u00e9dito o en efectivo). Se recomienda pagar en efectivo para evitar retrasos en los reembolsos bancarios. <\/strong><\/span><br \/>\n<span style=\"color: #ffff00;\"><strong>Tasa: 50 \u20ac por moto o scooter.<\/strong><\/span><\/h4>\n","protected":false},"featured_media":4800,"template":"","meta":{"_joinchat":[]},"product_brand":[],"product_cat":[72,61],"product_tag":[],"class_list":{"0":"post-4892","1":"product","2":"type-product","3":"status-publish","4":"has-post-thumbnail","6":"product_cat-alquiler","7":"product_cat-bicicletas-urbanas","8":"description-off","10":"first","11":"instock","12":"shipping-taxable","13":"purchasable","14":"product-type-redq_rental"},"_links":{"self":[{"href":"https:\/\/happyrentalbike.com\/es\/wp-json\/wp\/v2\/product\/4892","targetHints":{"allow":["GET"]}}],"collection":[{"href":"https:\/\/happyrentalbike.com\/es\/wp-json\/wp\/v2\/product"}],"about":[{"href":"https:\/\/happyrentalbike.com\/es\/wp-json\/wp\/v2\/types\/product"}],"wp:featuredmedia":[{"embeddable":true,"href":"https:\/\/happyrentalbike.com\/es\/wp-json\/wp\/v2\/media\/4800"}],"wp:attachment":[{"href":"https:\/\/happyrentalbike.com\/es\/wp-json\/wp\/v2\/media?parent=4892"}],"wp:term":[{"taxonomy":"product_brand","embeddable":true,"href":"https:\/\/happyrentalbike.com\/es\/wp-json\/wp\/v2\/product_brand?post=4892"},{"taxonomy":"product_cat","embeddable":true,"href":"https:\/\/happyrentalbike.com\/es\/wp-json\/wp\/v2\/product_cat?post=4892"},{"taxonomy":"product_tag","embeddable":true,"href":"https:\/\/happyrentalbike.com\/es\/wp-json\/wp\/v2\/product_tag?post=4892"}],"curies":[{"name":"wp","href":"https:\/\/api.w.org\/{rel}","templated":true}]}}