{"id":5735,"date":"2025-12-16T10:52:09","date_gmt":"2025-12-16T10:52:09","guid":{"rendered":"https:\/\/happyrentalbike.com\/?page_id=5735"},"modified":"2026-02-03T09:47:09","modified_gmt":"2026-02-03T09:47:09","slug":"visitas-privadas-5","status":"publish","type":"page","link":"https:\/\/happyrentalbike.com\/es\/visitas-privadas-5\/","title":{"rendered":"Visitas privadas &#8211; Visita personalizada a Barcelona"},"content":{"rendered":"\t\t<div data-elementor-type=\"wp-page\" data-elementor-id=\"5735\" class=\"elementor elementor-5735 elementor-5734\" data-elementor-post-type=\"page\">\n\t\t\t\t<div class=\"elementor-element elementor-element-bb2d89f e-con-full e-flex e-con e-parent\" data-id=\"bb2d89f\" data-element_type=\"container\" data-e-type=\"container\">\n\t\t\t\t<div class=\"elementor-element elementor-element-608d05d elementor-widget elementor-widget-spacer\" data-id=\"608d05d\" data-element_type=\"widget\" data-e-type=\"widget\" data-widget_type=\"spacer.default\">\n\t\t\t\t<div class=\"elementor-widget-container\">\n\t\t\t\t\t\t\t<div class=\"elementor-spacer\">\n\t\t\t<div class=\"elementor-spacer-inner\"><\/div>\n\t\t<\/div>\n\t\t\t\t\t\t<\/div>\n\t\t\t\t<\/div>\n\t\t\t\t<div class=\"elementor-element elementor-element-cbe4adb elementor-widget elementor-widget-spacer\" data-id=\"cbe4adb\" data-element_type=\"widget\" data-e-type=\"widget\" data-widget_type=\"spacer.default\">\n\t\t\t\t<div class=\"elementor-widget-container\">\n\t\t\t\t\t\t\t<div class=\"elementor-spacer\">\n\t\t\t<div class=\"elementor-spacer-inner\"><\/div>\n\t\t<\/div>\n\t\t\t\t\t\t<\/div>\n\t\t\t\t<\/div>\n\t\t\t\t<div class=\"elementor-element elementor-element-30893fb elementor-hidden-mobile elementor-widget elementor-widget-image\" data-id=\"30893fb\" data-element_type=\"widget\" data-e-type=\"widget\" data-widget_type=\"image.default\">\n\t\t\t\t<div class=\"elementor-widget-container\">\n\t\t\t\t\t\t\t\t\t\t\t\t\t\t\t<img fetchpriority=\"high\" decoding=\"async\" width=\"1024\" height=\"359\" src=\"https:\/\/happyrentalbike.com\/hrb\/wp-content\/uploads\/2025\/12\/beach-barcelona-1024x359.png\" class=\"attachment-large size-large wp-image-5665\" alt=\"\" srcset=\"https:\/\/happyrentalbike.com\/hrb\/wp-content\/uploads\/2025\/12\/beach-barcelona-1024x359.png 1024w, https:\/\/happyrentalbike.com\/hrb\/wp-content\/uploads\/2025\/12\/beach-barcelona-300x105.png 300w, https:\/\/happyrentalbike.com\/hrb\/wp-content\/uploads\/2025\/12\/beach-barcelona-768x270.png 768w, https:\/\/happyrentalbike.com\/hrb\/wp-content\/uploads\/2025\/12\/beach-barcelona.png 1117w\" sizes=\"(max-width: 1024px) 100vw, 1024px\" \/>\t\t\t\t\t\t\t\t\t\t\t\t\t\t\t<\/div>\n\t\t\t\t<\/div>\n\t\t\t\t<div class=\"elementor-element elementor-element-581de49 elementor-widget elementor-widget-heading\" data-id=\"581de49\" data-element_type=\"widget\" data-e-type=\"widget\" data-widget_type=\"heading.default\">\n\t\t\t\t<div class=\"elementor-widget-container\">\n\t\t\t\t\t<h1 class=\"elementor-heading-title elementor-size-default\">Vive Barcelona a tu manera: Explora la Magia de la Ciudad<br>\n<\/h1>\t\t\t\t<\/div>\n\t\t\t\t<\/div>\n\t\t<div class=\"elementor-element elementor-element-593570d e-con-full e-flex e-con e-child\" data-id=\"593570d\" data-element_type=\"container\" data-e-type=\"container\">\n\t\t\t\t<div class=\"elementor-element elementor-element-cbe2519 elementor-widget elementor-widget-spacer\" data-id=\"cbe2519\" data-element_type=\"widget\" data-e-type=\"widget\" data-widget_type=\"spacer.default\">\n\t\t\t\t<div class=\"elementor-widget-container\">\n\t\t\t\t\t\t\t<div class=\"elementor-spacer\">\n\t\t\t<div class=\"elementor-spacer-inner\"><\/div>\n\t\t<\/div>\n\t\t\t\t\t\t<\/div>\n\t\t\t\t<\/div>\n\t\t\t\t<\/div>\n\t\t\t\t<\/div>\n\t\t<div class=\"elementor-element elementor-element-5642ec2 e-flex e-con-boxed e-con e-parent\" data-id=\"5642ec2\" data-element_type=\"container\" data-e-type=\"container\">\n\t\t\t\t\t<div class=\"e-con-inner\">\n\t\t<div class=\"elementor-element elementor-element-5f1cc8a e-con-full e-flex e-con e-child\" data-id=\"5f1cc8a\" data-element_type=\"container\" data-e-type=\"container\">\n\t\t<div class=\"elementor-element elementor-element-0448ce0 e-con-full e-flex e-con e-child\" data-id=\"0448ce0\" data-element_type=\"container\" data-e-type=\"container\">\n\t\t\t\t<div class=\"elementor-element elementor-element-8769fc4 elementor-widget elementor-widget-heading\" data-id=\"8769fc4\" data-element_type=\"widget\" data-e-type=\"widget\" data-widget_type=\"heading.default\">\n\t\t\t\t<div class=\"elementor-widget-container\">\n\t\t\t\t\t<h2 class=\"elementor-heading-title elementor-size-default\">Happy Rental Bike Barcelona Tour Personalizado: Tu viaje \u00fanico te espera<\/h2>\t\t\t\t<\/div>\n\t\t\t\t<\/div>\n\t\t\t\t<\/div>\n\t\t<div class=\"elementor-element elementor-element-55cd9a1 e-con-full e-flex e-con e-child\" data-id=\"55cd9a1\" data-element_type=\"container\" data-e-type=\"container\">\n\t\t\t\t<div class=\"elementor-element elementor-element-78d4655 elementor-widget elementor-widget-text-editor\" data-id=\"78d4655\" data-element_type=\"widget\" data-e-type=\"widget\" data-widget_type=\"text-editor.default\">\n\t\t\t\t<div class=\"elementor-widget-container\">\n\t\t\t\t\t\t\t\t\t<p>Descubre Barcelona a trav\u00e9s de nuestros paseos en bicicleta &#8221;Tours&#8221;: est\u00e1n meticulosamente planificados para adaptarse a tus preferencias. Ofrecemos una amplia gama de itinerarios y puntos de inter\u00e9s para garantizar que tu experiencia sea lo m\u00e1s agradable posible. <\/p>\t\t\t\t\t\t\t\t<\/div>\n\t\t\t\t<\/div>\n\t\t\t\t<div class=\"elementor-element elementor-element-a77ae3e elementor-widget elementor-widget-text-editor\" data-id=\"a77ae3e\" data-element_type=\"widget\" data-e-type=\"widget\" data-widget_type=\"text-editor.default\">\n\t\t\t\t<div class=\"elementor-widget-container\">\n\t\t\t\t\t\t\t\t\t<p>Barcelona adopta cada vez m\u00e1s la bicicleta como medio de exploraci\u00f3n, y nosotros estamos aqu\u00ed para ayudarte a navegar por sus maravillas. Compone tu ruta bas\u00e1ndote en los diversos puntos de inter\u00e9s que te proporcionamos, teniendo en cuenta tu estado de \u00e1nimo, disponibilidad o deseos espont\u00e1neos. <\/p><p>\u00bfVienes solo, en familia o con amigos? \u00bfEs tu primera aventura en Barcelona? \u00bfC\u00f3mo describir\u00edas tu estilo: &#8211; Fresco e informal? &#8211; \u00bfAtleta y aventurero? &#8211; \u00bfDisfrutando de la buena vida? &#8211; \u00bfDisfrutando de bares y tapas?     <\/p><p>Considera estos aspectos y comparte tu visi\u00f3n del tipo de circuito en el que deseas embarcarte. \u00a1(S\u00ed, somos curiosos, pero esta visi\u00f3n nos ayuda a adaptar mejor tu circuito)! Estamos orgullosos de ofrecer una variedad de rutas y cautivadores puntos de inter\u00e9s para enriquecer tu recorrido.  <\/p><p>Como puedes imaginar, todos nuestros recorridos se organizan con la intenci\u00f3n de crear recuerdos duraderos de tu visita a Barcelona. Por eso limitamos nuestros grupos a no m\u00e1s de diez personas, garantizando as\u00ed una experiencia personalizada. Selecciona tu hora de salida seg\u00fan nuestros horarios de invierno y verano.  <\/p>\t\t\t\t\t\t\t\t<\/div>\n\t\t\t\t<\/div>\n\t\t\t\t<div class=\"elementor-element elementor-element-69ed8a6 elementor-widget elementor-widget-text-editor\" data-id=\"69ed8a6\" data-element_type=\"widget\" data-e-type=\"widget\" data-widget_type=\"text-editor.default\">\n\t\t\t\t<div class=\"elementor-widget-container\">\n\t\t\t\t\t\t\t\t\t<p>Nuestro Tour Personalizado por Barcelona te ofrece una forma \u00fanica de ver la ciudad a tu aire.<\/p>\t\t\t\t\t\t\t\t<\/div>\n\t\t\t\t<\/div>\n\t\t\t\t<div class=\"elementor-element elementor-element-72d62c8 elementor-widget elementor-widget-text-editor\" data-id=\"72d62c8\" data-element_type=\"widget\" data-e-type=\"widget\" data-widget_type=\"text-editor.default\">\n\t\t\t\t<div class=\"elementor-widget-container\">\n\t\t\t\t\t\t\t\t\t<p>&#8211; El tama\u00f1o m\u00e1ximo del grupo es de diez personas para permitir una atenci\u00f3n individualizada y una experiencia memorable.<br>&#8211; Cada recorrido comienza y concluye en nuestro punto de alquiler y venta, convenientemente situado a pocos pasos del Parque de la Ciutadella (calle Roger de Flor, 3).<br>&#8211; Elige el d\u00eda y la hora que prefieras seg\u00fan nuestro horario: invierno de 10:00 a 20:00, verano de 9:00 a 21:00.<br>Esperamos ansiosos la oportunidad de compartir este viaje contigo.<\/p>\t\t\t\t\t\t\t\t<\/div>\n\t\t\t\t<\/div>\n\t\t\t\t<div class=\"elementor-element elementor-element-ecf34ad elementor-widget elementor-widget-image\" data-id=\"ecf34ad\" data-element_type=\"widget\" data-e-type=\"widget\" data-widget_type=\"image.default\">\n\t\t\t\t<div class=\"elementor-widget-container\">\n\t\t\t\t\t\t\t\t\t\t\t\t\t\t\t<img decoding=\"async\" width=\"800\" height=\"800\" src=\"https:\/\/happyrentalbike.com\/hrb\/wp-content\/uploads\/2025\/05\/scooters-home.webp\" class=\"attachment-large size-large wp-image-4750\" alt=\"Vive Barcelona en Privado con Happy Rental Bikes\" srcset=\"https:\/\/happyrentalbike.com\/hrb\/wp-content\/uploads\/2025\/05\/scooters-home.webp 800w, https:\/\/happyrentalbike.com\/hrb\/wp-content\/uploads\/2025\/05\/scooters-home-300x300.webp 300w, https:\/\/happyrentalbike.com\/hrb\/wp-content\/uploads\/2025\/05\/scooters-home-150x150.webp 150w, https:\/\/happyrentalbike.com\/hrb\/wp-content\/uploads\/2025\/05\/scooters-home-768x768.webp 768w, https:\/\/happyrentalbike.com\/hrb\/wp-content\/uploads\/2025\/05\/scooters-home-400x400.webp 400w, https:\/\/happyrentalbike.com\/hrb\/wp-content\/uploads\/2025\/05\/scooters-home-200x200.webp 200w\" sizes=\"(max-width: 800px) 100vw, 800px\" \/>\t\t\t\t\t\t\t\t\t\t\t\t\t\t\t<\/div>\n\t\t\t\t<\/div>\n\t\t\t\t<div class=\"elementor-element elementor-element-7dd6f23 elementor-widget elementor-widget-text-editor\" data-id=\"7dd6f23\" data-element_type=\"widget\" data-e-type=\"widget\" data-widget_type=\"text-editor.default\">\n\t\t\t\t<div class=\"elementor-widget-container\">\n\t\t\t\t\t\t\t\t\t<p>Cuando eliges nuestra Visita Personalizada a Barcelona, no s\u00f3lo tienes acceso a las vibrantes calles y a la<a href=\"https:\/\/es.wikipedia.org\/wiki\/Arquitectura_de_Barcelona\" target=\"_blank\" rel=\"noopener\"> impresionante arquitectura<\/a>, sino tambi\u00e9n a los conocimientos locales que hacen que tu viaje sea realmente especial.<\/p>\t\t\t\t\t\t\t\t<\/div>\n\t\t\t\t<\/div>\n\t\t\t\t<div class=\"elementor-element elementor-element-f999e18 elementor-align-center elementor-widget__width-inherit elementor-widget elementor-widget-button\" data-id=\"f999e18\" data-element_type=\"widget\" data-e-type=\"widget\" data-widget_type=\"button.default\">\n\t\t\t\t<div class=\"elementor-widget-container\">\n\t\t\t\t\t\t\t\t\t<div class=\"elementor-button-wrapper\">\n\t\t\t\t\t<a class=\"elementor-button elementor-button-link elementor-size-sm\" href=\"https:\/\/happyrentalbike.com\/producto\/private-tours\/?wc_tour_name=customized&#038;\">\n\t\t\t\t\t\t<span class=\"elementor-button-content-wrapper\">\n\t\t\t\t\t\t\t\t\t<span class=\"elementor-button-text\">Reserva aqu\u00ed<\/span>\n\t\t\t\t\t<\/span>\n\t\t\t\t\t<\/a>\n\t\t\t\t<\/div>\n\t\t\t\t\t\t\t\t<\/div>\n\t\t\t\t<\/div>\n\t\t\t\t<div class=\"elementor-element elementor-element-bfe6a9b elementor-widget elementor-widget-text-editor\" data-id=\"bfe6a9b\" data-element_type=\"widget\" data-e-type=\"widget\" data-widget_type=\"text-editor.default\">\n\t\t\t\t<div class=\"elementor-widget-container\">\n\t\t\t\t\t\t\t\t\t<p>Imagina pedalear por el emblem\u00e1tico <a href=\"https:\/\/en.wikipedia.org\/wiki\/Gothic_Quarter,_Barcelona\" target=\"_blank\" rel=\"noopener\">Barrio G\u00f3tico<\/a>, donde cada rinc\u00f3n cuenta una historia de historia y cultura, o pedalear por el pintoresco paseo mar\u00edtimo de la Barceloneta, sintiendo la brisa marina mientras disfrutas de las impresionantes vistas del Mediterr\u00e1neo.<\/p>\t\t\t\t\t\t\t\t<\/div>\n\t\t\t\t<\/div>\n\t\t\t\t<div class=\"elementor-element elementor-element-bc3ce16 elementor-widget elementor-widget-text-editor\" data-id=\"bc3ce16\" data-element_type=\"widget\" data-e-type=\"widget\" data-widget_type=\"text-editor.default\">\n\t\t\t\t<div class=\"elementor-widget-container\">\n\t\t\t\t\t\t\t\t\t<p>Con nuestro Tour por Barcelona a Medida, podr\u00e1s vivir la ciudad como un barcelon\u00e9s m\u00e1s.<\/p>\t\t\t\t\t\t\t\t<\/div>\n\t\t\t\t<\/div>\n\t\t\t\t<div class=\"elementor-element elementor-element-4450c52 elementor-widget elementor-widget-text-editor\" data-id=\"4450c52\" data-element_type=\"widget\" data-e-type=\"widget\" data-widget_type=\"text-editor.default\">\n\t\t\t\t<div class=\"elementor-widget-container\">\n\t\t\t\t\t\t\t\t\t<p>Experimenta joyas ocultas que s\u00f3lo un Tour Personalizado por Barcelona puede revelar.<\/p>\t\t\t\t\t\t\t\t<\/div>\n\t\t\t\t<\/div>\n\t\t\t\t<div class=\"elementor-element elementor-element-425dcdc elementor-widget elementor-widget-text-editor\" data-id=\"425dcdc\" data-element_type=\"widget\" data-e-type=\"widget\" data-widget_type=\"text-editor.default\">\n\t\t\t\t<div class=\"elementor-widget-container\">\n\t\t\t\t\t\t\t\t\t<p>Para aprovechar al m\u00e1ximo tu Visita Personalizada a Barcelona, te recomendamos planificarla con antelaci\u00f3n. Ten en cuenta la \u00e9poca del a\u00f1o en que vas a visitar la ciudad; la primavera y el oto\u00f1o ofrecen temperaturas suaves y menos aglomeraciones, por lo que son el momento perfecto para explorarla. Adem\u00e1s, te sugerimos que consultes los eventos, festivales y exposiciones locales que puedan coincidir con tu visita. Barcelona es conocida por su vibrante escena cultural, y participar en estos acontecimientos puede mejorar tu experiencia. Por ejemplo, vivir las Festes de la Merc\u00e8 a finales de septiembre ofrece una visi\u00f3n \u00fanica de <a href=\"https:\/\/www.barcelona.cat\/internationalwelcome\/en\/need\/lifestyle\/local-festivals-and-popular-culture\" target=\"_blank\" rel=\"noopener\">la cultura catalana con desfiles<\/a>, m\u00fasica y fuegos artificiales. Nuestros recorridos pueden ajustarse para incluir estas experiencias, proporcion\u00e1ndote una comprensi\u00f3n m\u00e1s rica de las tradiciones y celebraciones de la ciudad.     <\/p>\t\t\t\t\t\t\t\t<\/div>\n\t\t\t\t<\/div>\n\t\t\t\t<div class=\"elementor-element elementor-element-0fc041e elementor-widget elementor-widget-text-editor\" data-id=\"0fc041e\" data-element_type=\"widget\" data-e-type=\"widget\" data-widget_type=\"text-editor.default\">\n\t\t\t\t<div class=\"elementor-widget-container\">\n\t\t\t\t\t\t\t\t\t<p>Aseg\u00farate de aprovechar al m\u00e1ximo tu Visita Personalizada a Barcelona consultando nuestros itinerarios sugeridos.<\/p>\t\t\t\t\t\t\t\t<\/div>\n\t\t\t\t<\/div>\n\t\t\t\t<div class=\"elementor-element elementor-element-209a703 elementor-widget elementor-widget-text-editor\" data-id=\"209a703\" data-element_type=\"widget\" data-e-type=\"widget\" data-widget_type=\"text-editor.default\">\n\t\t\t\t<div class=\"elementor-widget-container\">\n\t\t\t\t\t\t\t\t\t<p>Tambi\u00e9n valoramos la sostenibilidad y promovemos pr\u00e1cticas ecol\u00f3gicas durante nuestros recorridos. Al optar por un paseo en bicicleta, est\u00e1s eligiendo una forma m\u00e1s ecol\u00f3gica de explorar la ciudad, minimizando tu huella de carbono mientras disfrutas del aire libre. Nuestro equipo se dedica al turismo responsable y anima a los visitantes a apreciar la belleza de Barcelona sin comprometer el medio ambiente. Proporcionamos botellas de agua reutilizables y sugerimos lugares donde puedes disfrutar de comida ecol\u00f3gica y de origen local, apoyando a\u00fan m\u00e1s a la comunidad y las pr\u00e1cticas sostenibles.   <\/p>\t\t\t\t\t\t\t\t<\/div>\n\t\t\t\t<\/div>\n\t\t\t\t<div class=\"elementor-element elementor-element-9a2135a elementor-widget elementor-widget-text-editor\" data-id=\"9a2135a\" data-element_type=\"widget\" data-e-type=\"widget\" data-widget_type=\"text-editor.default\">\n\t\t\t\t<div class=\"elementor-widget-container\">\n\t\t\t\t\t\t\t\t\t<p>Elegir un Tour Personalizado por Barcelona es una forma ecol\u00f3gica de disfrutar de la ciudad.<\/p>\t\t\t\t\t\t\t\t<\/div>\n\t\t\t\t<\/div>\n\t\t\t\t<div class=\"elementor-element elementor-element-5ddab9d elementor-widget elementor-widget-image\" data-id=\"5ddab9d\" data-element_type=\"widget\" data-e-type=\"widget\" data-widget_type=\"image.default\">\n\t\t\t\t<div class=\"elementor-widget-container\">\n\t\t\t\t\t\t\t\t\t\t\t\t\t\t\t<img decoding=\"async\" width=\"800\" height=\"800\" src=\"https:\/\/happyrentalbike.com\/hrb\/wp-content\/uploads\/2025\/05\/happy_urban.webp\" class=\"attachment-large size-large wp-image-4730\" alt=\"Chicas listas para comenzar su experiencia con bicicletas el\u00e9ctricas de Happy Rental Bike.\" srcset=\"https:\/\/happyrentalbike.com\/hrb\/wp-content\/uploads\/2025\/05\/happy_urban.webp 800w, https:\/\/happyrentalbike.com\/hrb\/wp-content\/uploads\/2025\/05\/happy_urban-300x300.webp 300w, https:\/\/happyrentalbike.com\/hrb\/wp-content\/uploads\/2025\/05\/happy_urban-150x150.webp 150w, https:\/\/happyrentalbike.com\/hrb\/wp-content\/uploads\/2025\/05\/happy_urban-768x768.webp 768w, https:\/\/happyrentalbike.com\/hrb\/wp-content\/uploads\/2025\/05\/happy_urban-400x400.webp 400w, https:\/\/happyrentalbike.com\/hrb\/wp-content\/uploads\/2025\/05\/happy_urban-200x200.webp 200w\" sizes=\"(max-width: 800px) 100vw, 800px\" \/>\t\t\t\t\t\t\t\t\t\t\t\t\t\t\t<\/div>\n\t\t\t\t<\/div>\n\t\t\t\t<div class=\"elementor-element elementor-element-9d2a5df elementor-widget elementor-widget-text-editor\" data-id=\"9d2a5df\" data-element_type=\"widget\" data-e-type=\"widget\" data-widget_type=\"text-editor.default\">\n\t\t\t\t<div class=\"elementor-widget-container\">\n\t\t\t\t\t\t\t\t\t<p>Mientras te preparas para tu aventura, recuerda vestir c\u00f3modamente y llevar protecci\u00f3n solar, especialmente durante los meses m\u00e1s c\u00e1lidos. Lleva contigo una c\u00e1mara para capturar las fascinantes vistas y momentos que vivir\u00e1s durante el recorrido. Tanto si se trata de los intrincados detalles de un edificio de Gaud\u00ed como del animado ambiente de un bullicioso mercado, habr\u00e1 muchas oportunidades para hacer fotos. No olvides relacionarte con los lugare\u00f1os y compa\u00f1eros de viaje durante tu recorrido, ya que pueden ofrecerte ideas e historias que har\u00e1n que tu visita sea a\u00fan m\u00e1s memorable.   <\/p>\t\t\t\t\t\t\t\t<\/div>\n\t\t\t\t<\/div>\n\t\t\t\t<div class=\"elementor-element elementor-element-c03265c elementor-align-center elementor-widget__width-inherit elementor-widget elementor-widget-button\" data-id=\"c03265c\" data-element_type=\"widget\" data-e-type=\"widget\" data-widget_type=\"button.default\">\n\t\t\t\t<div class=\"elementor-widget-container\">\n\t\t\t\t\t\t\t\t\t<div class=\"elementor-button-wrapper\">\n\t\t\t\t\t<a class=\"elementor-button elementor-button-link elementor-size-sm\" href=\"https:\/\/happyrentalbike.com\/producto\/private-tours\/?wc_tour_name=customized&#038;\">\n\t\t\t\t\t\t<span class=\"elementor-button-content-wrapper\">\n\t\t\t\t\t\t\t\t\t<span class=\"elementor-button-text\">Reserva aqu\u00ed<\/span>\n\t\t\t\t\t<\/span>\n\t\t\t\t\t<\/a>\n\t\t\t\t<\/div>\n\t\t\t\t\t\t\t\t<\/div>\n\t\t\t\t<\/div>\n\t\t\t\t<div class=\"elementor-element elementor-element-5693338 elementor-widget elementor-widget-text-editor\" data-id=\"5693338\" data-element_type=\"widget\" data-e-type=\"widget\" data-widget_type=\"text-editor.default\">\n\t\t\t\t<div class=\"elementor-widget-container\">\n\t\t\t\t\t\t\t\t\t<p>Captura tus recuerdos en la Visita Personalizada a Barcelona con fotos impresionantes.<\/p>\t\t\t\t\t\t\t\t<\/div>\n\t\t\t\t<\/div>\n\t\t\t\t<div class=\"elementor-element elementor-element-94b8765 elementor-widget elementor-widget-text-editor\" data-id=\"94b8765\" data-element_type=\"widget\" data-e-type=\"widget\" data-widget_type=\"text-editor.default\">\n\t\t\t\t<div class=\"elementor-widget-container\">\n\t\t\t\t\t\t\t\t\t<p>En conclusi\u00f3n, nuestro Tour Personalizado por Barcelona es algo m\u00e1s que un paseo en bici; es una experiencia envolvente que te conecta con el coraz\u00f3n y el alma de la ciudad. Con itinerarios a medida dise\u00f1ados para adaptarse a tus preferencias, gu\u00edas expertos y un compromiso con el turismo sostenible, nos aseguramos de que tu visita a Barcelona sea inolvidable. Te invitamos a que reserves hoy mismo tu Visita Personalizada a Barcelona con nosotros y descubras la vibrante vida de Barcelona mientras recorres sus calles. \u00a1Tu aventura te espera!   <\/p>\t\t\t\t\t\t\t\t<\/div>\n\t\t\t\t<\/div>\n\t\t\t\t<div class=\"elementor-element elementor-element-3e0485e elementor-widget elementor-widget-text-editor\" data-id=\"3e0485e\" data-element_type=\"widget\" data-e-type=\"widget\" data-widget_type=\"text-editor.default\">\n\t\t\t\t<div class=\"elementor-widget-container\">\n\t\t\t\t\t\t\t\t\t<p>No te quedes sin reservar tu inolvidable Visita Personalizada a Barcelona.<\/p>\t\t\t\t\t\t\t\t<\/div>\n\t\t\t\t<\/div>\n\t\t\t\t<div class=\"elementor-element elementor-element-2bc72c7 elementor-widget elementor-widget-text-editor\" data-id=\"2bc72c7\" data-element_type=\"widget\" data-e-type=\"widget\" data-widget_type=\"text-editor.default\">\n\t\t\t\t<div class=\"elementor-widget-container\">\n\t\t\t\t\t\t\t\t\t<p>Acomp\u00e1\u00f1anos en un Tour Personalizado por Barcelona que recordar\u00e1s para siempre.<\/p>\t\t\t\t\t\t\t\t<\/div>\n\t\t\t\t<\/div>\n\t\t\t\t<div class=\"elementor-element elementor-element-2ef724e elementor-widget elementor-widget-text-editor\" data-id=\"2ef724e\" data-element_type=\"widget\" data-e-type=\"widget\" data-widget_type=\"text-editor.default\">\n\t\t\t\t<div class=\"elementor-widget-container\">\n\t\t\t\t\t\t\t\t\t<p>\u00a1Tu aventura en un Tour Personalizado por Barcelona empieza aqu\u00ed!<\/p>\t\t\t\t\t\t\t\t<\/div>\n\t\t\t\t<\/div>\n\t\t\t\t<div class=\"elementor-element elementor-element-c0fbd58 elementor-widget elementor-widget-text-editor\" data-id=\"c0fbd58\" data-element_type=\"widget\" data-e-type=\"widget\" data-widget_type=\"text-editor.default\">\n\t\t\t\t<div class=\"elementor-widget-container\">\n\t\t\t\t\t\t\t\t\t<p>Deja que el Tour Personalizado por Barcelona sea tu puerta de entrada para explorar esta hermosa ciudad.<\/p>\t\t\t\t\t\t\t\t<\/div>\n\t\t\t\t<\/div>\n\t\t\t\t<div class=\"elementor-element elementor-element-a700089 elementor-widget elementor-widget-text-editor\" data-id=\"a700089\" data-element_type=\"widget\" data-e-type=\"widget\" data-widget_type=\"text-editor.default\">\n\t\t\t\t<div class=\"elementor-widget-container\">\n\t\t\t\t\t\t\t\t\t<p>Vive la vibrante cultura con nuestro Tour Personalizado por Barcelona.<\/p>\t\t\t\t\t\t\t\t<\/div>\n\t\t\t\t<\/div>\n\t\t\t\t<div class=\"elementor-element elementor-element-9911cdf elementor-widget elementor-widget-text-editor\" data-id=\"9911cdf\" data-element_type=\"widget\" data-e-type=\"widget\" data-widget_type=\"text-editor.default\">\n\t\t\t\t<div class=\"elementor-widget-container\">\n\t\t\t\t\t\t\t\t\t<p>Nuestro Tour Barcelona a Medida est\u00e1 hecho a tu medida.<\/p>\t\t\t\t\t\t\t\t<\/div>\n\t\t\t\t<\/div>\n\t\t\t\t<div class=\"elementor-element elementor-element-2cbc110 elementor-align-center elementor-widget__width-inherit elementor-widget elementor-widget-button\" data-id=\"2cbc110\" data-element_type=\"widget\" data-e-type=\"widget\" data-widget_type=\"button.default\">\n\t\t\t\t<div class=\"elementor-widget-container\">\n\t\t\t\t\t\t\t\t\t<div class=\"elementor-button-wrapper\">\n\t\t\t\t\t<a class=\"elementor-button elementor-button-link elementor-size-sm\" href=\"https:\/\/happyrentalbike.com\/producto\/private-tours\/?wc_tour_name=customized&#038;\">\n\t\t\t\t\t\t<span class=\"elementor-button-content-wrapper\">\n\t\t\t\t\t\t\t\t\t<span class=\"elementor-button-text\">Reserva aqu\u00ed<\/span>\n\t\t\t\t\t<\/span>\n\t\t\t\t\t<\/a>\n\t\t\t\t<\/div>\n\t\t\t\t\t\t\t\t<\/div>\n\t\t\t\t<\/div>\n\t\t\t\t<\/div>\n\t\t\t\t<\/div>\n\t\t\t\t\t<\/div>\n\t\t\t\t<\/div>\n\t\t<div class=\"elementor-element elementor-element-33be7f7 e-flex e-con-boxed e-con e-parent\" data-id=\"33be7f7\" data-element_type=\"container\" data-e-type=\"container\">\n\t\t\t\t\t<div class=\"e-con-inner\">\n\t\t\t\t<div class=\"elementor-element elementor-element-47b36d9 elementor-widget elementor-widget-spacer\" data-id=\"47b36d9\" data-element_type=\"widget\" data-e-type=\"widget\" data-widget_type=\"spacer.default\">\n\t\t\t\t<div class=\"elementor-widget-container\">\n\t\t\t\t\t\t\t<div class=\"elementor-spacer\">\n\t\t\t<div class=\"elementor-spacer-inner\"><\/div>\n\t\t<\/div>\n\t\t\t\t\t\t<\/div>\n\t\t\t\t<\/div>\n\t\t\t\t\t<\/div>\n\t\t\t\t<\/div>\n\t\t\t\t<\/div>\n\t\t","protected":false},"excerpt":{"rendered":"<p>Vive Barcelona a tu manera: Explora la Magia de la Ciudad Happy Rental Bike Barcelona Tour Personalizado: Tu viaje \u00fanico te espera Descubre Barcelona a trav\u00e9s de nuestros paseos en bicicleta &#8221;Tours&#8221;: est\u00e1n meticulosamente planificados para adaptarse a tus preferencias. Ofrecemos una amplia gama de itinerarios y puntos de inter\u00e9s para garantizar que tu experiencia&hellip;<\/p>\n","protected":false},"author":1,"featured_media":0,"parent":0,"menu_order":50,"comment_status":"closed","ping_status":"closed","template":"","meta":{"_joinchat":[],"footnotes":""},"class_list":["post-5735","page","type-page","status-publish","hentry"],"_links":{"self":[{"href":"https:\/\/happyrentalbike.com\/es\/wp-json\/wp\/v2\/pages\/5735","targetHints":{"allow":["GET"]}}],"collection":[{"href":"https:\/\/happyrentalbike.com\/es\/wp-json\/wp\/v2\/pages"}],"about":[{"href":"https:\/\/happyrentalbike.com\/es\/wp-json\/wp\/v2\/types\/page"}],"author":[{"embeddable":true,"href":"https:\/\/happyrentalbike.com\/es\/wp-json\/wp\/v2\/users\/1"}],"replies":[{"embeddable":true,"href":"https:\/\/happyrentalbike.com\/es\/wp-json\/wp\/v2\/comments?post=5735"}],"version-history":[{"count":5,"href":"https:\/\/happyrentalbike.com\/es\/wp-json\/wp\/v2\/pages\/5735\/revisions"}],"predecessor-version":[{"id":6150,"href":"https:\/\/happyrentalbike.com\/es\/wp-json\/wp\/v2\/pages\/5735\/revisions\/6150"}],"wp:attachment":[{"href":"https:\/\/happyrentalbike.com\/es\/wp-json\/wp\/v2\/media?parent=5735"}],"curies":[{"name":"wp","href":"https:\/\/api.w.org\/{rel}","templated":true}]}}