{"id":4889,"date":"2025-05-29T12:18:54","date_gmt":"2025-05-29T12:18:54","guid":{"rendered":"https:\/\/happyrentalbike.com\/practicas-en-barcelona\/"},"modified":"2025-07-16T10:12:54","modified_gmt":"2025-07-16T10:12:54","slug":"practicas-en-barcelona","status":"publish","type":"page","link":"https:\/\/happyrentalbike.com\/es\/practicas-en-barcelona\/","title":{"rendered":"Pr\u00e1cticas en Barcelona"},"content":{"rendered":"\t\t<div data-elementor-type=\"wp-page\" data-elementor-id=\"4889\" class=\"elementor elementor-4889 elementor-4197\" data-elementor-post-type=\"page\">\n\t\t\t\t<div class=\"elementor-element elementor-element-302edf2 e-flex e-con-boxed e-con e-parent\" data-id=\"302edf2\" data-element_type=\"container\" data-e-type=\"container\">\n\t\t\t\t\t<div class=\"e-con-inner\">\n\t\t\t\t<div class=\"elementor-element elementor-element-76c5f7d elementor-widget elementor-widget-spacer\" data-id=\"76c5f7d\" data-element_type=\"widget\" data-e-type=\"widget\" data-widget_type=\"spacer.default\">\n\t\t\t\t<div class=\"elementor-widget-container\">\n\t\t\t\t\t\t\t<div class=\"elementor-spacer\">\n\t\t\t<div class=\"elementor-spacer-inner\"><\/div>\n\t\t<\/div>\n\t\t\t\t\t\t<\/div>\n\t\t\t\t<\/div>\n\t\t\t\t<div class=\"elementor-element elementor-element-7ef80c0 elementor-widget elementor-widget-image\" data-id=\"7ef80c0\" data-element_type=\"widget\" data-e-type=\"widget\" data-widget_type=\"image.default\">\n\t\t\t\t<div class=\"elementor-widget-container\">\n\t\t\t\t\t\t\t\t\t\t\t\t\t\t\t<img fetchpriority=\"high\" decoding=\"async\" width=\"876\" height=\"282\" src=\"https:\/\/happyrentalbike.com\/hrb\/wp-content\/uploads\/2025\/05\/barcelona-internship.webp\" class=\"attachment-large size-large wp-image-4792\" alt=\"\" srcset=\"https:\/\/happyrentalbike.com\/hrb\/wp-content\/uploads\/2025\/05\/barcelona-internship.webp 876w, https:\/\/happyrentalbike.com\/hrb\/wp-content\/uploads\/2025\/05\/barcelona-internship-300x97.webp 300w, https:\/\/happyrentalbike.com\/hrb\/wp-content\/uploads\/2025\/05\/barcelona-internship-768x247.webp 768w\" sizes=\"(max-width: 876px) 100vw, 876px\" \/>\t\t\t\t\t\t\t\t\t\t\t\t\t\t\t<\/div>\n\t\t\t\t<\/div>\n\t\t\t\t<div class=\"elementor-element elementor-element-13148f1 elementor-widget elementor-widget-spacer\" data-id=\"13148f1\" data-element_type=\"widget\" data-e-type=\"widget\" data-widget_type=\"spacer.default\">\n\t\t\t\t<div class=\"elementor-widget-container\">\n\t\t\t\t\t\t\t<div class=\"elementor-spacer\">\n\t\t\t<div class=\"elementor-spacer-inner\"><\/div>\n\t\t<\/div>\n\t\t\t\t\t\t<\/div>\n\t\t\t\t<\/div>\n\t\t\t\t<div class=\"elementor-element elementor-element-4b37c43 elementor-widget elementor-widget-heading\" data-id=\"4b37c43\" data-element_type=\"widget\" data-e-type=\"widget\" data-widget_type=\"heading.default\">\n\t\t\t\t<div class=\"elementor-widget-container\">\n\t\t\t\t\t<h3 class=\"elementor-heading-title elementor-size-default\">\u00bfBuscas unas pr\u00e1cticas en Barcelona?<\/h3>\t\t\t\t<\/div>\n\t\t\t\t<\/div>\n\t\t\t\t<div class=\"elementor-element elementor-element-e124f25 elementor-widget elementor-widget-text-editor\" data-id=\"e124f25\" data-element_type=\"widget\" data-e-type=\"widget\" data-widget_type=\"text-editor.default\">\n\t\t\t\t<div class=\"elementor-widget-container\">\n\t\t\t\t\t\t\t\t\t<p>Happy Rental Bike Barcelona ofrece pr\u00e1cticas a estudiantes durante todo el a\u00f1o. Si cumples los criterios b\u00e1sicos (ver m\u00e1s abajo), ponte en contacto con nosotros y te enviaremos los detalles de la solicitud. <\/p><h4>Requisitos b\u00e1sicos del candidato:<\/h4><p>&#8211; Tienes que ser estudiante, con residencia en la U.E., actualmente matriculado en un curso universitario o de ense\u00f1anza superior.<br>&#8211; Nivel alto de ingl\u00e9s (idioma de la empresa), y espa\u00f1ol (b\u00e1sico) Italiano, franc\u00e9s, alem\u00e1n o ruso es una ventaja<br>&#8211; Permiso de conducir v\u00e1lido, en vigor y limpio<br>&#8211; Pr\u00e1cticas de un m\u00ednimo de 4 meses<\/p><h4>Acuerdo Universitario:<\/h4><p>Tu Instituci\u00f3n Acad\u00e9mica DEBE cubrirte con un convenio de pr\u00e1cticas para toda la duraci\u00f3n de las pr\u00e1cticas. Animamos a los estudiantes con becas europeas como Leonardo, Erasmus, Euro Odysee, Erasmus para J\u00f3venes Emprendedores u otros programas a que las soliciten y te ayudaremos a rellenar todos los formularios necesarios para solicitar dichas becas. <\/p><h4>Condiciones b\u00e1sicas de las pr\u00e1cticas:<\/h4><ul><li>40 horas semanales<\/li><li>2 d\u00edas libres cada 7<\/li><li>1 d\u00eda extra de vacaciones por mes trabajado<\/li><li>150\u20ac al mes + primas<\/li><\/ul><p>Aunque somos una empresa de turismo, aceptamos solicitudes de todas las \u00e1reas de estudio.<\/p><p>As\u00ed que si quieres recibir m\u00e1s informaci\u00f3n sobre c\u00f3mo realizar unas pr\u00e1cticas en Barcelona con nosotros en Happy Rental Bike. Env\u00edanos un correo electr\u00f3nico a tienda@happyrentalbike.com. <\/p><p> <\/p>\t\t\t\t\t\t\t\t<\/div>\n\t\t\t\t<\/div>\n\t\t\t\t<div class=\"elementor-element elementor-element-86cc966 elementor-widget elementor-widget-spacer\" data-id=\"86cc966\" data-element_type=\"widget\" data-e-type=\"widget\" data-widget_type=\"spacer.default\">\n\t\t\t\t<div class=\"elementor-widget-container\">\n\t\t\t\t\t\t\t<div class=\"elementor-spacer\">\n\t\t\t<div class=\"elementor-spacer-inner\"><\/div>\n\t\t<\/div>\n\t\t\t\t\t\t<\/div>\n\t\t\t\t<\/div>\n\t\t\t\t\t<\/div>\n\t\t\t\t<\/div>\n\t\t\t\t<\/div>\n\t\t","protected":false},"excerpt":{"rendered":"<p>\u00bfBuscas unas pr\u00e1cticas en Barcelona? Happy Rental Bike Barcelona ofrece pr\u00e1cticas a estudiantes durante todo el a\u00f1o. Si cumples los criterios b\u00e1sicos (ver m\u00e1s abajo), ponte en contacto con nosotros y te enviaremos los detalles de la solicitud. Requisitos b\u00e1sicos del candidato: &#8211; Tienes que ser estudiante, con residencia en la U.E., actualmente matriculado en&hellip;<\/p>\n","protected":false},"author":1,"featured_media":0,"parent":0,"menu_order":180,"comment_status":"closed","ping_status":"closed","template":"","meta":{"_joinchat":[],"footnotes":""},"class_list":["post-4889","page","type-page","status-publish","hentry"],"_links":{"self":[{"href":"https:\/\/happyrentalbike.com\/es\/wp-json\/wp\/v2\/pages\/4889","targetHints":{"allow":["GET"]}}],"collection":[{"href":"https:\/\/happyrentalbike.com\/es\/wp-json\/wp\/v2\/pages"}],"about":[{"href":"https:\/\/happyrentalbike.com\/es\/wp-json\/wp\/v2\/types\/page"}],"author":[{"embeddable":true,"href":"https:\/\/happyrentalbike.com\/es\/wp-json\/wp\/v2\/users\/1"}],"replies":[{"embeddable":true,"href":"https:\/\/happyrentalbike.com\/es\/wp-json\/wp\/v2\/comments?post=4889"}],"version-history":[{"count":1,"href":"https:\/\/happyrentalbike.com\/es\/wp-json\/wp\/v2\/pages\/4889\/revisions"}],"predecessor-version":[{"id":4890,"href":"https:\/\/happyrentalbike.com\/es\/wp-json\/wp\/v2\/pages\/4889\/revisions\/4890"}],"wp:attachment":[{"href":"https:\/\/happyrentalbike.com\/es\/wp-json\/wp\/v2\/media?parent=4889"}],"curies":[{"name":"wp","href":"https:\/\/api.w.org\/{rel}","templated":true}]}}